{"id":14857,"date":"2022-10-04T07:59:01","date_gmt":"2022-10-04T07:59:01","guid":{"rendered":"https:\/\/witan-posadzki.pl\/?page_id=14857"},"modified":"2025-02-12T12:20:47","modified_gmt":"2025-02-12T10:20:47","slug":"posadzki-przemyslowe","status":"publish","type":"page","link":"https:\/\/witan-posadzki.pl\/de\/posadzki-przemyslowe\/","title":{"rendered":"Posadzki przemys\u0142owe i anhydrytowe &#8211; \u015bl\u0105sk, ma\u0142opolska"},"content":{"rendered":"<div class=\"vc_row wpb_row vc_row-fluid\"><div class=\"wpb_column vc_column_container vc_col-sm-12\"><div class=\"vc_column-inner\"><div class=\"wpb_wrapper\">\n\t<div class=\"wpb_text_column wpb_content_element\" >\n\t\t<div class=\"wpb_wrapper\">\n\t\t\t<h2><strong>Posadzki przemys\u0142owe i anhydrytowe &#8211; \u015bl\u0105sk, ma\u0142opolska &#8211; szybkie i trwa\u0142e wykonanie!<\/strong><\/h2>\n<p><strong>Posadzki przemys\u0142owe<\/strong> to specjalnie zaprojektowane i wykonane powierzchnie pod\u0142ogowe, kt\u00f3re znajduj\u0105 zastosowanie w r\u00f3\u017cnych obiektach przemys\u0142owych, takich jak fabryki, magazyny, warsztaty czy hale produkcyjne. S\u0105 one kluczowym elementem ka\u017cdego obiektu przemys\u0142owego i musz\u0105 spe\u0142nia\u0107 wiele wymog\u00f3w, aby sprosta\u0107 wyj\u0105tkowym warunkom, w kt\u00f3rych s\u0105 eksploatowane. Posadzki przemys\u0142owe zaliczaj\u0105 si\u0119 do jednych z najbardziej wytrzyma\u0142ych rozwi\u0105za\u0144 dost\u0119pnych na rynku \u2013 dlatego ciesz\u0105 si\u0119 swoj\u0105 popularno\u015bci\u0105 wsz\u0119dzie tam, gdzie wytrzyma\u0142o\u015b\u0107 i dobry wygl\u0105d posadzki jest na pierwszym miejscu.<\/p>\n<p>Stosowane s\u0105 w obiektach <strong>s\u0142u\u017cby zdrowia, obiektach sportowych, parkingach i hangarach, w przemy\u015ble farmaceutycznym, zak\u0142adach przetw\u00f3rstwa spo\u017cywczego, zak\u0142adach produkcyjnych i przemy\u015ble chemicznym.<\/strong><\/p>\n\n\t\t<\/div>\n\t<\/div>\n\n\t<div class=\"wpb_text_column wpb_content_element\" >\n\t\t<div class=\"wpb_wrapper\">\n\t\t\t<blockquote>\n<p style=\"text-align: center;\"><strong>Ofert\u0119 prze\u015blemy w przeci\u0105gu 24h! Zapytania ofertowe, prosimy kierowa\u0107 na adres mail: <a href=\"mailto:bok@witan-posadzki.pl\">bok@witan-posadzki.pl<\/a><\/strong><\/p>\n<p style=\"text-align: center;\"><a href=\"https:\/\/witan-posadzki.pl\/de\/kontakt\/\">Skontaktuj si\u0119 z nami!<\/a><\/p>\n<\/blockquote>\n\n\t\t<\/div>\n\t<\/div>\n\n\t<div class=\"wpb_text_column wpb_content_element\" >\n\t\t<div class=\"wpb_wrapper\">\n\t\t\t<p>W naszej ofercie, znajd\u0105 Pa\u0144stwo us\u0142ugi zwi\u0105zane z wykonaniem posadzek przemys\u0142owych. Posiadamy zaawansowany sprz\u0119t, umo\u017cliwiaj\u0105cy szybk\u0105 i skuteczn\u0105 prac\u0119 oraz dysponujemy w\u0142asn\u0105 do\u015bwiadczon\u0105 i wykwalifikowan\u0105 ekip\u0105 instalatorsk\u0105.<\/p>\n<p>Wykonujemy m.in.:<\/p>\n<ul>\n<li>Posadzki przemys\u0142owe utwardzane powierzchniowo<\/li>\n<li>Posadzki przemys\u0142owe w dowolnym kolorze<\/li>\n<li>Dylatacje<\/li>\n<li>Wykonane posadzki przemys\u0142owej na warstwie szczepnej<\/li>\n<li>Jastrychy cementowe<\/li>\n<li>Posadzki przemys\u0142owe zbrojone siatkami<\/li>\n<li>Posadzki przemys\u0142owe z w\u0142\u00f3knami stalowymi<\/li>\n<li>Posadzki przemys\u0142owe utwardzane powierzchniowo metod\u0105 \u201emokre na mokre\u201d<\/li>\n<li>Posadzki przemys\u0142owe o wysokiej tolerancji wykonania (zgodne z TR34 lub DIN 15185)<\/li>\n<li>Betonowe nawierzchnie plac\u00f3w manewrowych i dr\u00f3g dojazdowych<\/li>\n<li>Betonowe podk\u0142ady pod p\u0142ytki, wyk\u0142adziny, posadzki epoksydowe i poliuretanowe<a href=\"https:\/\/witan.site\/\">i wiele wi\u0119cej<\/a><\/li>\n<\/ul>\n<p>&nbsp;<\/p>\n<p>Po instalacji posadzki przemys\u0142owej, nale\u017cy pami\u0119ta\u0107 o jej odpowiednim zabezpieczeniu.<\/p>\n\n\t\t<\/div>\n\t<\/div>\n\n\t<div  class=\"wpb_single_image wpb_content_element vc_align_left\">\n\t\t\n\t\t<figure class=\"wpb_wrapper vc_figure\">\n\t\t\t<div class=\"vc_single_image-wrapper   vc_box_border_grey\"><img fetchpriority=\"high\" decoding=\"async\" width=\"2000\" height=\"750\" src=\"https:\/\/witan-posadzki.pl\/wp-content\/uploads\/2022\/10\/beton2.jpg\" class=\"vc_single_image-img attachment-full\" alt=\"\" srcset=\"https:\/\/witan-posadzki.pl\/wp-content\/uploads\/2022\/10\/beton2.jpg 2000w, https:\/\/witan-posadzki.pl\/wp-content\/uploads\/2022\/10\/beton2-300x113.jpg 300w, https:\/\/witan-posadzki.pl\/wp-content\/uploads\/2022\/10\/beton2-1024x384.jpg 1024w, https:\/\/witan-posadzki.pl\/wp-content\/uploads\/2022\/10\/beton2-768x288.jpg 768w, https:\/\/witan-posadzki.pl\/wp-content\/uploads\/2022\/10\/beton2-1536x576.jpg 1536w\" sizes=\"(max-width: 2000px) 100vw, 2000px\" \/><\/div>\n\t\t<\/figure>\n\t<\/div>\n<div class=\"vc_separator wpb_content_element vc_separator_align_center vc_sep_width_100 vc_sep_pos_align_center vc_separator_no_text\" ><span class=\"vc_sep_holder vc_sep_holder_l\"><span  style=\"border-color:#dd1313;\" class=\"vc_sep_line\"><\/span><\/span><span class=\"vc_sep_holder vc_sep_holder_r\"><span  style=\"border-color:#dd1313;\" class=\"vc_sep_line\"><\/span><\/span>\n<\/div>\n\t<div class=\"wpb_text_column wpb_content_element\" >\n\t\t<div class=\"wpb_wrapper\">\n\t\t\t<h2><strong>Posadzki przemys\u0142owe betonowe<\/strong><\/h2>\n<p>Stosowane s\u0105 w obiektach <strong>magazynowych, logistycznych sklepach i fabrykach.<\/strong> Wykonujemy posadzki betonowe, kt\u00f3re gwarantuj\u0105 wysok\u0105 jako\u015b\u0107 i trwa\u0142o\u015b\u0107. S\u0105 odporne na dzia\u0142anie czynnik\u00f3w \u015brodowiskowych \u2013 a to tylko jedna z wielu zalet.<\/p>\n<h2><strong>Jakie s\u0105 zalety posadzek betonowych?<\/strong><\/h2>\n<ul>\n<li>Znoszenie du\u017cych obci\u0105\u017ce\u0144<\/li>\n<li>Odporno\u015b\u0107 na wilgo\u0107, smary i \u015brodki chemiczne<\/li>\n<li>Pod\u0142o\u017ce dla w\u00f3zk\u00f3w wid\u0142owych<\/li>\n<li>Posadzka tworzy jednolit\u0105 powierzchni\u0119 i struktur\u0119, co zmniejsza problem zbierania si\u0119 wody i zanieczyszcze\u0144<\/li>\n<\/ul>\n<p>&nbsp;<\/p>\n<p><strong>Wykonujemy posadzki betonowe i wylewki w kilku wariantach. Nasza oferta obejmuje:<\/strong><\/p>\n<ul>\n<li>posadzki utwardzone powierzchniowo technik\u0105 suchej posypki<\/li>\n<li>posadzki zatarte na ostro, g\u0142adko i &#8222;miote\u0142kowane&#8221;<\/li>\n<li>wylewki betonowe pod pow\u0142oki \u017cywiczne, gres, inne posadzki<\/li>\n<li>podbudowy betonowe<\/li>\n<li>posadzki cienkopow\u0142okowe i cienkowarstwowe<\/li>\n<li>renowacj\u0119 posadzek betonowych (szlifowanie i zabezpieczenie)<\/li>\n<\/ul>\n\n\t\t<\/div>\n\t<\/div>\n<\/div><\/div><\/div><\/div><div class=\"vc_row wpb_row vc_row-fluid\"><div class=\"wpb_column vc_column_container vc_col-sm-12\"><div class=\"vc_column-inner\"><div class=\"wpb_wrapper\"><div class=\"vc_separator wpb_content_element vc_separator_align_center vc_sep_width_100 vc_sep_pos_align_center vc_separator_no_text\" ><span class=\"vc_sep_holder vc_sep_holder_l\"><span  style=\"border-color:#c4c4c4;\" class=\"vc_sep_line\"><\/span><\/span><span class=\"vc_sep_holder vc_sep_holder_r\"><span  style=\"border-color:#c4c4c4;\" class=\"vc_sep_line\"><\/span><\/span>\n<\/div>\n\t<div class=\"wpb_text_column wpb_content_element\" >\n\t\t<div class=\"wpb_wrapper\">\n\t\t\t<p><strong>Stosujemy profesjonaln\u0105 technologi\u0119, kt\u00f3ra umo\u017cliwia dopasowanie si\u0119 do wi\u0119kszo\u015bci warunk\u00f3w. Do ka\u017cdego zlecenia staramy si\u0119 podchodzi\u0107 mo\u017cliwie indywidualnie, aby jak najlepiej odpowiedzie\u0107 na potrzeby naszych Klient\u00f3w.<\/strong><\/p>\n<p>Je\u015bli maj\u0105 Pa\u0144stwo pytania zwi\u0105zane z wykonaniem posadzki betonowej, prosimy o kontakt. Ch\u0119tnie odpowiemy na ka\u017cde pytanie, ponadto zach\u0119camy do sprawdzenia wszystkich szczeg\u00f3\u0142\u00f3w dotycz\u0105cych naszej oferty innych us\u0142ug.<\/p>\n\n\t\t<\/div>\n\t<\/div>\n<\/div><\/div><\/div><\/div><div class=\"vc_row wpb_row vc_row-fluid\"><div class=\"wpb_column vc_column_container vc_col-sm-12\"><div class=\"vc_column-inner\"><div class=\"wpb_wrapper\">\n\t<div class=\"wpb_text_column wpb_content_element\" >\n\t\t<div class=\"wpb_wrapper\">\n\t\t\t<p>Naszym klientom zapewniamy:<\/p>\n<ul>\n<li>Dobranie przez nas w\u0142a\u015bciwej technologii, gwarantuj\u0105c\u0105 trwa\u0142o\u015b\u0107 posadzki<\/li>\n<li>Stosowanie atestowanych materia\u0142\u00f3w najwy\u017cszej jako\u015bci<\/li>\n<li>Profesjonalne wykonawstwo<\/li>\n<li>Wsparcie w okresie gwarancji i po jej zako\u0144czeniu<\/li>\n<\/ul>\n<p>&nbsp;<\/p>\n<p><strong>Przy odbiorze posadzki wystawiamy komplet dokument\u00f3w zawieraj\u0105cych instrukcj\u0119 u\u017cytkowania instalowanej posadzki oraz specyfikacj\u0119 wykorzystanego przy realizacji posadzki materia\u0142u.<\/strong><\/p>\n\n\t\t<\/div>\n\t<\/div>\n\n\t<div  class=\"wpb_single_image wpb_content_element vc_align_center\">\n\t\t\n\t\t<figure class=\"wpb_wrapper vc_figure\">\n\t\t\t<div class=\"vc_single_image-wrapper   vc_box_border_grey\"><img decoding=\"async\" width=\"2016\" height=\"756\" src=\"https:\/\/witan-posadzki.pl\/wp-content\/uploads\/2022\/10\/beton-1.jpg\" class=\"vc_single_image-img attachment-full\" alt=\"Posadzki przemys\u0142owe\" srcset=\"https:\/\/witan-posadzki.pl\/wp-content\/uploads\/2022\/10\/beton-1.jpg 2016w, https:\/\/witan-posadzki.pl\/wp-content\/uploads\/2022\/10\/beton-1-300x113.jpg 300w, https:\/\/witan-posadzki.pl\/wp-content\/uploads\/2022\/10\/beton-1-1024x384.jpg 1024w, https:\/\/witan-posadzki.pl\/wp-content\/uploads\/2022\/10\/beton-1-768x288.jpg 768w, https:\/\/witan-posadzki.pl\/wp-content\/uploads\/2022\/10\/beton-1-1536x576.jpg 1536w\" sizes=\"(max-width: 2016px) 100vw, 2016px\" \/><\/div>\n\t\t<\/figure>\n\t<\/div>\n<div class=\"vc_separator wpb_content_element vc_separator_align_center vc_sep_width_100 vc_sep_pos_align_center vc_separator_no_text\" ><span class=\"vc_sep_holder vc_sep_holder_l\"><span  style=\"border-color:#dd1313;\" class=\"vc_sep_line\"><\/span><\/span><span class=\"vc_sep_holder vc_sep_holder_r\"><span  style=\"border-color:#dd1313;\" class=\"vc_sep_line\"><\/span><\/span>\n<\/div>\n\t<div class=\"wpb_text_column wpb_content_element\" >\n\t\t<div class=\"wpb_wrapper\">\n\t\t\t<h2><strong>Renowacja posadzki przemys\u0142owej<\/strong><\/h2>\n<p>Renowacja betonu to proces odnowy i naprawy powierzchni betonowych, kt\u00f3re uleg\u0142y uszkodzeniu czy zu\u017cyciu. Jest to kluczowa technika utrzymania d\u0142ugowieczno\u015bci i funkcjonalno\u015bci betonu, zar\u00f3wno w pomieszczeniach, jak i na zewn\u0105trz.<\/p>\n<p>Renowacja betonu obejmuje szereg dzia\u0142a\u0144, takich jak usuni\u0119cie uszkodzonych i niew\u0142a\u015bciwych materia\u0142\u00f3w, naprawa p\u0119kni\u0119\u0107 i ubytk\u00f3w, a tak\u017ce zastosowanie odpowiednich technik wyko\u0144czeniowych, takich jak polerowanie czy malowanie. Mog\u0105 to by\u0107 zar\u00f3wno drobne naprawy, jak i kompleksowa rekonstrukcja. Renowacj\u0119 betonu warto rozwa\u017cy\u0107, gdy zauwa\u017cymy widoczne p\u0119kni\u0119cia, ubytki, zniszczenia spowodowane korozj\u0105, erozj\u0105 czy \u015bcieraniem. Takie symptomy mog\u0105 \u015bwiadczy\u0107 o s\u0142abn\u0105cej wytrzyma\u0142o\u015bci betonu i grozi\u0107 dalszym pogorszeniem jego stanu.<\/p>\n<h6><strong>Jak odnowi\u0107 posadzk\u0119 przemys\u0142ow\u0105?<\/strong><\/h6>\n<p>Do czynno\u015bci renowacyjnych zalicza si\u0119 m.in. \u2013 szlifowanie, naprawa p\u0119kni\u0119\u0107, iniekcja rys i zszywanie powsta\u0142ych p\u0119kni\u0119\u0107, wype\u0142nienie ubytk\u00f3w, wymiana fragmentu posadzki, wykonanie ca\u0142ej p\u0142yty lub nowej wierzchniej warstwy betonu, zabezpieczenie posadzki.<\/p>\n<h6><strong>Jak odnowi\u0107 stara posadzk\u0119 betonow\u0105?<\/strong><\/h6>\n<p>G\u0142\u00f3wnie poprzez szlifowanie, uzupe\u0142nienie ubytk\u00f3w i zabezpieczenie posadzki za pomoc\u0105 np. \u015brodk\u00f3w na bezie krzemianu litu. Wsi\u0105ka on w g\u0142\u0105b posadzki, dog\u0142\u0119bnie j\u0105 zabezpiecza i ochrania przed wod\u0105 i innymi substancjami, kt\u00f3re w przypadku braku zabezpieczenia szybko i czasem nieodwracalnie wnikn\u0105 w struktur\u0119 posadzki przemys\u0142owej.<\/p>\n<p><strong>Firma WITAN Centrum Pod\u0142\u00f3g, specjalizuj\u0119 si\u0119 w renowacji i wykonaniu nowych warstw posadzki przemys\u0142owej. Od przygotowania pod\u0142o\u017ca po jego zabezpieczenie.<\/strong><\/p>\n\n\t\t<\/div>\n\t<\/div>\n<\/div><\/div><\/div><\/div><div class=\"vc_row wpb_row vc_row-fluid\"><div class=\"wpb_column vc_column_container vc_col-sm-12\"><div class=\"vc_column-inner\"><div class=\"wpb_wrapper\">\n\t<div  class=\"wpb_single_image wpb_content_element vc_align_left\">\n\t\t\n\t\t<figure class=\"wpb_wrapper vc_figure\">\n\t\t\t<div class=\"vc_single_image-wrapper   vc_box_border_grey\"><img decoding=\"async\" width=\"1894\" height=\"710\" src=\"https:\/\/witan-posadzki.pl\/wp-content\/uploads\/2022\/10\/beton-3.jpg\" class=\"vc_single_image-img attachment-full\" alt=\"Posadzki przemys\u0142owe 1\" srcset=\"https:\/\/witan-posadzki.pl\/wp-content\/uploads\/2022\/10\/beton-3.jpg 1894w, https:\/\/witan-posadzki.pl\/wp-content\/uploads\/2022\/10\/beton-3-300x112.jpg 300w, https:\/\/witan-posadzki.pl\/wp-content\/uploads\/2022\/10\/beton-3-1024x384.jpg 1024w, https:\/\/witan-posadzki.pl\/wp-content\/uploads\/2022\/10\/beton-3-768x288.jpg 768w, https:\/\/witan-posadzki.pl\/wp-content\/uploads\/2022\/10\/beton-3-1536x576.jpg 1536w\" sizes=\"(max-width: 1894px) 100vw, 1894px\" \/><\/div>\n\t\t<\/figure>\n\t<\/div>\n<\/div><\/div><\/div><\/div><div class=\"vc_row wpb_row vc_row-fluid\"><div class=\"wpb_column vc_column_container vc_col-sm-12\"><div class=\"vc_column-inner\"><div class=\"wpb_wrapper\">\n\t<div class=\"wpb_text_column wpb_content_element\" >\n\t\t<div class=\"wpb_wrapper\">\n\t\t\t<h2 data-pm-slice=\"1 1 &#091;&#093;\"><strong>Impregnacja posadzki betonowej<\/strong><\/h2>\n<p>Impregnacja betonu to proces, kt\u00f3ry polega na zastosowaniu specjalnej substancji chemicznej, w celu zwi\u0119kszenia odporno\u015bci betonu na dzia\u0142anie r\u00f3\u017cnych czynnik\u00f3w, takich jak woda, substancje chemiczne, soli od\u015bnie\u017caj\u0105ce czy \u015bcieranie. Ta technologia jest niezb\u0119dna, by zapewni\u0107 betonowi wy\u017csz\u0105 wytrzyma\u0142o\u015b\u0107 i przed\u0142u\u017cy\u0107 jego \u017cywotno\u015b\u0107.<\/p>\n<p>Impregnacja betonu zwykle wykonuje si\u0119 za pomoc\u0105 specjalnych \u015brodk\u00f3w hydrofobowych, kt\u00f3re wnikaj\u0105 w struktur\u0119 betonu i tworz\u0105 na jego powierzchni odporne na wod\u0119 warstwy. Proces ten nie tylko zapobiega przenikaniu wody do wn\u0119trza betonu, ale tak\u017ce zabezpiecza go przed korozj\u0105, plamami czy ple\u015bni\u0105.<\/p>\n<h2><strong>Impregnacja i konserwacja posadzki betonowej \u2013 zastosowanie<\/strong><\/h2>\n<p>Impregnacja betonu mo\u017ce zosta\u0107 zastosowana w r\u00f3\u017cnych pomieszczeniach, takich jak gara\u017ce i warsztaty, gdzie beton jest nara\u017cony na dzia\u0142anie olej\u00f3w i chemikali\u00f3w, pomieszczenia przemys\u0142owe, kt\u00f3re wymagaj\u0105 ochrony przed uszkodzeniami mechanicznymi i chemicznymi, tarasy i balkony, aby chroni\u0107 beton przed dzia\u0142aniem wody i zmianami temperatury, \u0142azienki i baseny, gdzie istnieje potrzeba ochrony przed wilgoci\u0105, oraz w infrastrukturze drogowej, takiej jak drogi i mosty, gdzie impregnacja betonu jest stosowana do ochrony przed uszkodzeniami spowodowanymi przez s\u00f3l, wod\u0119 i \u015bcieranie.<\/p>\n\n\t\t<\/div>\n\t<\/div>\n<div class=\"vc_separator wpb_content_element vc_separator_align_center vc_sep_width_100 vc_sep_pos_align_center vc_separator_no_text\" ><span class=\"vc_sep_holder vc_sep_holder_l\"><span  style=\"border-color:#dd1313;\" class=\"vc_sep_line\"><\/span><\/span><span class=\"vc_sep_holder vc_sep_holder_r\"><span  style=\"border-color:#dd1313;\" class=\"vc_sep_line\"><\/span><\/span>\n<\/div><\/div><\/div><\/div><\/div><div class=\"vc_row wpb_row vc_row-fluid\"><div class=\"wpb_column vc_column_container vc_col-sm-12\"><div class=\"vc_column-inner\"><div class=\"wpb_wrapper\">\n\t<div class=\"wpb_text_column wpb_content_element\" >\n\t\t<div class=\"wpb_wrapper\">\n\t\t\t<h2 data-pm-slice=\"1 1 &#091;&#093;\"><strong>Polerowanie betonu \u2013 posadzka betonowa w\u0142a\u015bciwo\u015bci betonu polerowanego<\/strong><\/h2>\n<p>Polerowanie betonu to technika wyko\u0144czeniowa, dzi\u0119ki kt\u00f3rej powierzchnia betonu staje si\u0119 g\u0142adka, estetyczna i trwa\u0142a. Technika ta pozwala na uzyskanie eleganckiego i nowoczesnego wygl\u0105du, kt\u00f3ry w ostatnich latach zdobywa coraz wi\u0119ksz\u0105 popularno\u015b\u0107 w architekturze wn\u0119trz i budownictwie. Poprzez polerowanie, powierzchnia betonu staje si\u0119 nie tylko g\u0142adka, ale mo\u017ce r\u00f3wnie\u017c uzyska\u0107 po\u0142ysk w zale\u017cno\u015bci od stopnia wyko\u0144czenia.<\/p>\n<h2><strong>Wygl\u0105d polerowanej posadzki betonowej<\/strong><\/h2>\n<p>Beton polerowany charakteryzuje si\u0119 g\u0142adk\u0105 i cz\u0119sto l\u015bni\u0105c\u0105 powierzchni\u0105, kt\u00f3ra wydobywa naturalne w\u0142a\u015bciwo\u015bci i kolor betonu. Dzi\u0119ki procesowi polerowania, drobinki kruszywa u\u017cyte w betonie mog\u0105 by\u0107 bardziej widoczne, co dodaje unikalnej estetyki powierzchni. Zale\u017cnie od wybranego stopnia polerowania i u\u017cytego kruszywa, wygl\u0105d mo\u017ce si\u0119 r\u00f3\u017cni\u0107 \u2013 od delikatnie szlifowanej powierzchni z matowym wyko\u0144czeniem po g\u0142\u0119boko polerowan\u0105, lustrzan\u0105 powierzchni\u0119.<\/p>\n<p>Polerowany beton mo\u017ce mie\u0107 r\u00f3\u017cne odcienie szaro\u015bci, ale mo\u017cna te\u017c doda\u0107 pigmenty do mieszaniny betonowej, aby uzyska\u0107 r\u00f3\u017cne kolory. W zale\u017cno\u015bci od u\u017cytego kruszywa i g\u0142\u0119boko\u015bci polerowania, kruszywo mo\u017ce sta\u0107 si\u0119 bardziej lub mniej widoczne, tworz\u0105c atrakcyjne wzory i tekstury.<\/p>\n<h2><strong>Beton polerowany \u2013 zastosowanie i wykonanie<\/strong><\/h2>\n<p>Polerowany beton ma szeroki zakres zastosowa\u0144. Jest idealny dla pod\u0142\u00f3g w pomieszczeniach komercyjnych, takich jak sklepy, galerie, biura czy hotele, ale te\u017c w gara\u017cach, warsztatach, pomieszczeniach mieszkalnych czy na tarasach i chodnikach.<\/p>\n<p>Sam proces polerowania zaczyna si\u0119 od przygotowania powierzchni, kt\u00f3ra musi by\u0107 czysta i wolna od nieczysto\u015bci. Nast\u0119pnie, przy u\u017cyciu specjalistycznych maszyn do polerowania betonu, powierzchnia jest obrabiana. Dzi\u0119ki precyzyjnej obr\u00f3bce oraz profesjonalnemu uszczelnieniu, powierzchnia betonu polerowanego charakteryzuje si\u0119 wysok\u0105 odporno\u015bci\u0105 na zabrudzenia oraz znacz\u0105c\u0105 \u0142atwo\u015bci\u0105 w konserwacji i piel\u0119gnacji. Beton tego typu wyr\u00f3\u017cnia si\u0119 tak\u017ce wyj\u0105tkow\u0105 trwa\u0142o\u015bci\u0105 i odporno\u015bci\u0105 na \u015bcieranie, co czyni go idealnym rozwi\u0105zaniem dla przestrzeni o intensywnym u\u017cytkowaniu, takich jak obiekty przemys\u0142owe, powierzchnie handlowe czy biurowce.<\/p>\n\n\t\t<\/div>\n\t<\/div>\n<\/div><\/div><\/div><\/div><div class=\"vc_row wpb_row vc_row-fluid\"><div class=\"wpb_column vc_column_container vc_col-sm-12\"><div class=\"vc_column-inner\"><div class=\"wpb_wrapper\"><\/div><\/div><\/div><\/div>","protected":false},"excerpt":{"rendered":"<a class=\"readmore-button\" href=\"https:\/\/witan-posadzki.pl\/de\/posadzki-przemyslowe\/\">Czytaj wi\u0119cej...<\/a>","protected":false},"author":7,"featured_media":14905,"parent":0,"menu_order":0,"comment_status":"closed","ping_status":"closed","template":"page-fullwidth.php","meta":{"_acf_changed":false,"footnotes":"","_links_to":"","_links_to_target":""},"class_list":["post-14857","page","type-page","status-publish","has-post-thumbnail","hentry"],"acf":[],"jetpack_sharing_enabled":true,"jetpack_shortlink":"https:\/\/wp.me\/P9mMf8-3RD","_links":{"self":[{"href":"https:\/\/witan-posadzki.pl\/de\/wp-json\/wp\/v2\/pages\/14857","targetHints":{"allow":["GET"]}}],"collection":[{"href":"https:\/\/witan-posadzki.pl\/de\/wp-json\/wp\/v2\/pages"}],"about":[{"href":"https:\/\/witan-posadzki.pl\/de\/wp-json\/wp\/v2\/types\/page"}],"author":[{"embeddable":true,"href":"https:\/\/witan-posadzki.pl\/de\/wp-json\/wp\/v2\/users\/7"}],"replies":[{"embeddable":true,"href":"https:\/\/witan-posadzki.pl\/de\/wp-json\/wp\/v2\/comments?post=14857"}],"version-history":[{"count":33,"href":"https:\/\/witan-posadzki.pl\/de\/wp-json\/wp\/v2\/pages\/14857\/revisions"}],"predecessor-version":[{"id":16166,"href":"https:\/\/witan-posadzki.pl\/de\/wp-json\/wp\/v2\/pages\/14857\/revisions\/16166"}],"wp:featuredmedia":[{"embeddable":true,"href":"https:\/\/witan-posadzki.pl\/de\/wp-json\/wp\/v2\/media\/14905"}],"wp:attachment":[{"href":"https:\/\/witan-posadzki.pl\/de\/wp-json\/wp\/v2\/media?parent=14857"}],"curies":[{"name":"wp","href":"https:\/\/api.w.org\/{rel}","templated":true}]}}