{"id":149,"date":"2015-10-07T09:19:12","date_gmt":"2015-10-07T09:19:12","guid":{"rendered":"https:\/\/witan-posadzki.pl\/?page_id=149"},"modified":"2022-11-21T12:17:46","modified_gmt":"2022-11-21T12:17:46","slug":"referencje","status":"publish","type":"page","link":"https:\/\/witan-posadzki.pl\/de\/referencje\/","title":{"rendered":"Referencje"},"content":{"rendered":"<div class=\"vc_row wpb_row vc_row-fluid\"><div class=\"wpb_column vc_column_container vc_col-sm-12\"><div class=\"vc_column-inner\"><div class=\"wpb_wrapper\">\n\t<div class=\"wpb_text_column wpb_content_element \" >\n\t\t<div class=\"wpb_wrapper\">\n\t\t\t<blockquote>\n<p style=\"text-align: justify;\">Szczeg\u00f3lnie ciesz\u0105 nas jednak takie, kt\u00f3re uzyskujemy od naszych zadowolonych Klient\u00f3w po wielu latach u\u017cytkowania \u00a0posadzki. Czym starsze, tym lepsze.<\/p>\n<\/blockquote>\n\n\t\t<\/div>\n\t<\/div>\n<div class=\"vc_empty_space\"   style=\"height: 32px\"><span class=\"vc_empty_space_inner\"><\/span><\/div><\/div><\/div><\/div><\/div><div class=\"vc_row wpb_row vc_row-fluid vc_column-gap-30\"><div class=\"wpb_column vc_column_container vc_col-sm-6\"><div class=\"vc_column-inner\"><div class=\"wpb_wrapper\">\n\t<div class=\"wpb_text_column wpb_content_element \" >\n\t\t<div class=\"wpb_wrapper\">\n\t\t\t<p><em>&#8222;Prace przygotowawcze, jak r\u00f3wnie\u017c po\u0142o\u017cenie samej wyk\u0142adziny wykonywane s\u0105 zawsze z zachowaniem nale\u017cytej staranno\u015bci i dba\u0142o\u015bci o efekt ko\u0144cowy z zastosowaniem profesjonalnych, bardzo dobrej jako\u015bci materia\u0142\u00f3w i wyk\u0142adzin, kt\u00f3re po 15 latach intensywnego u\u017cytkowania nadal ciesz\u0105 oko.&#8221;<\/em><\/p>\n<p style=\"text-align: right;\"><strong>Dyrektor mgr Bo\u017cena Duda<\/strong><\/p>\n\n\t\t<\/div>\n\t<\/div>\n<\/div><\/div><\/div><div class=\"wpb_column vc_column_container vc_col-sm-6\"><div class=\"vc_column-inner\"><div class=\"wpb_wrapper\">\n\t<div class=\"wpb_text_column wpb_content_element \" >\n\t\t<div class=\"wpb_wrapper\">\n\t\t\t<p><em>&#8222;Z przyjemno\u015bci\u0105 polecam firm\u0119 &#8222;WITAN&#8221; jako sprawdzonego i rzetelnego partnera, kt\u00f3ry gwarantuje wysok\u0105 jako\u015b\u0107 wykonania. Jeste\u015bmy w pe\u0142ni zadowoleni ze wsp\u00f3\u0142pracy&#8221;<\/em><\/p>\n<p style=\"text-align: right;\"><strong>ARP<\/strong><\/p>\n\n\t\t<\/div>\n\t<\/div>\n<\/div><\/div><\/div><\/div><div class=\"vc_row wpb_row vc_row-fluid vc_column-gap-30\"><div class=\"wpb_column vc_column_container vc_col-sm-6\"><div class=\"vc_column-inner\"><div class=\"wpb_wrapper\">\n\t<div class=\"wpb_text_column wpb_content_element \" >\n\t\t<div class=\"wpb_wrapper\">\n\t\t\t<p><em>&#8222;Z przyjemno\u015bci\u0105 polecam firm\u0119 &#8222;WITAN&#8221; jako sprawdzonego i rzetelnego partnera, kt\u00f3ry gwarantuje wysok\u0105 jako\u015b\u0107 wykonania. Jeste\u015bmy w pe\u0142ni zadowoleni ze wsp\u00f3\u0142pracy&#8221;<\/em><\/p>\n<p style=\"text-align: right;\"><strong>ARP<\/strong><\/p>\n\n\t\t<\/div>\n\t<\/div>\n<\/div><\/div><\/div><div class=\"wpb_column vc_column_container vc_col-sm-6\"><div class=\"vc_column-inner\"><div class=\"wpb_wrapper\">\n\t<div class=\"wpb_text_column wpb_content_element \" >\n\t\t<div class=\"wpb_wrapper\">\n\t\t\t<p><em>&#8222;Wszystkie roboty wykonane by\u0142y starannie i sprawnie z zachowaniem wysokiej jako\u015bci wykonywanych prac, na co mia\u0142o wp\u0142yw profesjonalne przygotowanie zawodowe ekipy wykonawczej&#8221;<\/em><\/p>\n<p style=\"text-align: right;\"><strong>HoloSerwis Sp. z o.o.<\/strong><\/p>\n\n\t\t<\/div>\n\t<\/div>\n<\/div><\/div><\/div><\/div><div class=\"vc_row wpb_row vc_row-fluid vc_column-gap-30\"><div class=\"wpb_column vc_column_container vc_col-sm-6\"><div class=\"vc_column-inner\"><div class=\"wpb_wrapper\">\n\t<div class=\"wpb_text_column wpb_content_element \" >\n\t\t<div class=\"wpb_wrapper\">\n\t\t\t<p><em>&#8222;Stwierdzamy, \u017ce zlecenie zosta\u0142o wykonane w terminie, z nale\u017cyt\u0105 staranno\u015bci\u0105 i dok\u0142adno\u015bci\u0105. Wsp\u00f3\u0142praca na w\/w obiekcie z firm\u0105 &#8222;WITAN&#8221; pozwala nam stwierdzi\u0107, \u017ce jest to firma solidnie i rzetelnie realizuj\u0105c\u0105 swoje zadania i tym samym godna polecenia innym kontrahentom&#8221;<\/em><\/p>\n<p style=\"text-align: right;\"><strong>Ad Astra<\/strong><\/p>\n\n\t\t<\/div>\n\t<\/div>\n<\/div><\/div><\/div><div class=\"wpb_column vc_column_container vc_col-sm-6\"><div class=\"vc_column-inner\"><div class=\"wpb_wrapper\">\n\t<div class=\"wpb_text_column wpb_content_element \" >\n\t\t<div class=\"wpb_wrapper\">\n\t\t\t<p><em>&#8222;Ca\u0142o\u015b\u0107 rob\u00f3t zosta\u0142a przeprowadzona z zapewnieniem\u00a0nale\u017cytej\u00a0jako\u015bci i fachowo\u015bci w\u00a0spos\u00f3b zgodny z wymogami i sztuk\u0105 budowlan\u0105. Poziom us\u0142ug firmy zas\u0142uguje na rekomendowanie jej jako solidnego i rzetelnego partnera w zakresie wykonywania\u00a0rob\u00f3t\u00a0posadzkarskich.&#8221;<\/em><\/p>\n<p style=\"text-align: right;\"><strong>Szko\u0142a Podstawowa Nr. 17<\/strong><\/p>\n\n\t\t<\/div>\n\t<\/div>\n<\/div><\/div><\/div><\/div><div class=\"vc_row wpb_row vc_row-fluid vc_column-gap-30\"><div class=\"wpb_column vc_column_container vc_col-sm-6\"><div class=\"vc_column-inner\"><div class=\"wpb_wrapper\">\n\t<div class=\"wpb_text_column wpb_content_element \" >\n\t\t<div class=\"wpb_wrapper\">\n\t\t\t<p><em>&#8222;Firma WITAN da\u0142a si\u0119 pozna\u0107 jako rzetelny i profesjonalny partner, kt\u00f3ry w spos\u00f3b godny polecenia innym inwestorom realizuje podj\u0119te przez siebie zobowi\u0105zania&#8221;<\/em><\/p>\n<p style=\"text-align: right;\"><strong>PROJPRZEM<\/strong><\/p>\n\n\t\t<\/div>\n\t<\/div>\n<\/div><\/div><\/div><div class=\"wpb_column vc_column_container vc_col-sm-6\"><div class=\"vc_column-inner\"><div class=\"wpb_wrapper\">\n\t<div class=\"wpb_text_column wpb_content_element \" >\n\t\t<div class=\"wpb_wrapper\">\n\t\t\t<p><em>&#8222;Prace zosta\u0142y wykonane fachowo i terminowo. Podczas odbioru prac nie stwierdzono b\u0142\u0119d\u00f3w w sztuce. Pracownik\u00f3w tej firmy cechuje wysoki profesjonalizm oraz kultura pracy, a na stanowisku zawsze wzorowy porz\u0105dek&#8221;<\/em><\/p>\n<p style=\"text-align: right;\"><strong>Powiatowy Urz\u0105d Pracy<\/strong><\/p>\n\n\t\t<\/div>\n\t<\/div>\n<\/div><\/div><\/div><\/div><div class=\"vc_row wpb_row vc_row-fluid vc_column-gap-30\"><div class=\"wpb_column vc_column_container vc_col-sm-6\"><div class=\"vc_column-inner\"><div class=\"wpb_wrapper\">\n\t<div class=\"wpb_text_column wpb_content_element \" >\n\t\t<div class=\"wpb_wrapper\">\n\t\t\t<p><em>&#8222;Prace swoj\u0105 wykonali sprawnie, terminowo i bez uchybie\u0144 jako\u015bciowych&#8221;<\/em><\/p>\n<p style=\"text-align: right;\"><strong>Zesp\u00f3\u0142 Szk\u00f3\u0142 nr. 3<\/strong><\/p>\n\n\t\t<\/div>\n\t<\/div>\n<\/div><\/div><\/div><div class=\"wpb_column vc_column_container vc_col-sm-6\"><div class=\"vc_column-inner\"><div class=\"wpb_wrapper\">\n\t<div class=\"wpb_text_column wpb_content_element \" >\n\t\t<div class=\"wpb_wrapper\">\n\t\t\t<p><em>&#8222;Us\u0142ugi \u015bwiadczone przez firm\u0119 F.U.H. WITAN Witold Ruszczy\u0144ski s\u0105 zawsze realizowane z zachowaniem nale\u017cytej staranno\u015bci, charakteryzuj\u0105 si\u0119 wysok\u0105 jako\u015bci\u0105 wykonania. Wszystkie kontrakty zosta\u0142y zrealizowane terminowo.&#8221;<\/em><\/p>\n<p style=\"text-align: right;\"><strong>BudInwest Sp. z o.o.<\/strong><\/p>\n\n\t\t<\/div>\n\t<\/div>\n<\/div><\/div><\/div><\/div><div class=\"vc_row wpb_row vc_row-fluid vc_column-gap-30\"><div class=\"wpb_column vc_column_container vc_col-sm-6\"><div class=\"vc_column-inner\"><div class=\"wpb_wrapper\">\n\t<div class=\"wpb_text_column wpb_content_element \" >\n\t\t<div class=\"wpb_wrapper\">\n\t\t\t<p><em>&#8222;Wszystkie te prace zosta\u0142y wykonane sprawnie, zgodnie ze sztuk\u0105 budowlan\u0105 bez usterek. Wysoko wykwalifikowana i do\u015bwiadczona kadra zapewni\u0142a dobr\u0105 jako\u015b\u0107 oraz terminow\u0105 realizacj\u0119 rob\u00f3t&#8221;<\/em><\/p>\n<p style=\"text-align: right;\"><strong>HELAREM Sp. z o.o.<\/strong><\/p>\n\n\t\t<\/div>\n\t<\/div>\n<\/div><\/div><\/div><div class=\"wpb_column vc_column_container vc_col-sm-6\"><div class=\"vc_column-inner\"><div class=\"wpb_wrapper\"><\/div><\/div><\/div><\/div><div class=\"vc_row wpb_row vc_row-fluid\"><div class=\"wpb_column vc_column_container vc_col-sm-12\"><div class=\"vc_column-inner\"><div class=\"wpb_wrapper\"><div class=\"vc_empty_space\"   style=\"height: 40px\"><span class=\"vc_empty_space_inner\"><\/span><\/div><\/div><\/div><\/div><\/div><div class=\"vc_row wpb_row vc_row-fluid\"><div class=\"wpb_column vc_column_container vc_col-sm-12\"><div class=\"vc_column-inner\"><div class=\"wpb_wrapper\"><div class=\"wpb_gallery wpb_content_element vc_clearfix\" ><div class=\"wpb_wrapper\"><h2 class=\"wpb_heading wpb_gallery_heading\">REFERENCJE PAPIEROWE<\/h2><div class=\"wpb_gallery_slides wpb_image_grid\" data-interval=\"3\"><ul class=\"wpb_image_grid_ul\"><li class=\"isotope-item\"><a class=\"\" href=\"https:\/\/witan-posadzki.pl\/wp-content\/uploads\/2015\/10\/Referencje_01-724x1024.jpg\" data-lightbox=\"lightbox[rel-149-3067429521]\"><img fetchpriority=\"high\" decoding=\"async\" class=\"\" src=\"https:\/\/witan-posadzki.pl\/wp-content\/uploads\/2015\/10\/Referencje_01-225x315.jpg\" width=\"225\" height=\"315\" alt=\"referencje\" title=\"referencje\" \/><\/a><\/li><li class=\"isotope-item\"><a class=\"\" href=\"https:\/\/witan-posadzki.pl\/wp-content\/uploads\/2015\/10\/Referencje_03-724x1024.jpg\" data-lightbox=\"lightbox[rel-149-3067429521]\"><img decoding=\"async\" class=\"\" src=\"https:\/\/witan-posadzki.pl\/wp-content\/uploads\/2015\/10\/Referencje_03-225x315.jpg\" width=\"225\" height=\"315\" alt=\"referencje\" title=\"referencje\" \/><\/a><\/li><li class=\"isotope-item\"><a class=\"\" href=\"https:\/\/witan-posadzki.pl\/wp-content\/uploads\/2015\/10\/Referencje_04-724x1024.jpg\" data-lightbox=\"lightbox[rel-149-3067429521]\"><img decoding=\"async\" class=\"\" src=\"https:\/\/witan-posadzki.pl\/wp-content\/uploads\/2015\/10\/Referencje_04-225x315.jpg\" width=\"225\" height=\"315\" alt=\"referencje\" title=\"referencje\" \/><\/a><\/li><li class=\"isotope-item\"><a class=\"\" href=\"https:\/\/witan-posadzki.pl\/wp-content\/uploads\/2015\/10\/Referencje_05-724x1024.jpg\" data-lightbox=\"lightbox[rel-149-3067429521]\"><img loading=\"lazy\" decoding=\"async\" class=\"\" src=\"https:\/\/witan-posadzki.pl\/wp-content\/uploads\/2015\/10\/Referencje_05-225x315.jpg\" width=\"225\" height=\"315\" alt=\"referencje\" title=\"referencje\" \/><\/a><\/li><li class=\"isotope-item\"><a class=\"\" href=\"https:\/\/witan-posadzki.pl\/wp-content\/uploads\/2015\/10\/Referencje_06-724x1024.jpg\" data-lightbox=\"lightbox[rel-149-3067429521]\"><img loading=\"lazy\" decoding=\"async\" class=\"\" src=\"https:\/\/witan-posadzki.pl\/wp-content\/uploads\/2015\/10\/Referencje_06-225x315.jpg\" width=\"225\" height=\"315\" alt=\"referencje\" title=\"referencje\" \/><\/a><\/li><li class=\"isotope-item\"><a class=\"\" href=\"https:\/\/witan-posadzki.pl\/wp-content\/uploads\/2015\/10\/Referencje_07-724x1024.jpg\" data-lightbox=\"lightbox[rel-149-3067429521]\"><img loading=\"lazy\" decoding=\"async\" class=\"\" src=\"https:\/\/witan-posadzki.pl\/wp-content\/uploads\/2015\/10\/Referencje_07-225x315.jpg\" width=\"225\" height=\"315\" alt=\"referencje\" title=\"referencje\" \/><\/a><\/li><li class=\"isotope-item\"><a class=\"\" href=\"https:\/\/witan-posadzki.pl\/wp-content\/uploads\/2015\/10\/Referencje_08-724x1024.jpg\" data-lightbox=\"lightbox[rel-149-3067429521]\"><img loading=\"lazy\" decoding=\"async\" class=\"\" src=\"https:\/\/witan-posadzki.pl\/wp-content\/uploads\/2015\/10\/Referencje_08-225x315.jpg\" width=\"225\" height=\"315\" alt=\"referencje\" title=\"referencje\" \/><\/a><\/li><li class=\"isotope-item\"><a class=\"\" href=\"https:\/\/witan-posadzki.pl\/wp-content\/uploads\/2015\/10\/Referencje_09-724x1024.jpg\" data-lightbox=\"lightbox[rel-149-3067429521]\"><img loading=\"lazy\" decoding=\"async\" class=\"\" src=\"https:\/\/witan-posadzki.pl\/wp-content\/uploads\/2015\/10\/Referencje_09-225x315.jpg\" width=\"225\" height=\"315\" alt=\"referencje\" title=\"referencje\" \/><\/a><\/li><li class=\"isotope-item\"><a class=\"\" href=\"https:\/\/witan-posadzki.pl\/wp-content\/uploads\/2015\/10\/Referencje_10-724x1024.jpg\" data-lightbox=\"lightbox[rel-149-3067429521]\"><img loading=\"lazy\" decoding=\"async\" class=\"\" src=\"https:\/\/witan-posadzki.pl\/wp-content\/uploads\/2015\/10\/Referencje_10-225x315.jpg\" width=\"225\" height=\"315\" alt=\"referencje\" title=\"referencje\" \/><\/a><\/li><li class=\"isotope-item\"><a class=\"\" href=\"https:\/\/witan-posadzki.pl\/wp-content\/uploads\/2015\/10\/Referencje_11-724x1024.jpg\" data-lightbox=\"lightbox[rel-149-3067429521]\"><img loading=\"lazy\" decoding=\"async\" class=\"\" src=\"https:\/\/witan-posadzki.pl\/wp-content\/uploads\/2015\/10\/Referencje_11-225x315.jpg\" width=\"225\" height=\"315\" alt=\"referencje\" title=\"referencje\" \/><\/a><\/li><\/ul><\/div><\/div><\/div><\/div><\/div><\/div><\/div>\n","protected":false},"excerpt":{"rendered":"<a class=\"readmore-button\" href=\"https:\/\/witan-posadzki.pl\/de\/referencje\/\">Czytaj wi\u0119cej...<\/a>","protected":false},"author":7,"featured_media":0,"parent":0,"menu_order":0,"comment_status":"closed","ping_status":"closed","template":"","meta":{"_acf_changed":false,"footnotes":"","_links_to":"","_links_to_target":""},"class_list":["post-149","page","type-page","status-publish","hentry"],"acf":[],"jetpack_sharing_enabled":true,"jetpack_shortlink":"https:\/\/wp.me\/P9mMf8-2p","_links":{"self":[{"href":"https:\/\/witan-posadzki.pl\/de\/wp-json\/wp\/v2\/pages\/149","targetHints":{"allow":["GET"]}}],"collection":[{"href":"https:\/\/witan-posadzki.pl\/de\/wp-json\/wp\/v2\/pages"}],"about":[{"href":"https:\/\/witan-posadzki.pl\/de\/wp-json\/wp\/v2\/types\/page"}],"author":[{"embeddable":true,"href":"https:\/\/witan-posadzki.pl\/de\/wp-json\/wp\/v2\/users\/7"}],"replies":[{"embeddable":true,"href":"https:\/\/witan-posadzki.pl\/de\/wp-json\/wp\/v2\/comments?post=149"}],"version-history":[{"count":83,"href":"https:\/\/witan-posadzki.pl\/de\/wp-json\/wp\/v2\/pages\/149\/revisions"}],"predecessor-version":[{"id":15098,"href":"https:\/\/witan-posadzki.pl\/de\/wp-json\/wp\/v2\/pages\/149\/revisions\/15098"}],"wp:attachment":[{"href":"https:\/\/witan-posadzki.pl\/de\/wp-json\/wp\/v2\/media?parent=149"}],"curies":[{"name":"wp","href":"https:\/\/api.w.org\/{rel}","templated":true}]}}