{"id":15389,"date":"2023-08-02T08:14:49","date_gmt":"2023-08-02T08:14:49","guid":{"rendered":"https:\/\/witan-posadzki.pl\/?page_id=15389"},"modified":"2024-07-15T10:22:49","modified_gmt":"2024-07-15T08:22:49","slug":"aktualnosci","status":"publish","type":"page","link":"https:\/\/witan-posadzki.pl\/de\/aktualnosci\/","title":{"rendered":"Aktualno\u015bci"},"content":{"rendered":"<div class=\"vc_row wpb_row vc_row-fluid\"><div class=\"wpb_column vc_column_container vc_col-sm-12\"><div class=\"vc_column-inner\"><div class=\"wpb_wrapper\">\n<div class=\"vc_grid-container-wrapper vc_clearfix\">\n\t<div class=\"vc_grid-container vc_clearfix wpb_content_element vc_basic_grid\" data-initial-loading-animation=\"fadeIn\" data-vc-grid-settings=\"{&quot;page_id&quot;:15389,&quot;style&quot;:&quot;all&quot;,&quot;action&quot;:&quot;vc_get_vc_grid_data&quot;,&quot;shortcode_id&quot;:&quot;1721031575378-5f89c985-af91-9&quot;,&quot;tag&quot;:&quot;vc_basic_grid&quot;}\" data-vc-request=\"https:\/\/witan-posadzki.pl\/wp-admin\/admin-ajax.php\" data-vc-post-id=\"15389\" data-vc-public-nonce=\"e99422bcc5\">\n\t\t<style data-type=\"vc_shortcodes-custom-css\">.vc_custom_1419240516480{background-color: #f9f9f9 !important;}<\/style><div class=\"vc_grid vc_row vc_grid-gutter-35px vc_pageable-wrapper vc_hook_hover\" data-vc-pageable-content=\"true\"><div class=\"vc_pageable-slide-wrapper vc_clearfix\" data-vc-grid-content=\"true\"><div class=\"vc_grid-item vc_clearfix vc_col-sm-3 vc_grid-item-zone-c-bottom\"><div class=\"vc_grid-item-mini vc_clearfix\"><div class=\"vc_gitem-animated-block\" \"><div class=\"vc_gitem-zone vc_gitem-zone-a vc-gitem-zone-height-mode-auto vc-gitem-zone-height-mode-auto-1-1 vc_gitem-is-link\" style=\"background-image: url('https:\/\/witan-posadzki.pl\/wp-content\/uploads\/2024\/05\/Piknik_Witan_078-1024x683.jpg') !important;\"><a href=\"https:\/\/witan-posadzki.pl\/de\/majowy-piknik-wykonawcy-2024\/\" title=\"Majowy Piknik Wykonawcy 2024\" class=\"vc_gitem-link vc-zone-link\"><\/a><img decoding=\"async\" src=\"https:\/\/witan-posadzki.pl\/wp-content\/uploads\/2024\/05\/Piknik_Witan_078-1024x683.jpg\" class=\"vc_gitem-zone-img\" alt=\"\"><div class=\"vc_gitem-zone-mini\"><\/div><\/div><\/div><div class=\"vc_gitem-zone vc_gitem-zone-c vc_custom_1419240516480\"><div class=\"vc_gitem-zone-mini\"><div class=\"vc_gitem_row vc_row vc_gitem-row-position-top\"><div class=\"vc_col-sm-12 vc_gitem-col vc_gitem-col-align-\"><div class=\"vc_custom_heading vc_gitem-post-data vc_gitem-post-data-source-post_title\" ><h4 style=\"text-align: left\" >Majowy Piknik Wykonawcy 2024<\/h4><\/div><div class=\"vc_custom_heading vc_gitem-post-data vc_gitem-post-data-source-post_excerpt\" ><p style=\"text-align: left\" ><a class=\"readmore-button\" href=\"https:\/\/witan-posadzki.pl\/de\/majowy-piknik-wykonawcy-2024\/\">Czytaj wi\u0119cej...<\/a><\/p><\/div><div class=\"vc_btn3-container vc_btn3-left\"><a class=\"vc_general vc_btn3 vc_btn3-size-md vc_btn3-shape-rounded vc_btn3-style-flat vc_btn3-color-juicy-pink\" a href=\"https:\/\/witan-posadzki.pl\/de\/majowy-piknik-wykonawcy-2024\/\" title=\"Weiterlesen\">Weiterlesen<\/a><\/div><\/div><\/div><\/div><\/div><\/div><div class=\"vc_clearfix\"><\/div><\/div><div class=\"vc_grid-item vc_clearfix vc_col-sm-3 vc_grid-item-zone-c-bottom\"><div class=\"vc_grid-item-mini vc_clearfix\"><div class=\"vc_gitem-animated-block\" \"><div class=\"vc_gitem-zone vc_gitem-zone-a vc-gitem-zone-height-mode-auto vc-gitem-zone-height-mode-auto-1-1 vc_gitem-is-link\" style=\"background-image: url('https:\/\/witan-posadzki.pl\/wp-content\/uploads\/2024\/04\/3J9A4010-kopia-1024x731.jpg') !important;\"><a href=\"https:\/\/witan-posadzki.pl\/de\/spotkanie-firmowe\/\" title=\"Spotkanie firmowe\" class=\"vc_gitem-link vc-zone-link\"><\/a><img decoding=\"async\" src=\"https:\/\/witan-posadzki.pl\/wp-content\/uploads\/2024\/04\/3J9A4010-kopia-1024x731.jpg\" class=\"vc_gitem-zone-img\" alt=\"\"><div class=\"vc_gitem-zone-mini\"><\/div><\/div><\/div><div class=\"vc_gitem-zone vc_gitem-zone-c vc_custom_1419240516480\"><div class=\"vc_gitem-zone-mini\"><div class=\"vc_gitem_row vc_row vc_gitem-row-position-top\"><div class=\"vc_col-sm-12 vc_gitem-col vc_gitem-col-align-\"><div class=\"vc_custom_heading vc_gitem-post-data vc_gitem-post-data-source-post_title\" ><h4 style=\"text-align: left\" >Spotkanie firmowe<\/h4><\/div><div class=\"vc_custom_heading vc_gitem-post-data vc_gitem-post-data-source-post_excerpt\" ><p style=\"text-align: left\" ><a class=\"readmore-button\" href=\"https:\/\/witan-posadzki.pl\/de\/spotkanie-firmowe\/\">Czytaj wi\u0119cej...<\/a><\/p><\/div><div class=\"vc_btn3-container vc_btn3-left\"><a class=\"vc_general vc_btn3 vc_btn3-size-md vc_btn3-shape-rounded vc_btn3-style-flat vc_btn3-color-juicy-pink\" a href=\"https:\/\/witan-posadzki.pl\/de\/spotkanie-firmowe\/\" title=\"Weiterlesen\">Weiterlesen<\/a><\/div><\/div><\/div><\/div><\/div><\/div><div class=\"vc_clearfix\"><\/div><\/div><div class=\"vc_grid-item vc_clearfix vc_col-sm-3 vc_grid-item-zone-c-bottom\"><div class=\"vc_grid-item-mini vc_clearfix\"><div class=\"vc_gitem-animated-block\" \"><div class=\"vc_gitem-zone vc_gitem-zone-a vc-gitem-zone-height-mode-auto vc-gitem-zone-height-mode-auto-1-1 vc_gitem-is-link\" style=\"background-image: url('https:\/\/witan-posadzki.pl\/wp-content\/uploads\/2024\/04\/tablica-internetowa-02-1024x1024.png') !important;\"><a href=\"https:\/\/witan-posadzki.pl\/de\/dofinansowanie-zus\/\" title=\"Dofinansowanie ZUS\" class=\"vc_gitem-link vc-zone-link\"><\/a><img decoding=\"async\" src=\"https:\/\/witan-posadzki.pl\/wp-content\/uploads\/2024\/04\/tablica-internetowa-02-1024x1024.png\" class=\"vc_gitem-zone-img\" alt=\"\"><div class=\"vc_gitem-zone-mini\"><\/div><\/div><\/div><div class=\"vc_gitem-zone vc_gitem-zone-c vc_custom_1419240516480\"><div class=\"vc_gitem-zone-mini\"><div class=\"vc_gitem_row vc_row vc_gitem-row-position-top\"><div class=\"vc_col-sm-12 vc_gitem-col vc_gitem-col-align-\"><div class=\"vc_custom_heading vc_gitem-post-data vc_gitem-post-data-source-post_title\" ><h4 style=\"text-align: left\" >Dofinansowanie ZUS<\/h4><\/div><div class=\"vc_custom_heading vc_gitem-post-data vc_gitem-post-data-source-post_excerpt\" ><p style=\"text-align: left\" ><a class=\"readmore-button\" href=\"https:\/\/witan-posadzki.pl\/de\/dofinansowanie-zus\/\">Czytaj wi\u0119cej...<\/a><\/p><\/div><div class=\"vc_btn3-container vc_btn3-left\"><a class=\"vc_general vc_btn3 vc_btn3-size-md vc_btn3-shape-rounded vc_btn3-style-flat vc_btn3-color-juicy-pink\" a href=\"https:\/\/witan-posadzki.pl\/de\/dofinansowanie-zus\/\" title=\"Weiterlesen\">Weiterlesen<\/a><\/div><\/div><\/div><\/div><\/div><\/div><div class=\"vc_clearfix\"><\/div><\/div><div class=\"vc_grid-item vc_clearfix vc_col-sm-3 vc_grid-item-zone-c-bottom\"><div class=\"vc_grid-item-mini vc_clearfix\"><div class=\"vc_gitem-animated-block\" \"><div class=\"vc_gitem-zone vc_gitem-zone-a vc-gitem-zone-height-mode-auto vc-gitem-zone-height-mode-auto-1-1 vc_gitem-is-link\" style=\"background-image: url('https:\/\/witan-posadzki.pl\/wp-content\/uploads\/2023\/08\/majowy-piknik-wykonawcy-5-1024x683.jpg') !important;\"><a href=\"https:\/\/witan-posadzki.pl\/de\/15399-2\/\" title=\"Majowy Piknik Wykonawcy\" class=\"vc_gitem-link vc-zone-link\"><\/a><img decoding=\"async\" src=\"https:\/\/witan-posadzki.pl\/wp-content\/uploads\/2023\/08\/majowy-piknik-wykonawcy-5-1024x683.jpg\" class=\"vc_gitem-zone-img\" alt=\"\"><div class=\"vc_gitem-zone-mini\"><\/div><\/div><\/div><div class=\"vc_gitem-zone vc_gitem-zone-c vc_custom_1419240516480\"><div class=\"vc_gitem-zone-mini\"><div class=\"vc_gitem_row vc_row vc_gitem-row-position-top\"><div class=\"vc_col-sm-12 vc_gitem-col vc_gitem-col-align-\"><div class=\"vc_custom_heading vc_gitem-post-data vc_gitem-post-data-source-post_title\" ><h4 style=\"text-align: left\" >Majowy Piknik Wykonawcy<\/h4><\/div><div class=\"vc_custom_heading vc_gitem-post-data vc_gitem-post-data-source-post_excerpt\" ><p style=\"text-align: left\" ><a class=\"readmore-button\" href=\"https:\/\/witan-posadzki.pl\/de\/15399-2\/\">Czytaj wi\u0119cej...<\/a><\/p><\/div><div class=\"vc_btn3-container vc_btn3-left\"><a class=\"vc_general vc_btn3 vc_btn3-size-md vc_btn3-shape-rounded vc_btn3-style-flat vc_btn3-color-juicy-pink\" a href=\"https:\/\/witan-posadzki.pl\/de\/15399-2\/\" title=\"Weiterlesen\">Weiterlesen<\/a><\/div><\/div><\/div><\/div><\/div><\/div><div class=\"vc_clearfix\"><\/div><\/div><div class=\"vc_grid-item vc_clearfix vc_col-sm-3 vc_grid-item-zone-c-bottom\"><div class=\"vc_grid-item-mini vc_clearfix\"><div class=\"vc_gitem-animated-block\" \"><div class=\"vc_gitem-zone vc_gitem-zone-a vc-gitem-zone-height-mode-auto vc-gitem-zone-height-mode-auto-1-1 vc_gitem-is-link\" style=\"background-image: url('https:\/\/witan-posadzki.pl\/wp-content\/uploads\/2023\/08\/szkolenie-smartstrand-2-1024x732.jpg') !important;\"><a href=\"https:\/\/witan-posadzki.pl\/de\/szkolenie-smartstrand\/\" title=\"Szkolenie Smartstrand\" class=\"vc_gitem-link vc-zone-link\"><\/a><img decoding=\"async\" src=\"https:\/\/witan-posadzki.pl\/wp-content\/uploads\/2023\/08\/szkolenie-smartstrand-2-1024x732.jpg\" class=\"vc_gitem-zone-img\" alt=\"\"><div class=\"vc_gitem-zone-mini\"><\/div><\/div><\/div><div class=\"vc_gitem-zone vc_gitem-zone-c vc_custom_1419240516480\"><div class=\"vc_gitem-zone-mini\"><div class=\"vc_gitem_row vc_row vc_gitem-row-position-top\"><div class=\"vc_col-sm-12 vc_gitem-col vc_gitem-col-align-\"><div class=\"vc_custom_heading vc_gitem-post-data vc_gitem-post-data-source-post_title\" ><h4 style=\"text-align: left\" >Szkolenie Smartstrand<\/h4><\/div><div class=\"vc_custom_heading vc_gitem-post-data vc_gitem-post-data-source-post_excerpt\" ><p style=\"text-align: left\" ><a class=\"readmore-button\" href=\"https:\/\/witan-posadzki.pl\/de\/szkolenie-smartstrand\/\">Czytaj wi\u0119cej...<\/a><\/p><\/div><div class=\"vc_btn3-container vc_btn3-left\"><a class=\"vc_general vc_btn3 vc_btn3-size-md vc_btn3-shape-rounded vc_btn3-style-flat vc_btn3-color-juicy-pink\" a href=\"https:\/\/witan-posadzki.pl\/de\/szkolenie-smartstrand\/\" title=\"Weiterlesen\">Weiterlesen<\/a><\/div><\/div><\/div><\/div><\/div><\/div><div class=\"vc_clearfix\"><\/div><\/div><div class=\"vc_grid-item vc_clearfix vc_col-sm-3 vc_grid-item-zone-c-bottom\"><div class=\"vc_grid-item-mini vc_clearfix\"><div class=\"vc_gitem-animated-block\" \"><div class=\"vc_gitem-zone vc_gitem-zone-a vc-gitem-zone-height-mode-auto vc-gitem-zone-height-mode-auto-1-1 vc_gitem-is-link\" style=\"background-image: url('https:\/\/witan-posadzki.pl\/wp-content\/uploads\/2022\/11\/szkolenie-obtego-6-731x1024.jpg') !important;\"><a href=\"https:\/\/witan-posadzki.pl\/de\/szkolenie-obtego\/\" title=\"Szkolenie OBTEGO\" class=\"vc_gitem-link vc-zone-link\"><\/a><img decoding=\"async\" src=\"https:\/\/witan-posadzki.pl\/wp-content\/uploads\/2022\/11\/szkolenie-obtego-6-731x1024.jpg\" class=\"vc_gitem-zone-img\" alt=\"\"><div class=\"vc_gitem-zone-mini\"><\/div><\/div><\/div><div class=\"vc_gitem-zone vc_gitem-zone-c vc_custom_1419240516480\"><div class=\"vc_gitem-zone-mini\"><div class=\"vc_gitem_row vc_row vc_gitem-row-position-top\"><div class=\"vc_col-sm-12 vc_gitem-col vc_gitem-col-align-\"><div class=\"vc_custom_heading vc_gitem-post-data vc_gitem-post-data-source-post_title\" ><h4 style=\"text-align: left\" >Szkolenie OBTEGO<\/h4><\/div><div class=\"vc_custom_heading vc_gitem-post-data vc_gitem-post-data-source-post_excerpt\" ><p style=\"text-align: left\" ><a class=\"readmore-button\" href=\"https:\/\/witan-posadzki.pl\/de\/szkolenie-obtego\/\">Czytaj wi\u0119cej...<\/a><\/p><\/div><div class=\"vc_btn3-container vc_btn3-left\"><a class=\"vc_general vc_btn3 vc_btn3-size-md vc_btn3-shape-rounded vc_btn3-style-flat vc_btn3-color-juicy-pink\" a href=\"https:\/\/witan-posadzki.pl\/de\/szkolenie-obtego\/\" title=\"Weiterlesen\">Weiterlesen<\/a><\/div><\/div><\/div><\/div><\/div><\/div><div class=\"vc_clearfix\"><\/div><\/div><div class=\"vc_grid-item vc_clearfix vc_col-sm-3 vc_grid-item-zone-c-bottom\"><div class=\"vc_grid-item-mini vc_clearfix\"><div class=\"vc_gitem-animated-block\" \"><div class=\"vc_gitem-zone vc_gitem-zone-a vc-gitem-zone-height-mode-auto vc-gitem-zone-height-mode-auto-1-1 vc_gitem-is-link\" style=\"background-image: url('https:\/\/witan-posadzki.pl\/wp-content\/uploads\/2020\/01\/Kopalnia-Soli-Wieliczka-komora-Wis\u0142a.png') !important;\"><a href=\"https:\/\/witan-posadzki.pl\/de\/pallmann-x-light-przelomowa-technologia-renowacji-parkietu-utwardzenie-uv-rewolucja-w-technologii-renowacji-parkietu\/\" title=\"Pallmann X-Light, prze\u0142omowa technologia renowacji parkietu, utwardzenie UV &#8211; rewolucja w technologii renowacji parkietu\" class=\"vc_gitem-link vc-zone-link\"><\/a><img decoding=\"async\" src=\"https:\/\/witan-posadzki.pl\/wp-content\/uploads\/2020\/01\/Kopalnia-Soli-Wieliczka-komora-Wis\u0142a.png\" class=\"vc_gitem-zone-img\" alt=\"\"><div class=\"vc_gitem-zone-mini\"><\/div><\/div><\/div><div class=\"vc_gitem-zone vc_gitem-zone-c vc_custom_1419240516480\"><div class=\"vc_gitem-zone-mini\"><div class=\"vc_gitem_row vc_row vc_gitem-row-position-top\"><div class=\"vc_col-sm-12 vc_gitem-col vc_gitem-col-align-\"><div class=\"vc_custom_heading vc_gitem-post-data vc_gitem-post-data-source-post_title\" ><h4 style=\"text-align: left\" >Pallmann X-Light, prze\u0142omowa technologia renowacji parkietu, utwardzenie UV &#8211; rewolucja w technologii renowacji parkietu<\/h4><\/div><div class=\"vc_custom_heading vc_gitem-post-data vc_gitem-post-data-source-post_excerpt\" ><p style=\"text-align: left\" ><a class=\"readmore-button\" href=\"https:\/\/witan-posadzki.pl\/de\/pallmann-x-light-przelomowa-technologia-renowacji-parkietu-utwardzenie-uv-rewolucja-w-technologii-renowacji-parkietu\/\">Czytaj wi\u0119cej...<\/a><\/p><\/div><div class=\"vc_btn3-container vc_btn3-left\"><a class=\"vc_general vc_btn3 vc_btn3-size-md vc_btn3-shape-rounded vc_btn3-style-flat vc_btn3-color-juicy-pink\" a href=\"https:\/\/witan-posadzki.pl\/de\/pallmann-x-light-przelomowa-technologia-renowacji-parkietu-utwardzenie-uv-rewolucja-w-technologii-renowacji-parkietu\/\" title=\"Weiterlesen\">Weiterlesen<\/a><\/div><\/div><\/div><\/div><\/div><\/div><div class=\"vc_clearfix\"><\/div><\/div><div class=\"vc_grid-item vc_clearfix vc_col-sm-3 vc_grid-item-zone-c-bottom\"><div class=\"vc_grid-item-mini vc_clearfix\"><div class=\"vc_gitem-animated-block\" \"><div class=\"vc_gitem-zone vc_gitem-zone-a vc-gitem-zone-height-mode-auto vc-gitem-zone-height-mode-auto-1-1 vc_gitem-is-link\" style=\"background-image: url('https:\/\/witan-posadzki.pl\/wp-content\/uploads\/2018\/07\/Witan-centrum-pod\u0142\u00f3g-bielsko-bia\u0142a-1.jpg') !important;\"><a href=\"https:\/\/witan-posadzki.pl\/de\/nowe-otwarcie-naszego-sklepu\/\" title=\"Nowe otwarcie naszego sklepu!\" class=\"vc_gitem-link vc-zone-link\"><\/a><img decoding=\"async\" src=\"https:\/\/witan-posadzki.pl\/wp-content\/uploads\/2018\/07\/Witan-centrum-pod\u0142\u00f3g-bielsko-bia\u0142a-1.jpg\" class=\"vc_gitem-zone-img\" alt=\"\"><div class=\"vc_gitem-zone-mini\"><\/div><\/div><\/div><div class=\"vc_gitem-zone vc_gitem-zone-c vc_custom_1419240516480\"><div class=\"vc_gitem-zone-mini\"><div class=\"vc_gitem_row vc_row vc_gitem-row-position-top\"><div class=\"vc_col-sm-12 vc_gitem-col vc_gitem-col-align-\"><div class=\"vc_custom_heading vc_gitem-post-data vc_gitem-post-data-source-post_title\" ><h4 style=\"text-align: left\" >Nowe otwarcie naszego sklepu!<\/h4><\/div><div class=\"vc_custom_heading vc_gitem-post-data vc_gitem-post-data-source-post_excerpt\" ><p style=\"text-align: left\" ><a class=\"readmore-button\" href=\"https:\/\/witan-posadzki.pl\/de\/nowe-otwarcie-naszego-sklepu\/\">Czytaj wi\u0119cej...<\/a><\/p><\/div><div class=\"vc_btn3-container vc_btn3-left\"><a class=\"vc_general vc_btn3 vc_btn3-size-md vc_btn3-shape-rounded vc_btn3-style-flat vc_btn3-color-juicy-pink\" a href=\"https:\/\/witan-posadzki.pl\/de\/nowe-otwarcie-naszego-sklepu\/\" title=\"Weiterlesen\">Weiterlesen<\/a><\/div><\/div><\/div><\/div><\/div><\/div><div class=\"vc_clearfix\"><\/div><\/div><div class=\"vc_grid-item vc_clearfix vc_col-sm-3 vc_grid-item-zone-c-bottom\"><div class=\"vc_grid-item-mini vc_clearfix\"><div class=\"vc_gitem-animated-block\" \"><div class=\"vc_gitem-zone vc_gitem-zone-a vc-gitem-zone-height-mode-auto vc-gitem-zone-height-mode-auto-1-1 vc_gitem-is-link\" style=\"background-image: url('https:\/\/witan-posadzki.pl\/wp-content\/uploads\/2018\/05\/Kszta\u0142cenie-zawodowe-witold-ruszczy\u0144ski.jpg') !important;\"><a href=\"https:\/\/witan-posadzki.pl\/de\/ksztalcenie-zawodowe-perspektywy-rozwoju\/\" title=\"Kszta\u0142cenie zawodowe \u2013 perspektywy rozwoju\" class=\"vc_gitem-link vc-zone-link\"><\/a><img decoding=\"async\" src=\"https:\/\/witan-posadzki.pl\/wp-content\/uploads\/2018\/05\/Kszta\u0142cenie-zawodowe-witold-ruszczy\u0144ski.jpg\" class=\"vc_gitem-zone-img\" alt=\"\"><div class=\"vc_gitem-zone-mini\"><\/div><\/div><\/div><div class=\"vc_gitem-zone vc_gitem-zone-c vc_custom_1419240516480\"><div class=\"vc_gitem-zone-mini\"><div class=\"vc_gitem_row vc_row vc_gitem-row-position-top\"><div class=\"vc_col-sm-12 vc_gitem-col vc_gitem-col-align-\"><div class=\"vc_custom_heading vc_gitem-post-data vc_gitem-post-data-source-post_title\" ><h4 style=\"text-align: left\" >Kszta\u0142cenie zawodowe \u2013 perspektywy rozwoju<\/h4><\/div><div class=\"vc_custom_heading vc_gitem-post-data vc_gitem-post-data-source-post_excerpt\" ><p style=\"text-align: left\" ><a class=\"readmore-button\" href=\"https:\/\/witan-posadzki.pl\/de\/ksztalcenie-zawodowe-perspektywy-rozwoju\/\">Czytaj wi\u0119cej...<\/a><\/p><\/div><div class=\"vc_btn3-container vc_btn3-left\"><a class=\"vc_general vc_btn3 vc_btn3-size-md vc_btn3-shape-rounded vc_btn3-style-flat vc_btn3-color-juicy-pink\" a href=\"https:\/\/witan-posadzki.pl\/de\/ksztalcenie-zawodowe-perspektywy-rozwoju\/\" title=\"Weiterlesen\">Weiterlesen<\/a><\/div><\/div><\/div><\/div><\/div><\/div><div class=\"vc_clearfix\"><\/div><\/div><div class=\"vc_grid-item vc_clearfix vc_col-sm-3 vc_grid-item-zone-c-bottom\"><div class=\"vc_grid-item-mini vc_clearfix\"><div class=\"vc_gitem-animated-block\" \"><div class=\"vc_gitem-zone vc_gitem-zone-a vc-gitem-zone-height-mode-auto vc-gitem-zone-height-mode-auto-1-1 vc_gitem-is-link\" style=\"background-image: url('https:\/\/witan-posadzki.pl\/wp-content\/uploads\/2017\/04\/SP111_SP213_SP114_Cubes_RS_Com_Cafe_Image-1024x1024.jpg') !important;\"><a href=\"https:\/\/witan-posadzki.pl\/de\/spotkanie-architektow-level-up-2017\/\" title=\"Spotkanie Architekt\u00f3w LEVEL UP! 2017\" class=\"vc_gitem-link vc-zone-link\"><\/a><img decoding=\"async\" src=\"https:\/\/witan-posadzki.pl\/wp-content\/uploads\/2017\/04\/SP111_SP213_SP114_Cubes_RS_Com_Cafe_Image-1024x1024.jpg\" class=\"vc_gitem-zone-img\" alt=\"\"><div class=\"vc_gitem-zone-mini\"><\/div><\/div><\/div><div class=\"vc_gitem-zone vc_gitem-zone-c vc_custom_1419240516480\"><div class=\"vc_gitem-zone-mini\"><div class=\"vc_gitem_row vc_row vc_gitem-row-position-top\"><div class=\"vc_col-sm-12 vc_gitem-col vc_gitem-col-align-\"><div class=\"vc_custom_heading vc_gitem-post-data vc_gitem-post-data-source-post_title\" ><h4 style=\"text-align: left\" >Spotkanie Architekt\u00f3w LEVEL UP! 2017<\/h4><\/div><div class=\"vc_custom_heading vc_gitem-post-data vc_gitem-post-data-source-post_excerpt\" ><p style=\"text-align: left\" ><a class=\"readmore-button\" href=\"https:\/\/witan-posadzki.pl\/de\/spotkanie-architektow-level-up-2017\/\">Czytaj wi\u0119cej...<\/a><\/p><\/div><div class=\"vc_btn3-container vc_btn3-left\"><a class=\"vc_general vc_btn3 vc_btn3-size-md vc_btn3-shape-rounded vc_btn3-style-flat vc_btn3-color-juicy-pink\" a href=\"https:\/\/witan-posadzki.pl\/de\/spotkanie-architektow-level-up-2017\/\" title=\"Weiterlesen\">Weiterlesen<\/a><\/div><\/div><\/div><\/div><\/div><\/div><div class=\"vc_clearfix\"><\/div><\/div><\/div><\/div>\n\t<\/div>\n<\/div><\/div><\/div><\/div><\/div>","protected":false},"excerpt":{"rendered":"<a class=\"readmore-button\" href=\"https:\/\/witan-posadzki.pl\/de\/aktualnosci\/\">Czytaj wi\u0119cej...<\/a>","protected":false},"author":11,"featured_media":15380,"parent":0,"menu_order":0,"comment_status":"closed","ping_status":"closed","template":"page-fullwidth.php","meta":{"_acf_changed":false,"footnotes":"","_links_to":"","_links_to_target":""},"class_list":["post-15389","page","type-page","status-publish","has-post-thumbnail","hentry"],"acf":[],"jetpack_sharing_enabled":true,"jetpack_shortlink":"https:\/\/wp.me\/P9mMf8-40d","_links":{"self":[{"href":"https:\/\/witan-posadzki.pl\/de\/wp-json\/wp\/v2\/pages\/15389","targetHints":{"allow":["GET"]}}],"collection":[{"href":"https:\/\/witan-posadzki.pl\/de\/wp-json\/wp\/v2\/pages"}],"about":[{"href":"https:\/\/witan-posadzki.pl\/de\/wp-json\/wp\/v2\/types\/page"}],"author":[{"embeddable":true,"href":"https:\/\/witan-posadzki.pl\/de\/wp-json\/wp\/v2\/users\/11"}],"replies":[{"embeddable":true,"href":"https:\/\/witan-posadzki.pl\/de\/wp-json\/wp\/v2\/comments?post=15389"}],"version-history":[{"count":6,"href":"https:\/\/witan-posadzki.pl\/de\/wp-json\/wp\/v2\/pages\/15389\/revisions"}],"predecessor-version":[{"id":15984,"href":"https:\/\/witan-posadzki.pl\/de\/wp-json\/wp\/v2\/pages\/15389\/revisions\/15984"}],"wp:featuredmedia":[{"embeddable":true,"href":"https:\/\/witan-posadzki.pl\/de\/wp-json\/wp\/v2\/media\/15380"}],"wp:attachment":[{"href":"https:\/\/witan-posadzki.pl\/de\/wp-json\/wp\/v2\/media?parent=15389"}],"curies":[{"name":"wp","href":"https:\/\/api.w.org\/{rel}","templated":true}]}}