{"id":15455,"date":"2023-09-14T09:09:21","date_gmt":"2023-09-14T09:09:21","guid":{"rendered":"https:\/\/witan-posadzki.pl\/?page_id=15455"},"modified":"2023-11-08T06:39:43","modified_gmt":"2023-11-08T06:39:43","slug":"beton_dekoracyjny","status":"publish","type":"page","link":"https:\/\/witan-posadzki.pl\/de\/beton_dekoracyjny\/","title":{"rendered":"Posadzki dekoracyjne"},"content":{"rendered":"<div class=\"vc_row wpb_row vc_row-fluid\"><div class=\"wpb_column vc_column_container vc_col-sm-12\"><div class=\"vc_column-inner\"><div class=\"wpb_wrapper\"><div class=\"vc_empty_space\"   style=\"height: 32px\"><span class=\"vc_empty_space_inner\"><\/span><\/div>\n\t<div class=\"wpb_text_column wpb_content_element\" >\n\t\t<div class=\"wpb_wrapper\">\n\t\t\t<h1>Posadzki dekoracyjne<\/h1>\n<p>Posadzki dekoracyjne to typ powierzchni pod\u0142ogowej zaprojektowany z my\u015bl\u0105 o estetyce oraz funkcjonalno\u015bci. Dost\u0119pne s\u0105 w wielu r\u00f3\u017cnych stylach, kolorach i wzorach, co pozwala na indywidualne dostosowanie do wn\u0119trza oraz zastosowania specjalnych efekt\u00f3w dekoracyjnych. Wykonanie posadzki dekoracyjnej jest procesem wieloetapowym, kt\u00f3ry wymaga dok\u0142adnego planowania i wykonania<\/p>\n\n\t\t<\/div>\n\t<\/div>\n<div class=\"vc_empty_space\"   style=\"height: 32px\"><span class=\"vc_empty_space_inner\"><\/span><\/div><\/div><\/div><\/div><\/div><div class=\"vc_row wpb_row vc_row-fluid vc_column-gap-15 vc_row-o-full-height vc_row-o-columns-middle vc_row-o-equal-height vc_row-flex\"><div class=\"wpb_column vc_column_container vc_col-sm-4\"><div class=\"vc_column-inner\"><div class=\"wpb_wrapper\">\n\t<div class=\"wpb_text_column wpb_content_element\" >\n\t\t<div class=\"wpb_wrapper\">\n\t\t\t<h1><span style=\"color: #000000;\"><a style=\"color: #000000;\" href=\"https:\/\/witan-posadzki.pl\/de\/korodur-copetti-floor-kcf\/\"><sup><strong>Korodur Copetti Floor KCF\u00ae<\/strong><\/sup><\/a><\/span><\/h1>\n<h4><span style=\"color: #000000;\"><a style=\"color: #000000;\" href=\"https:\/\/witan-posadzki.pl\/de\/korodur-copetti-floor-kcf\/\">G\u0142adka pod\u0142oga dekoracyjna przypominaj\u0105ca marmur<\/a><\/span><\/h4>\n\n\t\t<\/div>\n\t<\/div>\n\n\t<div  class=\"wpb_single_image wpb_content_element vc_align_left  wpb_animate_when_almost_visible wpb_fadeIn fadeIn\">\n\t\t\n\t\t<figure class=\"wpb_wrapper vc_figure\">\n\t\t\t<div class=\"vc_single_image-wrapper vc_box_rounded  vc_box_border_grey\"><img fetchpriority=\"high\" decoding=\"async\" data-vc-zoom=\"https:\/\/witan-posadzki.pl\/wp-content\/uploads\/2023\/09\/korodur-copetti-floor-1.png\" width=\"300\" height=\"300\" src=\"https:\/\/witan-posadzki.pl\/wp-content\/uploads\/2023\/09\/korodur-copetti-floor-1-300x300.png\" class=\"vc_single_image-img attachment-medium\" alt=\"\" srcset=\"https:\/\/witan-posadzki.pl\/wp-content\/uploads\/2023\/09\/korodur-copetti-floor-1-300x300.png 300w, https:\/\/witan-posadzki.pl\/wp-content\/uploads\/2023\/09\/korodur-copetti-floor-1-150x150.png 150w, https:\/\/witan-posadzki.pl\/wp-content\/uploads\/2023\/09\/korodur-copetti-floor-1-480x480.png 480w, https:\/\/witan-posadzki.pl\/wp-content\/uploads\/2023\/09\/korodur-copetti-floor-1.png 746w\" sizes=\"(max-width: 300px) 100vw, 300px\" \/><\/div>\n\t\t<\/figure>\n\t<\/div>\n\n\t<div class=\"wpb_text_column wpb_content_element\" >\n\t\t<div class=\"wpb_wrapper\">\n\t\t\t<p>Obszary zastosowa\u0144: Sale sprzeda\u017cowe, muzea, sale ekspozycyjne, butiki, lobby, budynki biurowe i administracyjne, restauracje, galerie.<\/p>\n\n\t\t<\/div>\n\t<\/div>\n<\/div><\/div><\/div><div class=\"wpb_column vc_column_container vc_col-sm-4\"><div class=\"vc_column-inner\"><div class=\"wpb_wrapper\">\n\t<div class=\"wpb_text_column wpb_content_element\" >\n\t\t<div class=\"wpb_wrapper\">\n\t\t\t<h1 style=\"text-align: left;\"><span style=\"color: #000000;\"><a style=\"color: #000000;\" href=\"https:\/\/witan-posadzki.pl\/de\/posadzki-dekoracyjne-korodur\/ultragranit\/\">Beton dekoracyjny UltraGranit<\/a><\/span><\/h1>\n<h4 style=\"text-align: left;\"><span style=\"color: #000000;\"><a style=\"color: #000000;\" href=\"https:\/\/witan-posadzki.pl\/de\/posadzki-dekoracyjne-korodur\/ultragranit\/\">Polerowana pod\u0142oga dekoracyjna o wygl\u0105dzie granitu<\/a><\/span><\/h4>\n\n\t\t<\/div>\n\t<\/div>\n\n\t<div  class=\"wpb_single_image wpb_content_element vc_align_left\">\n\t\t\n\t\t<figure class=\"wpb_wrapper vc_figure\">\n\t\t\t<a href=\"https:\/\/witan-posadzki.pl\/de\/ultragranit\/\" target=\"_self\" class=\"vc_single_image-wrapper vc_box_rounded  vc_box_border_grey\"><img decoding=\"async\" width=\"281\" height=\"281\" src=\"https:\/\/witan-posadzki.pl\/wp-content\/uploads\/2023\/09\/UltraGrani.png\" class=\"vc_single_image-img attachment-medium\" alt=\"\" srcset=\"https:\/\/witan-posadzki.pl\/wp-content\/uploads\/2023\/09\/UltraGrani.png 281w, https:\/\/witan-posadzki.pl\/wp-content\/uploads\/2023\/09\/UltraGrani-150x150.png 150w\" sizes=\"(max-width: 281px) 100vw, 281px\" \/><\/a>\n\t\t<\/figure>\n\t<\/div>\n\n\t<div class=\"wpb_text_column wpb_content_element\" >\n\t\t<div class=\"wpb_wrapper\">\n\t\t\t<p style=\"text-align: left;\">Obszary zastosowa\u0144: Sale sprzeda\u017cowe, muzea, powierzchnie ekspozycyjne, butiki, foyer, budynki biurowe i administracyjne, restauracje, galerie<\/p>\n\n\t\t<\/div>\n\t<\/div>\n<\/div><\/div><\/div><div class=\"wpb_column vc_column_container vc_col-sm-4\"><div class=\"vc_column-inner\"><div class=\"wpb_wrapper\">\n\t<div class=\"wpb_text_column wpb_content_element\" >\n\t\t<div class=\"wpb_wrapper\">\n\t\t\t<h1><a href=\"https:\/\/witan-posadzki.pl\/de\/posadzki-dekoracyjne-korodur\/solidpaper\/\"><span style=\"color: #000000;\">Beton dekoracyjny SolidPepper<\/span><\/a><\/h1>\n<h4><span style=\"color: #000000;\"><a style=\"color: #000000;\" href=\"https:\/\/witan-posadzki.pl\/de\/posadzki-dekoracyjne-korodur\/solidpaper\/\">SolidPepper Self-Leveling \/ SolidPepper PC \/ SolidPepper SP<\/a><\/span><\/h4>\n\n\t\t<\/div>\n\t<\/div>\n\n\t<div  class=\"wpb_single_image wpb_content_element vc_align_left\">\n\t\t\n\t\t<figure class=\"wpb_wrapper vc_figure\">\n\t\t\t<a href=\"https:\/\/witan-posadzki.pl\/de\/posadzki-dekoracyjne-korodur\/solidpaper\/\" target=\"_self\" class=\"vc_single_image-wrapper vc_box_rounded  vc_box_border_grey\"><img decoding=\"async\" width=\"300\" height=\"300\" src=\"https:\/\/witan-posadzki.pl\/wp-content\/uploads\/2023\/09\/SolidPaper-300x300.png\" class=\"vc_single_image-img attachment-medium\" alt=\"\" srcset=\"https:\/\/witan-posadzki.pl\/wp-content\/uploads\/2023\/09\/SolidPaper-300x300.png 300w, https:\/\/witan-posadzki.pl\/wp-content\/uploads\/2023\/09\/SolidPaper-150x150.png 150w, https:\/\/witan-posadzki.pl\/wp-content\/uploads\/2023\/09\/SolidPaper-480x480.png 480w, https:\/\/witan-posadzki.pl\/wp-content\/uploads\/2023\/09\/SolidPaper.png 741w\" sizes=\"(max-width: 300px) 100vw, 300px\" \/><\/a>\n\t\t<\/figure>\n\t<\/div>\n\n\t<div class=\"wpb_text_column wpb_content_element\" >\n\t\t<div class=\"wpb_wrapper\">\n\t\t\t<p>Obszary zastosowa\u0144: sale sprzeda\u017cy, restauracje, foyer, muzea czy budynki administracyjne<\/p>\n\n\t\t<\/div>\n\t<\/div>\n<\/div><\/div><\/div><\/div><div class=\"vc_row wpb_row vc_row-fluid\"><div class=\"wpb_column vc_column_container vc_col-sm-4\"><div class=\"vc_column-inner\"><div class=\"wpb_wrapper\">\n\t<div class=\"wpb_text_column wpb_content_element\" >\n\t\t<div class=\"wpb_wrapper\">\n\t\t\t<h1><strong><span style=\"color: #000000;\"><a style=\"color: #000000;\" href=\"https:\/\/witan-posadzki.pl\/de\/beton-dekoracyjny\/neoplane\/\">Beton dekoracyjny NeoPlane<\/a><\/span><\/strong><\/h1>\n<h4><span style=\"color: #000000;\"><a style=\"color: #000000;\" href=\"https:\/\/witan-posadzki.pl\/de\/beton-dekoracyjny\/neoplane\/\">Cementowa, szybkowi\u0105\u017c\u0105ca, cienkowarstwowa posadzka przemys\u0142owa<\/a><\/span><\/h4>\n\n\t\t<\/div>\n\t<\/div>\n\n\t<div  class=\"wpb_single_image wpb_content_element vc_align_left  wpb_animate_when_almost_visible wpb_fadeIn fadeIn\">\n\t\t\n\t\t<figure class=\"wpb_wrapper vc_figure\">\n\t\t\t<a href=\"https:\/\/witan-posadzki.pl\/de\/beton-dekoracyjny\/neoplane\/\" target=\"_self\" class=\"vc_single_image-wrapper vc_box_rounded  vc_box_border_grey\"><img loading=\"lazy\" decoding=\"async\" width=\"300\" height=\"300\" src=\"https:\/\/witan-posadzki.pl\/wp-content\/uploads\/2023\/09\/neodur-level-1-300x300.jpg\" class=\"vc_single_image-img attachment-medium\" alt=\"\" srcset=\"https:\/\/witan-posadzki.pl\/wp-content\/uploads\/2023\/09\/neodur-level-1-300x300.jpg 300w, https:\/\/witan-posadzki.pl\/wp-content\/uploads\/2023\/09\/neodur-level-1-1024x1024.jpg 1024w, https:\/\/witan-posadzki.pl\/wp-content\/uploads\/2023\/09\/neodur-level-1-150x150.jpg 150w, https:\/\/witan-posadzki.pl\/wp-content\/uploads\/2023\/09\/neodur-level-1-768x768.jpg 768w, https:\/\/witan-posadzki.pl\/wp-content\/uploads\/2023\/09\/neodur-level-1-480x480.jpg 480w, https:\/\/witan-posadzki.pl\/wp-content\/uploads\/2023\/09\/neodur-level-1-1536x1536.jpg 1536w, https:\/\/witan-posadzki.pl\/wp-content\/uploads\/2023\/09\/neodur-level-1-2048x2048.jpg 2048w\" sizes=\"(max-width: 300px) 100vw, 300px\" \/><\/a>\n\t\t<\/figure>\n\t<\/div>\n\n\t<div class=\"wpb_text_column wpb_content_element\" >\n\t\t<div class=\"wpb_wrapper\">\n\t\t\t<p>Obszary zastosowa\u0144: w salach sprzeda\u017cowych, przy budowie i renowacji powierzchni magazynowych i hal produkcyjnych oraz w parkingach podziemnych.<\/p>\n\n\t\t<\/div>\n\t<\/div>\n<\/div><\/div><\/div><div class=\"wpb_column vc_column_container vc_col-sm-4\"><div class=\"vc_column-inner\"><div class=\"wpb_wrapper\">\n\t<div class=\"wpb_text_column wpb_content_element\" >\n\t\t<div class=\"wpb_wrapper\">\n\t\t\t<h1><span style=\"color: #000000;\"><a style=\"color: #000000;\" href=\"https:\/\/witan-posadzki.pl\/de\/posadzki-przemyslowe\/rapidconcrete\/\">Beton dekoracyjny RapidConcrete\u2122<\/a><\/span><\/h1>\n<h4><span style=\"color: #000000;\"><a style=\"color: #000000;\" href=\"https:\/\/witan-posadzki.pl\/de\/posadzki-przemyslowe\/rapidconcrete\/\">Cementowa, szybkowi\u0105\u017c\u0105ca, cienkowarstwowa posadzka przemys\u0142owa<\/a><\/span><\/h4>\n\n\t\t<\/div>\n\t<\/div>\n\n\t<div  class=\"wpb_single_image wpb_content_element vc_align_left  wpb_animate_when_almost_visible wpb_fadeIn fadeIn\">\n\t\t\n\t\t<figure class=\"wpb_wrapper vc_figure\">\n\t\t\t<a href=\"https:\/\/witan-posadzki.pl\/de\/posadzki-przemyslowe\/rapidconcrete\/\" target=\"_self\" class=\"vc_single_image-wrapper vc_box_rounded  vc_box_border_grey\"><img loading=\"lazy\" decoding=\"async\" width=\"300\" height=\"300\" src=\"https:\/\/witan-posadzki.pl\/wp-content\/uploads\/2023\/09\/rapidconcrete-300x300.jpg\" class=\"vc_single_image-img attachment-medium\" alt=\"\" srcset=\"https:\/\/witan-posadzki.pl\/wp-content\/uploads\/2023\/09\/rapidconcrete-300x300.jpg 300w, https:\/\/witan-posadzki.pl\/wp-content\/uploads\/2023\/09\/rapidconcrete-1024x1024.jpg 1024w, https:\/\/witan-posadzki.pl\/wp-content\/uploads\/2023\/09\/rapidconcrete-150x150.jpg 150w, https:\/\/witan-posadzki.pl\/wp-content\/uploads\/2023\/09\/rapidconcrete-768x768.jpg 768w, https:\/\/witan-posadzki.pl\/wp-content\/uploads\/2023\/09\/rapidconcrete-480x480.jpg 480w, https:\/\/witan-posadzki.pl\/wp-content\/uploads\/2023\/09\/rapidconcrete-1536x1536.jpg 1536w, https:\/\/witan-posadzki.pl\/wp-content\/uploads\/2023\/09\/rapidconcrete-2048x2048.jpg 2048w\" sizes=\"(max-width: 300px) 100vw, 300px\" \/><\/a>\n\t\t<\/figure>\n\t<\/div>\n\n\t<div class=\"wpb_text_column wpb_content_element\" >\n\t\t<div class=\"wpb_wrapper\">\n\t\t\t<p>Obszary zastosowa\u0144: w salach sprzeda\u017cowych, przy budowie i renowacji powierzchni magazynowych i hal produkcyjnych oraz w parkingach podziemnych.<\/p>\n\n\t\t<\/div>\n\t<\/div>\n<\/div><\/div><\/div><div class=\"wpb_column vc_column_container vc_col-sm-4\"><div class=\"vc_column-inner\"><div class=\"wpb_wrapper\"><\/div><\/div><\/div><\/div>","protected":false},"excerpt":{"rendered":"<a class=\"readmore-button\" href=\"https:\/\/witan-posadzki.pl\/de\/beton_dekoracyjny\/\">Czytaj wi\u0119cej...<\/a>","protected":false},"author":11,"featured_media":0,"parent":0,"menu_order":0,"comment_status":"closed","ping_status":"closed","template":"page-fullwidth.php","meta":{"_acf_changed":false,"footnotes":"","_links_to":"","_links_to_target":""},"class_list":["post-15455","page","type-page","status-publish","hentry"],"acf":[],"jetpack_sharing_enabled":true,"jetpack_shortlink":"https:\/\/wp.me\/P9mMf8-41h","_links":{"self":[{"href":"https:\/\/witan-posadzki.pl\/de\/wp-json\/wp\/v2\/pages\/15455","targetHints":{"allow":["GET"]}}],"collection":[{"href":"https:\/\/witan-posadzki.pl\/de\/wp-json\/wp\/v2\/pages"}],"about":[{"href":"https:\/\/witan-posadzki.pl\/de\/wp-json\/wp\/v2\/types\/page"}],"author":[{"embeddable":true,"href":"https:\/\/witan-posadzki.pl\/de\/wp-json\/wp\/v2\/users\/11"}],"replies":[{"embeddable":true,"href":"https:\/\/witan-posadzki.pl\/de\/wp-json\/wp\/v2\/comments?post=15455"}],"version-history":[{"count":58,"href":"https:\/\/witan-posadzki.pl\/de\/wp-json\/wp\/v2\/pages\/15455\/revisions"}],"predecessor-version":[{"id":15636,"href":"https:\/\/witan-posadzki.pl\/de\/wp-json\/wp\/v2\/pages\/15455\/revisions\/15636"}],"wp:attachment":[{"href":"https:\/\/witan-posadzki.pl\/de\/wp-json\/wp\/v2\/media?parent=15455"}],"curies":[{"name":"wp","href":"https:\/\/api.w.org\/{rel}","templated":true}]}}