{"id":15638,"date":"2024-01-26T11:21:54","date_gmt":"2024-01-26T11:21:54","guid":{"rendered":"https:\/\/witan-posadzki.pl\/?page_id=15638"},"modified":"2024-04-16T14:47:26","modified_gmt":"2024-04-16T12:47:26","slug":"kariera-2","status":"publish","type":"page","link":"https:\/\/witan-posadzki.pl\/de\/kariera-2\/","title":{"rendered":"Kariera"},"content":{"rendered":"<div class=\"vc_row wpb_row vc_row-fluid\"><div class=\"wpb_column vc_column_container vc_col-sm-12\"><div class=\"vc_column-inner\"><div class=\"wpb_wrapper\">\n\t<div class=\"wpb_text_column wpb_content_element\" >\n\t\t<div class=\"wpb_wrapper\">\n\t\t\t<p>W zwi\u0105zku z dynamicznym rozwojem naszej firmy, poszukujemy nowych pracownik\u00f3w, kt\u00f3rzy do\u0142\u0105cz\u0105 do naszego zespo\u0142u. Przedstawiamy atrakcyjne oferty pracy dostosowane do r\u00f3\u017cnych kwalifikacji i do\u015bwiadcze\u0144. Zach\u0119camy do zapoznania si\u0119 z aktualnymi wakatami:<\/p>\n\n\t\t<\/div>\n\t<\/div>\n\n\t<div class=\"wpb_text_column wpb_content_element\" >\n\t\t<div class=\"wpb_wrapper\">\n\t\t\t<h1 style=\"text-align: center;\">Aktualne oferty pracy<\/h1>\n\n\t\t<\/div>\n\t<\/div>\n<\/div><\/div><\/div><\/div><div class=\"vc_row wpb_row vc_row-fluid vc_row-o-equal-height vc_row-o-content-middle vc_row-flex\"><div class=\"wpb_column vc_column_container vc_col-sm-6 vc_col-has-fill\"><div class=\"vc_column-inner vc_custom_1706270582405\"><div class=\"wpb_wrapper\"><div class=\"vc_icon_element vc_icon_element-outer wpb_animate_when_almost_visible wpb_fadeIn fadeIn vc_icon_element-align-center\"><div class=\"vc_icon_element-inner vc_icon_element-color-custom vc_icon_element-size-lg vc_icon_element-style- vc_icon_element-background-color-grey\" ><span class=\"vc_icon_element-icon fas fa-hard-hat\" style=\"color:#dd3333 !important\"><\/span><\/div><\/div><h2 style=\"font-size: 20px;color: #353535;text-align: center;font-family:Raleway;font-weight:700;font-style:normal\" class=\"vc_custom_heading wpb_animate_when_almost_visible wpb_fadeIn fadeIn\" >Posadzkarz \u2013 monta\u017cysta wyk\u0142adzin<\/h2>\n\t<div class=\"wpb_text_column wpb_content_element\" >\n\t\t<div class=\"wpb_wrapper\">\n\t\t\t\n\t\t<\/div>\n\t<\/div>\n<div class=\"vc_btn3-container  wpb_animate_when_almost_visible wpb_fadeIn fadeIn vc_btn3-center\" ><a style=\"background-color:#dd3333; color:#ffffff;\" class=\"vc_general vc_btn3 vc_btn3-size-lg vc_btn3-shape-square vc_btn3-style-custom\" href=\"https:\/\/witan-posadzki.pl\/de\/posadzkarz\/\" title=\"Posadzkarz\">Zobacz wi\u0119cej<\/a><\/div><\/div><\/div><\/div><\/div><div class=\"vc_row wpb_row vc_row-fluid\"><div class=\"wpb_column vc_column_container vc_col-sm-12\"><div class=\"vc_column-inner\"><div class=\"wpb_wrapper\"><div class=\"vc_empty_space\"   style=\"height: 150px\"><span class=\"vc_empty_space_inner\"><\/span><\/div><\/div><\/div><\/div><\/div><div class=\"vc_row wpb_row vc_row-fluid\"><div class=\"wpb_column vc_column_container vc_col-sm-8\"><div class=\"vc_column-inner\"><div class=\"wpb_wrapper\">\n\t<div class=\"wpb_text_column wpb_content_element\" >\n\t\t<div class=\"wpb_wrapper\">\n\t\t\t<h1>Kariera w WITAN Centrum Pod\u0142\u00f3g<\/h1>\n\n\t\t<\/div>\n\t<\/div>\n\n\t<div class=\"wpb_text_column wpb_content_element\" >\n\t\t<div class=\"wpb_wrapper\">\n\t\t\t<p>Witan Centrum Pod\u0142\u00f3g to dynamicznie rozwijaj\u0105ca si\u0119 firma z ponad dwudziestoletnim do\u015bwiadczeniem na rynku wyko\u0144cze\u0144 pod\u0142ogowych. Specjalizujemy si\u0119 w sprzeda\u017cy, monta\u017cu i serwisie pod\u0142\u00f3g, oferuj\u0105c kompleksowe us\u0142ugi zar\u00f3wno dla klient\u00f3w indywidualnych, jak i instytucjonalnych.<\/p>\n<p>Do naszego zespo\u0142u zapraszamy przysz\u0142ych pracownik\u00f3w, kt\u00f3rzy pragn\u0105 rozwija\u0107 swoje umiej\u0119tno\u015bci i do\u015bwiadczenie w dynamicznym, profesjonalnym \u015brodowisku. Oferujemy stabilne zatrudnienie, wsparcie w rozwoju zawodowym i mo\u017cliwo\u015b\u0107 pracy przy r\u00f3\u017cnorodnych, innowacyjnych projektach. Do\u0142\u0105cz do nas i wsp\u00f3lnie tw\u00f3rzmy przestrzenie, kt\u00f3re zachwycaj\u0105 i inspiruj\u0105!<\/p>\n\n\t\t<\/div>\n\t<\/div>\n<\/div><\/div><\/div><div class=\"wpb_column vc_column_container vc_col-sm-4\"><div class=\"vc_column-inner\"><div class=\"wpb_wrapper\"><\/div><\/div><\/div><\/div><div class=\"vc_row wpb_row vc_row-fluid\"><div class=\"wpb_column vc_column_container vc_col-sm-12\"><div class=\"vc_column-inner\"><div class=\"wpb_wrapper\"><div class=\"vc_btn3-container  wpb_animate_when_almost_visible wpb_fadeIn fadeIn vc_btn3-inline\" ><button class=\"vc_general vc_btn3 vc_btn3-size-lg vc_btn3-shape-rounded vc_btn3-style-flat vc_btn3-color-danger\">Aplikuj \u2013 zadzwo\u0144 609 029 099<\/button><\/div><\/div><\/div><\/div><\/div>","protected":false},"excerpt":{"rendered":"<a class=\"readmore-button\" href=\"https:\/\/witan-posadzki.pl\/de\/kariera-2\/\">Czytaj wi\u0119cej...<\/a>","protected":false},"author":11,"featured_media":0,"parent":0,"menu_order":0,"comment_status":"closed","ping_status":"closed","template":"page-fullwidth.php","meta":{"_acf_changed":false,"footnotes":"","_links_to":"","_links_to_target":""},"class_list":["post-15638","page","type-page","status-publish","hentry"],"acf":[],"jetpack_sharing_enabled":true,"jetpack_shortlink":"https:\/\/wp.me\/P9mMf8-44e","_links":{"self":[{"href":"https:\/\/witan-posadzki.pl\/de\/wp-json\/wp\/v2\/pages\/15638","targetHints":{"allow":["GET"]}}],"collection":[{"href":"https:\/\/witan-posadzki.pl\/de\/wp-json\/wp\/v2\/pages"}],"about":[{"href":"https:\/\/witan-posadzki.pl\/de\/wp-json\/wp\/v2\/types\/page"}],"author":[{"embeddable":true,"href":"https:\/\/witan-posadzki.pl\/de\/wp-json\/wp\/v2\/users\/11"}],"replies":[{"embeddable":true,"href":"https:\/\/witan-posadzki.pl\/de\/wp-json\/wp\/v2\/comments?post=15638"}],"version-history":[{"count":16,"href":"https:\/\/witan-posadzki.pl\/de\/wp-json\/wp\/v2\/pages\/15638\/revisions"}],"predecessor-version":[{"id":15793,"href":"https:\/\/witan-posadzki.pl\/de\/wp-json\/wp\/v2\/pages\/15638\/revisions\/15793"}],"wp:attachment":[{"href":"https:\/\/witan-posadzki.pl\/de\/wp-json\/wp\/v2\/media?parent=15638"}],"curies":[{"name":"wp","href":"https:\/\/api.w.org\/{rel}","templated":true}]}}