{"id":15976,"date":"2024-07-05T08:43:13","date_gmt":"2024-07-05T06:43:13","guid":{"rendered":"https:\/\/witan-posadzki.pl\/?page_id=15976"},"modified":"2025-06-02T14:52:53","modified_gmt":"2025-06-02T12:52:53","slug":"katalogi-referencyjne","status":"publish","type":"page","link":"https:\/\/witan-posadzki.pl\/de\/katalogi-referencyjne\/","title":{"rendered":"Katalogi referencyjne"},"content":{"rendered":"<div class=\"vc_row wpb_row vc_row-fluid\"><div class=\"wpb_column vc_column_container vc_col-sm-12\"><div class=\"vc_column-inner\"><div class=\"wpb_wrapper\">\n\t<div class=\"wpb_text_column wpb_content_element\" >\n\t\t<div class=\"wpb_wrapper\">\n\t\t\t<div style=\"width: fit-content; font-family: Arial;\">\n<div style=\"display: flex; flex-direction: row; flex-wrap: wrap; align-items: center; justify-content: space-between; margin: 30px 0;\">\n<h2 style=\"margin: 10px 50px 10px 0; padding: 0; font-weight: bold; font-family: Arial; font-size: 1.4em;\">Kopalnia Soli w Wieliczce \u2013<br \/>\nKomora Wis\u0142a i Drozdowice<\/h2>\n<div style=\"margin: 10px 0; display: flex; flex-direction: row; flex-wrap: nowrap; justify-content: space-between; width: 300px;\">\n<div style=\"background: gray; padding: 5px 10px; border: 1px solid transparent; border-radius: 2px; cursor: pointer; display: flex; align-items: center; justify-content: center;\">\n<p style=\"margin: 0; padding: 0;\"><a style=\"text-decoration: none; color: white; font-size: 1.1rem; font-weight: bold; font-family: Arial;\" href=\"https:\/\/witan-posadzki.pl\/wp-content\/uploads\/2024\/10\/Wieliczka-\u2013-komora-Wisla-i-Drozdowice.pdf\" target=\"_blank\" rel=\"noopener noreferrer\">Wy\u015bwietl<\/a><\/p>\n<\/div>\n<div style=\"background: #dd3333; padding: 5px 10px; border: 1px solid transparent; border-radius: 2px; cursor: pointer; display: flex; align-items: center; justify-content: center;\">\n<p style=\"margin: 0; padding: 0;\"><a style=\"text-decoration: none; color: white; font-size: 1.1rem; font-weight: bold; font-family: Arial;\" href=\"https:\/\/witan-posadzki.pl\/wp-content\/uploads\/2024\/10\/Wieliczka-\u2013-komora-Wisla-i-Drozdowice.pdf.zip\" target=\"_blank\" rel=\"noopener noreferrer\">Pobierz katalog<\/a><\/p>\n<\/div>\n<\/div>\n<\/div>\n<div style=\"display: flex; flex-direction: row; flex-wrap: wrap; align-items: center; justify-content: space-between; margin: 30px 0;\">\n<h2 style=\"margin: 10px 50px 10px 0; padding: 0; font-weight: bold; font-family: Arial; font-size: 1.4em;\">Kopalnia Soli w Wieliczce \u2013<br \/>\nSchody Prizinger<\/h2>\n<div style=\"margin: 10px 0; display: flex; flex-direction: row; flex-wrap: nowrap; justify-content: space-between; width: 300px;\">\n<div style=\"background: gray; padding: 5px 10px; border: 1px solid transparent; border-radius: 2px; cursor: pointer; display: flex; align-items: center; justify-content: center;\">\n<p style=\"margin: 0; padding: 0;\"><a style=\"text-decoration: none; color: white; font-size: 1.1rem; font-weight: bold; font-family: Arial;\" href=\"https:\/\/witan-posadzki.pl\/wp-content\/uploads\/2024\/10\/schody-prizinger.pdf\" target=\"_blank\" rel=\"noopener noreferrer\">Wy\u015bwietl<\/a><\/p>\n<\/div>\n<div style=\"background: #dd3333; padding: 5px 10px; border: 1px solid transparent; border-radius: 2px; cursor: pointer; display: flex; align-items: center; justify-content: center;\">\n<p style=\"margin: 0; padding: 0;\"><a style=\"text-decoration: none; color: white; font-size: 1.1rem; font-weight: bold; font-family: Arial;\" target=\"_blank\" rel=\"noopener noreferrer\">Pobierz katalog<\/a><\/p>\n<\/div>\n<\/div>\n<\/div>\n<div style=\"display: flex; flex-direction: row; flex-wrap: wrap; align-items: center; justify-content: space-between; margin: 30px 0;\">\n<h2 style=\"margin: 10px 50px 10px 0; padding: 0; font-weight: bold; font-family: Arial; font-size: 1.4em;\">Hegellmann Zgorzelec<\/h2>\n<div style=\"margin: 10px 0; display: flex; flex-direction: row; flex-wrap: nowrap; justify-content: space-between; width: 300px;\">\n<div style=\"background: gray; padding: 5px 10px; border: 1px solid transparent; border-radius: 2px; cursor: pointer; display: flex; align-items: center; justify-content: center;\">\n<p style=\"margin: 0; padding: 0;\"><a style=\"text-decoration: none; color: white; font-size: 1.1rem; font-weight: bold; font-family: Arial;\" href=\"https:\/\/witan-posadzki.pl\/wp-content\/uploads\/2024\/10\/Hegelmann-katalog-.pdf\" target=\"_blank\" rel=\"noopener noreferrer\">Wy\u015bwietl<\/a><\/p>\n<\/div>\n<div style=\"background: #dd3333; padding: 5px 10px; border: 1px solid transparent; border-radius: 2px; cursor: pointer; display: flex; align-items: center; justify-content: center;\">\n<p style=\"margin: 0; padding: 0;\"><a style=\"text-decoration: none; color: white; font-size: 1.1rem; font-weight: bold; font-family: Arial;\" href=\"https:\/\/witan-posadzki.pl\/wp-content\/uploads\/2024\/10\/Hegelmann-katalog-.pdf.zip\" target=\"_blank\" rel=\"noopener noreferrer\">Pobierz katalog<\/a><\/p>\n<\/div>\n<\/div>\n<\/div>\n<div style=\"display: flex; flex-direction: row; flex-wrap: wrap; align-items: center; justify-content: space-between; margin: 30px 0;\">\n<h2 style=\"margin: 10px 50px 10px 0; padding: 0; font-weight: bold; font-family: Arial; font-size: 1.4em;\">Zamek Piastowski w<br \/>\nRaciborzu<\/h2>\n<div style=\"margin: 10px 0; display: flex; flex-direction: row; flex-wrap: nowrap; justify-content: space-between; width: 300px;\">\n<div style=\"background: gray; padding: 5px 10px; border: 1px solid transparent; border-radius: 2px; cursor: pointer; display: flex; align-items: center; justify-content: center;\">\n<p style=\"margin: 0; padding: 0;\"><a style=\"text-decoration: none; color: white; font-size: 1.1rem; font-weight: bold; font-family: Arial;\" href=\"https:\/\/witan-posadzki.pl\/wp-content\/uploads\/2024\/09\/raciborz-zamek-katalog.pdf\" target=\"_blank\" rel=\"noopener noreferrer\">Wy\u015bwietl<\/a><\/p>\n<\/div>\n<div style=\"background: #dd3333; padding: 5px 10px; border: 1px solid transparent; border-radius: 2px; cursor: pointer; display: flex; align-items: center; justify-content: center;\">\n<p style=\"margin: 0; padding: 0;\"><a style=\"text-decoration: none; color: white; font-size: 1.1rem; font-weight: bold; font-family: Arial;\" href=\"https:\/\/witan-posadzki.pl\/wp-content\/uploads\/2024\/09\/raciborz-zamek-katalog.pdf.zip\" target=\"_blank\" rel=\"noopener noreferrer\">Pobierz katalog<\/a><\/p>\n<\/div>\n<\/div>\n<\/div>\n<div style=\"display: flex; flex-direction: row; flex-wrap: wrap; align-items: center; justify-content: space-between; margin: 30px 0;\">\n<h2 style=\"margin: 10px 50px 10px 0; padding: 0; font-weight: bold; font-family: Arial; font-size: 1.4em;\">Muzeum Tyskich Browar\u00f3w<br \/>\nKsi\u0105\u017c\u0119cych<\/h2>\n<div style=\"margin: 10px 0; display: flex; flex-direction: row; flex-wrap: nowrap; justify-content: space-between; width: 300px;\">\n<div style=\"background: gray; padding: 5px 10px; border: 1px solid transparent; border-radius: 2px; cursor: pointer; display: flex; align-items: center; justify-content: center;\">\n<p style=\"margin: 0; padding: 0;\"><a style=\"text-decoration: none; color: white; font-size: 1.1rem; font-weight: bold; font-family: Arial;\" href=\"https:\/\/witan-posadzki.pl\/wp-content\/uploads\/2024\/07\/tyskie.pdf\" target=\"_blank\" rel=\"noopener noreferrer\">Wy\u015bwietl<\/a><\/p>\n<\/div>\n<div style=\"background: #dd3333; padding: 5px 10px; border: 1px solid transparent; border-radius: 2px; cursor: pointer; display: flex; align-items: center; justify-content: center;\">\n<p style=\"margin: 0; padding: 0;\"><a style=\"text-decoration: none; color: white; font-size: 1.1rem; font-weight: bold; font-family: Arial;\" href=\"https:\/\/witan-posadzki.pl\/wp-content\/uploads\/2024\/07\/tyskie.pdf.zip\" target=\"_blank\" rel=\"noopener noreferrer\">Pobierz katalog<\/a><\/p>\n<\/div>\n<\/div>\n<\/div>\n<div style=\"display: flex; flex-direction: row; flex-wrap: wrap; align-items: center; justify-content: space-between; margin: 30px 0;\">\n<h2 style=\"margin: 10px 50px 10px 0; padding: 0; font-weight: bold; font-family: Arial; font-size: 1.4em;\">Siedziba firmy \u015awierkot<\/h2>\n<div style=\"margin: 10px 0; display: flex; flex-direction: row; flex-wrap: nowrap; justify-content: space-between; width: 300px;\">\n<div style=\"background: gray; padding: 5px 10px; border: 1px solid transparent; border-radius: 2px; cursor: pointer; display: flex; align-items: center; justify-content: center;\">\n<p style=\"margin: 0; padding: 0;\"><a style=\"text-decoration: none; color: white; font-size: 1.1rem; font-weight: bold; font-family: Arial;\" href=\"https:\/\/witan-posadzki.pl\/wp-content\/uploads\/2024\/07\/swierkot.pdf\" target=\"_blank\" rel=\"noopener noreferrer\">Wy\u015bwietl<\/a><\/p>\n<\/div>\n<div style=\"background: #dd3333; padding: 5px 10px; border: 1px solid transparent; border-radius: 2px; cursor: pointer; display: flex; align-items: center; justify-content: center;\">\n<p style=\"margin: 0; padding: 0;\"><a style=\"text-decoration: none; color: white; font-size: 1.1rem; font-weight: bold; font-family: Arial;\" href=\"https:\/\/witan-posadzki.pl\/wp-content\/uploads\/2024\/07\/swierkot.pdf.zip\" target=\"_blank\" rel=\"noopener noreferrer\">Pobierz katalog<\/a><\/p>\n<\/div>\n<\/div>\n<\/div>\n<div style=\"display: flex; flex-direction: row; flex-wrap: wrap; align-items: center; justify-content: space-between; margin: 30px 0;\">\n<h2 style=\"margin: 10px 50px 10px 0; padding: 0; font-weight: bold; font-family: Arial; font-size: 1.4em;\">Salon firmowy Agata w<br \/>\nRybniku<\/h2>\n<div style=\"margin: 10px 0; display: flex; flex-direction: row; flex-wrap: nowrap; justify-content: space-between; width: 300px;\">\n<div style=\"background: gray; padding: 5px 10px; border: 1px solid transparent; border-radius: 2px; cursor: pointer; display: flex; align-items: center; justify-content: center;\">\n<p style=\"margin: 0; padding: 0;\"><a style=\"text-decoration: none; color: white; font-size: 1.1rem; font-weight: bold; font-family: Arial;\" href=\"https:\/\/witan-posadzki.pl\/wp-content\/uploads\/2024\/11\/Katalog-referencyjny-Agata-w-Rybniku.pdf\" target=\"_blank\" rel=\"noopener noreferrer\">Wy\u015bwietl<\/a><\/p>\n<\/div>\n<div style=\"background: #dd3333; padding: 5px 10px; border: 1px solid transparent; border-radius: 2px; cursor: pointer; display: flex; align-items: center; justify-content: center;\">\n<p style=\"margin: 0; padding: 0;\"><a style=\"text-decoration: none; color: white; font-size: 1.1rem; font-weight: bold; font-family: Arial;\" href=\"https:\/\/witan-posadzki.pl\/wp-content\/uploads\/2024\/11\/Katalog-referencyjny-Agata-w-Rybniku.pdf.zip\" target=\"_blank\" rel=\"noopener noreferrer\">Pobierz katalog<\/a><\/p>\n<\/div>\n<\/div>\n<\/div>\n<\/div>\n<div style=\"width: fit-content; font-family: Arial;\">\n<div style=\"display: flex; flex-direction: row; flex-wrap: wrap; align-items: center; justify-content: space-between; margin: 30px 0;\">\n<h2 style=\"margin: 10px 50px 10px 0; padding: 0; font-weight: bold; font-family: Arial; font-size: 1.4em;\">Salon BMW Gazda Group w Katowicach<\/h2>\n<div style=\"margin: 10px 0; display: flex; flex-direction: row; flex-wrap: nowrap; justify-content: space-between; width: 300px;\">\n<div style=\"background: gray; padding: 5px 10px; border: 1px solid transparent; border-radius: 2px; cursor: pointer; display: flex; align-items: center; justify-content: center;\">\n<p style=\"margin: 0; padding: 0;\"><a style=\"text-decoration: none; color: white; font-size: 1.1rem; font-weight: bold; font-family: Arial;\" href=\"https:\/\/witan-posadzki.pl\/wp-content\/uploads\/2025\/06\/Katalog-referencyjny-BMW.pdf\" target=\"_blank\" rel=\"noopener noreferrer\">Wy\u015bwietl<\/a><\/p>\n<\/div>\n<div style=\"background: #dd3333; padding: 5px 10px; border: 1px solid transparent; border-radius: 2px; cursor: pointer; display: flex; align-items: center; justify-content: center;\">\n<p style=\"margin: 0; padding: 0;\"><a style=\"text-decoration: none; color: white; font-size: 1.1rem; font-weight: bold; font-family: Arial;\" href=\"https:\/\/witan-posadzki.pl\/wp-content\/uploads\/2025\/06\/Katalog-referencyjny-BMW.pdf.zip\" target=\"_blank\" rel=\"noopener noreferrer\">Pobierz katalog<\/a><\/p>\n<\/div>\n<\/div>\n<\/div>\n<\/div>\n\n\t\t<\/div>\n\t<\/div>\n<\/div><\/div><\/div><\/div>","protected":false},"excerpt":{"rendered":"<a class=\"readmore-button\" href=\"https:\/\/witan-posadzki.pl\/de\/katalogi-referencyjne\/\">Czytaj wi\u0119cej...<\/a>","protected":false},"author":11,"featured_media":0,"parent":0,"menu_order":0,"comment_status":"closed","ping_status":"closed","template":"","meta":{"_acf_changed":false,"footnotes":"","_links_to":"","_links_to_target":""},"class_list":["post-15976","page","type-page","status-publish","hentry"],"acf":[],"jetpack_sharing_enabled":true,"jetpack_shortlink":"https:\/\/wp.me\/P9mMf8-49G","_links":{"self":[{"href":"https:\/\/witan-posadzki.pl\/de\/wp-json\/wp\/v2\/pages\/15976","targetHints":{"allow":["GET"]}}],"collection":[{"href":"https:\/\/witan-posadzki.pl\/de\/wp-json\/wp\/v2\/pages"}],"about":[{"href":"https:\/\/witan-posadzki.pl\/de\/wp-json\/wp\/v2\/types\/page"}],"author":[{"embeddable":true,"href":"https:\/\/witan-posadzki.pl\/de\/wp-json\/wp\/v2\/users\/11"}],"replies":[{"embeddable":true,"href":"https:\/\/witan-posadzki.pl\/de\/wp-json\/wp\/v2\/comments?post=15976"}],"version-history":[{"count":68,"href":"https:\/\/witan-posadzki.pl\/de\/wp-json\/wp\/v2\/pages\/15976\/revisions"}],"predecessor-version":[{"id":16226,"href":"https:\/\/witan-posadzki.pl\/de\/wp-json\/wp\/v2\/pages\/15976\/revisions\/16226"}],"wp:attachment":[{"href":"https:\/\/witan-posadzki.pl\/de\/wp-json\/wp\/v2\/media?parent=15976"}],"curies":[{"name":"wp","href":"https:\/\/api.w.org\/{rel}","templated":true}]}}