{"id":3679,"date":"2018-03-12T14:04:08","date_gmt":"2018-03-12T14:04:08","guid":{"rendered":"https:\/\/witan-posadzki.pl\/?page_id=3679"},"modified":"2024-09-18T07:22:50","modified_gmt":"2024-09-18T05:22:50","slug":"panele-winylowe-lvt","status":"publish","type":"page","link":"https:\/\/witan-posadzki.pl\/de\/oferta\/panele-winylowe-lvt\/","title":{"rendered":"Panele winylowe LVT"},"content":{"rendered":"<div class=\"vc_row wpb_row vc_row-fluid\"><div class=\"wpb_column vc_column_container vc_col-sm-12\"><div class=\"vc_column-inner\"><div class=\"wpb_wrapper\">\n\t<div class=\"wpb_text_column wpb_content_element\" >\n\t\t<div class=\"wpb_wrapper\">\n\t\t\t<h2 data-pm-slice=\"1 1 &#091;&#093;\"><strong>Vinylboden<\/strong><\/h2>\n<p>Panele winylowe LVT (zwane te\u017c Luxury Vinyl Tile czyli luksusowe p\u0142ytki winylowe) to eleganckie i funkcjonalne rozwi\u0105zanie, kt\u00f3re \u0142\u0105czy estetyk\u0119 naturalnych materia\u0142\u00f3w z wytrzyma\u0142o\u015bci\u0105 i odporno\u015bci\u0105 syntetycznych produkt\u00f3w. Z roku na rok zyskuje coraz bardziej na popularno\u015bci wsr\u00f3d klient\u00f3w. Ich cena jest wy\u017csza ni\u017c cena paneli laminowanych, jednak swoimi zaletami zdecydowanie przewa\u017caj\u0105 wady. Charakteryzuj\u0105 si\u0119 one niezwyk\u0142\u0105 odporno\u015bci\u0105 na zu\u017cycie, uszkodzenia i plamy, a ich powierzchnia jest \u0142atwa do utrzymania w czysto\u015bci, co sprawia, \u017ce s\u0105 one idealnym wyborem zar\u00f3wno do u\u017cytku domowego, jak i komercyjnego.<\/p>\n\n\t\t<\/div>\n\t<\/div>\n<div class=\"vc_empty_space\"   style=\"height: 32px\"><span class=\"vc_empty_space_inner\"><\/span><\/div><\/div><\/div><\/div><\/div><div class=\"vc_row wpb_row vc_row-fluid\"><div class=\"wpb_column vc_column_container vc_col-sm-12\"><div class=\"vc_column-inner\"><div class=\"wpb_wrapper\">\n\t<div class=\"wpb_text_column wpb_content_element\" >\n\t\t<div class=\"wpb_wrapper\">\n\t\t\t<h2 data-pm-slice=\"1 1 &#091;&#093;\"><strong>W jakich pomieszczeniach mo\u017cna stosowa\u0107 panele winylowe LVT?<\/strong><\/h2>\n<p>Winylowe panele dzi\u0119ki swojej uniwersalno\u015bci to doskona\u0142y wyb\u00f3r do praktycznie ka\u017cdego pomieszczenia, sprawdz\u0105 si\u0119 je\u015bli zale\u017cy Ci na imitacji materia\u0142\u00f3w naturalnych: powierzchnia paneli \u0142\u0105czy naturalny wygl\u0105d drewna lub kamienia z wydajnym systemem monta\u017cu i piel\u0119gnacji. Najwi\u0119ksz\u0105 zalet\u0105 paneli winylowych jest ich wodoodporno\u015b\u0107, kt\u00f3ra pozwala na stosowanie pod\u0142ogi winylowej jako wyko\u0144czenie \u0142azienki i wyko\u0144czenie kuchni. Winylowe panele pod\u0142ogowe sprawdz\u0105 si\u0119 jako posadzka niezale\u017cnie od tego czy b\u0119dzie to miejsce nara\u017cone na wilgo\u0107, czy bezpo\u015brednio na wod\u0119.<\/p>\n<p>Panele pod\u0142ogowe LVT mog\u0105 by\u0107 stosowane w wielu pomieszczeniach, takich jak salon, kuchnia, sypialnia, \u0142azienka, przedpok\u00f3j, biuro, gabinet, pok\u00f3j dzieci\u0119cy, jadalnia czy pok\u00f3j go\u015bcinny. Panele te doskonale sprawdz\u0105 si\u0119 r\u00f3wnie\u017c w pomieszczeniach komercyjnych, takich jak sklepy, restauracje, hotele, szko\u0142y, salony fryzjerskie czy studiach fitness. Sprawdz\u0105 si\u0119 te\u017c na schodach, w przedpokojach i ci\u0105gach komunikacyjnych.<\/p>\n\n\t\t<\/div>\n\t<\/div>\n\n\t<div class=\"wpb_text_column wpb_content_element\" >\n\t\t<div class=\"wpb_wrapper\">\n\t\t\t<h2 data-pm-slice=\"1 1 &#091;&#093;\"><strong>Charakterystyka paneli winylowych. Jakie s\u0105 zalety LVT?<\/strong><\/h2>\n<p>Panele winylowe to elastyczne i funkcjonalne rozwi\u0105zanie, kt\u00f3re doskonale sprawdzi si\u0119 w niemal ka\u017cdym pomieszczeniu. Wszystkie rodzaje tych paneli s\u0105 kompatybilne z ogrzewaniem pod\u0142ogowym, co czyni je niezwykle praktycznym wyborem zar\u00f3wno dla dom\u00f3w, jak i biur. Co wi\u0119cej, s\u0105 ca\u0142kowicie wodoodporne. Ta unikalna cecha sprawia, \u017ce mog\u0105 by\u0107 bez obaw stosowane w miejscach nara\u017conych na wilgo\u0107, takich jak kuchnia. W przypadku paneli klejonych, ich wodoodporno\u015b\u0107 pozwala r\u00f3wnie\u017c na bezproblemowe u\u017cycie w \u0142azience. Panele winylowe daj\u0105 przyjemne uczucie w dotyku i s\u0105 cieplejsze ni\u017c tradycyjne materia\u0142y, takie jak ceramika. To sprawia, \u017ce s\u0105 nie tylko praktyczne, ale tak\u017ce komfortowe w u\u017cyciu. Na koniec, s\u0105 stosunkowo \u0142atwe w monta\u017cu i mog\u0105 by\u0107 z powodzeniem u\u017cywane na r\u00f3\u017cnych powierzchniach.<\/p>\n\n\t\t<\/div>\n\t<\/div>\n<div class=\"vc_separator wpb_content_element vc_separator_align_center vc_sep_width_100 vc_sep_pos_align_center vc_separator_no_text\" ><span class=\"vc_sep_holder vc_sep_holder_l\"><span  style=\"border-color:#c1c1c1;\" class=\"vc_sep_line\"><\/span><\/span><span class=\"vc_sep_holder vc_sep_holder_r\"><span  style=\"border-color:#c1c1c1;\" class=\"vc_sep_line\"><\/span><\/span>\n<\/div><\/div><\/div><\/div><\/div><div class=\"vc_row wpb_row vc_row-fluid\"><div class=\"wpb_column vc_column_container vc_col-sm-12\"><div class=\"vc_column-inner\"><div class=\"wpb_wrapper\">\n\t<div  class=\"wpb_single_image wpb_content_element vc_align_left\">\n\t\t\n\t\t<figure class=\"wpb_wrapper vc_figure\">\n\t\t\t<div class=\"vc_single_image-wrapper   vc_box_border_grey\"><img fetchpriority=\"high\" decoding=\"async\" width=\"1280\" height=\"480\" src=\"https:\/\/witan-posadzki.pl\/wp-content\/uploads\/2022\/11\/cq5dam-web-3.jpeg\" class=\"vc_single_image-img attachment-full\" alt=\"\" srcset=\"https:\/\/witan-posadzki.pl\/wp-content\/uploads\/2022\/11\/cq5dam-web-3.jpeg 1280w, https:\/\/witan-posadzki.pl\/wp-content\/uploads\/2022\/11\/cq5dam-web-3-300x113.jpeg 300w, https:\/\/witan-posadzki.pl\/wp-content\/uploads\/2022\/11\/cq5dam-web-3-1024x384.jpeg 1024w, https:\/\/witan-posadzki.pl\/wp-content\/uploads\/2022\/11\/cq5dam-web-3-768x288.jpeg 768w\" sizes=\"(max-width: 1280px) 100vw, 1280px\" \/><\/div>\n\t\t<\/figure>\n\t<\/div>\n\n\t<div class=\"wpb_text_column wpb_content_element\" >\n\t\t<div class=\"wpb_wrapper\">\n\t\t\t<h2 data-pm-slice=\"1 1 &#091;&#093;\"><strong>Wygl\u0105d paneli LVT \u2013 p\u0142ytki i panele LVT<\/strong><\/h2>\n<p>Panele winylowe oferuj\u0105 niezwykle realistyczn\u0105 imitacj\u0119 naturalnych materia\u0142\u00f3w. Mog\u0105 imitowa\u0107 r\u00f3\u017cne rodzaje materia\u0142\u00f3w, takie jak drewno, kamie\u0144, marmur i nawet ceramiczne p\u0142ytki. Dost\u0119pno\u015b\u0107 paneli winylowych w wielu r\u00f3\u017cnych formatach to kolejna ich zaleta. Dzi\u0119ki temu mo\u017cna je dostosowa\u0107 do wielko\u015bci i kszta\u0142tu ka\u017cdego pomieszczenia, tworz\u0105c sp\u00f3jn\u0105 i harmonijn\u0105 przestrze\u0144. Panele winylowe mog\u0105 by\u0107 dost\u0119pne w formie klasycznego panelu czy p\u0142ytki ale tak\u017ce we wz\u00f3r jode\u0142ki.<\/p>\n<p>Panele winylowe zazwyczaj maj\u0105 kszta\u0142t prostok\u0105tnych desek lub kwadratowych p\u0142ytek, cho\u0107 dost\u0119pne s\u0105 tak\u017ce w innych formatach. Ich powierzchnia jest g\u0142adka, ale mo\u017ce mie\u0107 faktur\u0119 na\u015bladuj\u0105c\u0105 naturalne materia\u0142y, takie jak s\u0142oje drewna czy faktura kamienia.<\/p>\n<p>Pod wzgl\u0119dem kolorystyki, panele winylowe mog\u0105 przybiera\u0107 praktycznie dowolny odcie\u0144 &#8211; od jasnych be\u017c\u00f3w i bieli, przez naturalne odcienie drewna, a\u017c po ciemne szaro\u015bci i czernie. Dost\u0119pne s\u0105 r\u00f3wnie\u017c bardziej nietypowe kolory pod\u0142ogi, jak na przyk\u0142ad jasnor\u00f3\u017cowy. Dzi\u0119ki technologii produkcji, na powierzchni panelu mo\u017cna uzyska\u0107 niezwykle realistyczn\u0105 imitacj\u0119 drewna lub kamienia, co dodaje im elegancji i stylu.<\/p>\n\n\t\t<\/div>\n\t<\/div>\n\n\t<div class=\"wpb_text_column wpb_content_element\" >\n\t\t<div class=\"wpb_wrapper\">\n\t\t\t<h2 data-pm-slice=\"1 1 &#091;&#093;\"><strong>Trwa\u0142o\u015b\u0107 i jako\u015b\u0107 paneli LVT \u2013 klasa u\u017cyteczno\u015bci<\/strong><\/h2>\n<p>Klasy u\u017cyteczno\u015bci paneli winylowych, oparte na grubo\u015bci warstwy u\u017cytkowej, determinuj\u0105 ich trwa\u0142o\u015b\u0107 i wytrzyma\u0142o\u015b\u0107. Uszkodzenia w tej warstwie mo\u017cna naprawi\u0107, szlifuj\u0105c i nak\u0142adaj\u0105c lakier poliuretanowy. Dla u\u017cytku domowego istniej\u0105 klasy 21 do 23, symbolizuj\u0105ce od umiarkowanej do intensywnej eksploatacji. Z kolei dla u\u017cytku profesjonalnego przyj\u0119to klasy 31 do 34, pokrywaj\u0105ce zakres od umiarkowanego do bardzo intensywnego u\u017cytkowania.<\/p>\n\n\t\t<\/div>\n\t<\/div>\n<\/div><\/div><\/div><\/div><div class=\"vc_row wpb_row vc_row-fluid\"><div class=\"wpb_column vc_column_container vc_col-sm-12\"><div class=\"vc_column-inner\"><div class=\"wpb_wrapper\">\n\t<div  class=\"wpb_single_image wpb_content_element vc_align_left\">\n\t\t\n\t\t<figure class=\"wpb_wrapper vc_figure\">\n\t\t\t<div class=\"vc_single_image-wrapper   vc_box_border_grey\"><img decoding=\"async\" width=\"1280\" height=\"480\" src=\"https:\/\/witan-posadzki.pl\/wp-content\/uploads\/2022\/11\/cq5dam-web-4.jpeg\" class=\"vc_single_image-img attachment-full\" alt=\"\" srcset=\"https:\/\/witan-posadzki.pl\/wp-content\/uploads\/2022\/11\/cq5dam-web-4.jpeg 1280w, https:\/\/witan-posadzki.pl\/wp-content\/uploads\/2022\/11\/cq5dam-web-4-300x113.jpeg 300w, https:\/\/witan-posadzki.pl\/wp-content\/uploads\/2022\/11\/cq5dam-web-4-1024x384.jpeg 1024w, https:\/\/witan-posadzki.pl\/wp-content\/uploads\/2022\/11\/cq5dam-web-4-768x288.jpeg 768w\" sizes=\"(max-width: 1280px) 100vw, 1280px\" \/><\/div>\n\t\t<\/figure>\n\t<\/div>\n<div class=\"vc_separator wpb_content_element vc_separator_align_center vc_sep_width_100 vc_sep_pos_align_center vc_separator_no_text\" ><span class=\"vc_sep_holder vc_sep_holder_l\"><span  style=\"border-color:#c1c1c1;\" class=\"vc_sep_line\"><\/span><\/span><span class=\"vc_sep_holder vc_sep_holder_r\"><span  style=\"border-color:#c1c1c1;\" class=\"vc_sep_line\"><\/span><\/span>\n<\/div>\n\t<div class=\"wpb_text_column wpb_content_element\" >\n\t\t<div class=\"wpb_wrapper\">\n\t\t\t<p data-pm-slice=\"1 1 &#091;&#093;\"><strong>Wady pod\u0142\u00f3g z paneli winylowych<\/strong><\/p>\n<p>Jak ka\u017cdy produkt panele winylowe maj\u0105 wady. Jednak w por\u00f3wnaniu do wszystkich zalet tych pod\u0142\u00f3g ci\u0105gle s\u0105 one jednym z najlepszych pokry\u0107 pod\u0142ogowych. Wady paneli winylowych to wy\u017csza cena, trudno\u015b\u0107 w naprawie, mo\u017cliwa obecno\u015b\u0107 szkodliwych substancji w przypadku tanich produkt\u00f3w niepewnych producent\u00f3w, brak mo\u017cliwo\u015bci odnowienia. Wymagaj\u0105 one rownie\u017c r\u00f3wnego pod\u0142o\u017ca pod monta\u017c.<\/p>\n<p><strong>Czy panele pod\u0142ogowe winylowe s\u0105 ciep\u0142e?\u00a0<\/strong><\/p>\n<p>Panele winylowe s\u0105 zdecydowanie cieplejsze i bardziej przyjemne w dotyku ni\u017c standardowe kafelki czy pod\u0142ogi betonowe dlatego s\u0105 tak ciekaw\u0105 opcj\u0105 do wyko\u0144czenia np. \u0142azienki. Mo\u017cna pod nimi zamontowa\u0107 tak\u017ce ogrzewanie pod\u0142ogowe co dodatkowo poprawi komfort cieplny pomieszczenia. Dzi\u0119ki szerokiej gamie r\u00f3\u017cnych styl\u00f3w i rodzaj\u00f3w, z pewno\u015bci\u0105 znajdziesz idealn\u0105 pod\u0142og\u0119 winylow\u0105 do swojego domu.<\/p>\n<p><strong>Czy panele winylowe nadaj\u0105 si\u0119 do \u0142azienki? Jak z ich komfortem?<\/strong><\/p>\n<p>Panele winylowe to \u015bwietne rozwi\u0105zanie do zamontowania w \u0142azience, dlatego \u017ce s\u0105 one wodoodporne, trwa\u0142e, zapewniaj\u0105 cieplejsze i bardziej mi\u0119kkie uczucie pod stopami a jednocze\u015bnie swoim\u00a0wygl\u0105dem imituj\u0105 naturalne wzory drewna lub kamienia<\/p>\n\n\t\t<\/div>\n\t<\/div>\n<div class=\"vc_separator wpb_content_element vc_separator_align_center vc_sep_width_100 vc_sep_pos_align_center vc_separator_no_text\" ><span class=\"vc_sep_holder vc_sep_holder_l\"><span  style=\"border-color:#c1c1c1;\" class=\"vc_sep_line\"><\/span><\/span><span class=\"vc_sep_holder vc_sep_holder_r\"><span  style=\"border-color:#c1c1c1;\" class=\"vc_sep_line\"><\/span><\/span>\n<\/div>\n\t<div class=\"wpb_text_column wpb_content_element\" >\n\t\t<div class=\"wpb_wrapper\">\n\t\t\t<h2 data-pm-slice=\"1 1 &#091;&#093;\"><strong>Monta\u017c paneli lvt<\/strong><\/h2>\n<p>Panele winylowe LVT mo\u017cna montowa\u0107 na kilka r\u00f3\u017cnych sposob\u00f3w. Monta\u017c paneli LVT zale\u017cy od wielu czynnik\u00f3w, takich jak rodzaj pod\u0142o\u017ca, warunki w pomieszczeniu, a tak\u017ce indywidualne preferencje. Wyb\u00f3r profesjonalnej firmy do monta\u017cu paneli winylowych LVT gwarantuje najwy\u017csz\u0105 jako\u015b\u0107 us\u0142ug i bezproblemow\u0105 instalacj\u0119. Jako <a href=\"https:\/\/witan-posadzki.pl\/de\/realizacje-2\/\" rel=\" \"><strong>WITAN Centrum Pod\u0142\u00f3g<\/strong><\/a> wykonali\u015bmy ju\u017c wiele realizacji zwi\u0105zanych z monta\u017cem LVT i ch\u0119tnie wykonamy kolejne. Dzi\u0119ki do\u015bwiadczeniu i ekspertyzie naszych specjalist\u00f3w, mo\u017cemy zapewni\u0107 precyzyjne dopasowanie paneli, gwarantuj\u0105c ich d\u0142ug\u0105 \u017cywotno\u015b\u0107 i estetyczny wygl\u0105d. <a href=\"https:\/\/witan-posadzki.pl\/de\/kontakt\/\" rel=\" \"><strong>Skorzystaj z naszych us\u0142ug<\/strong><\/a> i ciesz si\u0119 komfortem, spokojem i najlepszym wykonaniem.<\/p>\n<p><strong>Monta\u017c paneli winylowychna klej<\/strong><\/p>\n<p>Uk\u0142adanie paneli winylowych\u00a0z pozoru nie nale\u017cy do wymagaj\u0105cych proces\u00f3w. Jednak nie zawsze. W przypadku paneli winylowych na klej, praca nad przygotowaniem pod\u0142o\u017ca jest kluczowa. Panele winylowe nale\u017cy montowa\u0107 na r\u00f3wnym i g\u0142adkim pod\u0142o\u017cu. W p\u00f3\u017aniejszym etapie, panele winylowe przykleja si\u0119 do pod\u0142o\u017ca &#8211; bez u\u017cycia podk\u0142adu.<\/p>\n<p><strong>Monta\u017c paneli winylowych na klik (click)\/system zatrzaskowy<\/strong><\/p>\n<p>Uk\u0142adanie paneli winylowych na klik, nale\u017cy do \u0142atwiejszego sposobu, poniewa\u017c panele winylowe instaluje si\u0119 metod\u0105 na click na podk\u0142adzie w systemie p\u0142ywaj\u0105cym. Nale\u017cy jednak pami\u0119ta\u0107, \u017ce nie mo\u017cna stosowa\u0107 paneli winylowych w \u0142azience bezpo\u015brednio pod prysznicem. Wymagane s\u0105 dylatacj\u0119 &#8211; st\u0105d listwy progowe s\u0105 nieuniknione.<\/p>\n\n\t\t<\/div>\n\t<\/div>\n<div class=\"vc_row wpb_row vc_inner vc_row-fluid\"><div class=\"wpb_column vc_column_container vc_col-sm-12\"><div class=\"vc_column-inner\"><div class=\"wpb_wrapper\"><\/div><\/div><\/div><\/div>\n\t<div class=\"wpb_text_column wpb_content_element\" >\n\t\t<div class=\"wpb_wrapper\">\n\t\t\t<h2 data-pm-slice=\"1 1 &#091;&#093;\"><strong>Czy mo\u017cna stosowa\u0107 panele winylowe z ogrzewaniem pod\u0142ogowym?<\/strong><\/h2>\n<p>Wa\u017cn\u0105 zalet\u0105 jest to, \u017ce pod\u0142oga winylowa montowana na pod\u0142odze nie wyklucza mo\u017cliwo\u015bci po\u0142o\u017cenia ogrzewania pod\u0142ogowego. S\u0105 one wr\u0119cz najlepszym rozwi\u0105zaniem dla tego typu ogrzewania. Dlaczego? Maj\u0105 niski op\u00f3r cieplny i \u015bwietnie przewodz\u0105 temperatur\u0119. Nale\u017cy jednak przestrzega\u0107 pewnych zalece\u0144 i wytycznych producenta, aby zapewni\u0107 odpowiedni\u0105 wydajno\u015b\u0107 i bezpiecze\u0144stwo instalacji.<\/p>\n\n\t\t<\/div>\n\t<\/div>\n\n\t<div class=\"wpb_text_column wpb_content_element\" >\n\t\t<div class=\"wpb_wrapper\">\n\t\t\t<h2 data-pm-slice=\"1 1 &#091;&#093;\"><strong>Akcesoria do pod\u0142\u00f3g LVT \u2013 oferta materia\u0142\u00f3w pod\u0142ogowych lvt<\/strong><\/h2>\n<p>W naszym <a href=\"https:\/\/sklep.witan-posadzki.pl\/pl\/c\/Panele-podlogowe-laminowane\/47\" rel=\" \"><strong>sklepie<\/strong><\/a> r\u00f3wnie\u017c znajd\u0105 Pa\u0144stwo pod\u0142ogi LVT w ofercie wielu producent\u00f3w a tak\u017ce akcesoria do LVT takie jak:\u00a0<a href=\"https:\/\/sklep.witan-posadzki.pl\/pl\/c\/Listwy-przypodlogowe\/16\" target=\"_blank\" rel=\"noopener noreferrer\"><strong>listwy przypod\u0142ogowe<\/strong><\/a> do paneli winylowych,\u00a0<a href=\"https:\/\/sklep.witan-posadzki.pl\/pl\/c\/Profile-i-akcesoria\/29\" target=\"_blank\" rel=\"noopener noreferrer\"><strong>profile<\/strong><\/a>,\u00a0<a href=\"https:\/\/sklep.witan-posadzki.pl\/pl\/c\/Podklady-i-maty\/32\" target=\"_blank\" rel=\"noopener noreferrer\"><strong>podk\u0142ady pod panele winylowe<\/strong><\/a>\u00a0czy\u00a0<a href=\"https:\/\/sklep.witan-posadzki.pl\/pl\/c\/Narzedzia\/57778\" target=\"_blank\" rel=\"noopener noreferrer\"><strong>narz\u0119dzia monta\u017cowe<\/strong><\/a>.<\/p>\n<h2><strong>Jaki producent paneli winylowych jest godny polecenia?<\/strong><\/h2>\n<p>Panele lvt dost\u0119pne s\u0105 w naszym sklepie w bardzo szerokiej ofercie. Poni\u017cej lista polecanych producent\u00f3w i marek paneli winylowych:<\/p>\n<p><a href=\"https:\/\/sklep.witan-posadzki.pl\/pl\/c\/Nomad-Flo\/2179\" target=\"_blank\" rel=\"noopener noreferrer\"><strong>Nomad Flo<\/strong><\/a><\/p>\n<p><a href=\"https:\/\/sklep.witan-posadzki.pl\/pl\/c\/Weninger\/2195\" target=\"_blank\" rel=\"noopener noreferrer\"><strong>Weninger<\/strong><\/a><\/p>\n<p><a href=\"https:\/\/sklep.witan-posadzki.pl\/pl\/c\/Forbo\/2251\" target=\"_blank\" rel=\"noopener noreferrer\"><strong>Forbo\u2122<\/strong><\/a><\/p>\n<p><a href=\"https:\/\/sklep.witan-posadzki.pl\/pl\/c\/IVC\/9065\" target=\"_blank\" rel=\"noopener noreferrer\"><strong>IVC<\/strong><\/a><\/p>\n<p><a href=\"https:\/\/sklep.witan-posadzki.pl\/pl\/c\/Quick-Step\/34\" target=\"_blank\" rel=\"noopener noreferrer\"><strong>Quick-Step<\/strong><\/a><\/p>\n<p><a href=\"https:\/\/sklep.witan-posadzki.pl\/pl\/c\/Pergo\/787\" target=\"_blank\" rel=\"noopener noreferrer\"><strong>Pergo\u2122<\/strong><\/a><\/p>\n<p><a href=\"https:\/\/sklep.witan-posadzki.pl\/pl\/c\/Designflooring\/960\" target=\"_blank\" rel=\"noopener noreferrer\"><strong>Designflooring<\/strong><\/a><\/p>\n<p><a href=\"https:\/\/sklep.witan-posadzki.pl\/pl\/c\/Ter-Huerne\/226\" target=\"_blank\" rel=\"noopener noreferrer\"><strong>Ter Huerne<\/strong><\/a><\/p>\n<p><a href=\"https:\/\/sklep.witan-posadzki.pl\/pl\/c\/Parquetvinyl\/360\" target=\"_blank\" rel=\"noopener noreferrer\"><strong>Parquetvinyl<\/strong><\/a><\/p>\n<p><a href=\"https:\/\/sklep.witan-posadzki.pl\/pl\/c\/Expona\/988\" target=\"_blank\" rel=\"noopener noreferrer\"><strong>Expona<\/strong><\/a><\/p>\n<p><a href=\"https:\/\/sklep.witan-posadzki.pl\/pl\/c\/Gerflor\/1105\" target=\"_blank\" rel=\"noopener noreferrer\"><strong>Gerflor<\/strong><\/a><\/p>\n<p><a href=\"https:\/\/sklep.witan-posadzki.pl\/pl\/c\/Tarkett\/23\" target=\"_blank\" rel=\"noopener noreferrer\"><strong>Tarkett\u2122<\/strong><\/a><\/p>\n\n\t\t<\/div>\n\t<\/div>\n<\/div><\/div><\/div><\/div><div class=\"vc_row wpb_row vc_row-fluid\"><div class=\"wpb_column vc_column_container vc_col-sm-3\"><div class=\"vc_column-inner\"><div class=\"wpb_wrapper\">\n\t<div  class=\"wpb_single_image wpb_content_element vc_align_left\">\n\t\t\n\t\t<figure class=\"wpb_wrapper vc_figure\">\n\t\t\t<a href=\"https:\/\/sklep.witan-posadzki.pl\/designflooring-k2070000\" target=\"_blank\" class=\"vc_single_image-wrapper   vc_box_border_grey\"><img decoding=\"async\" class=\"vc_single_image-img\" src=\"https:\/\/witan-posadzki.pl\/wp-content\/uploads\/2016\/08\/designflooring-220x30.jpg\" width=\"220\" height=\"30\" alt=\"designflooring\" title=\"designflooring\" \/><\/a>\n\t\t<\/figure>\n\t<\/div>\n<\/div><\/div><\/div><div class=\"wpb_column vc_column_container vc_col-sm-3\"><div class=\"vc_column-inner\"><div class=\"wpb_wrapper\">\n\t<div  class=\"wpb_single_image wpb_content_element vc_align_left\">\n\t\t\n\t\t<figure class=\"wpb_wrapper vc_figure\">\n\t\t\t<div class=\"vc_single_image-wrapper   vc_box_border_grey\"><img loading=\"lazy\" decoding=\"async\" class=\"vc_single_image-img\" src=\"https:\/\/witan-posadzki.pl\/wp-content\/uploads\/2016\/08\/gerflor-230x75.jpg\" width=\"230\" height=\"75\" alt=\"gerflor\" title=\"gerflor\" \/><\/div>\n\t\t<\/figure>\n\t<\/div>\n<\/div><\/div><\/div><div class=\"wpb_column vc_column_container vc_col-sm-3\"><div class=\"vc_column-inner\"><div class=\"wpb_wrapper\">\n\t<div  class=\"wpb_single_image wpb_content_element vc_align_left\">\n\t\t\n\t\t<figure class=\"wpb_wrapper vc_figure\">\n\t\t\t<a href=\"https:\/\/sklep.witan-posadzki.pl\/tarkett-k2040000\" target=\"_blank\" class=\"vc_single_image-wrapper   vc_box_border_grey\"><img loading=\"lazy\" decoding=\"async\" class=\"vc_single_image-img\" src=\"https:\/\/witan-posadzki.pl\/wp-content\/uploads\/2016\/08\/tarkett-220x50.jpg\" width=\"220\" height=\"50\" alt=\"tarkett\" title=\"tarkett\" \/><\/a>\n\t\t<\/figure>\n\t<\/div>\n<\/div><\/div><\/div><div class=\"wpb_column vc_column_container vc_col-sm-3\"><div class=\"vc_column-inner\"><div class=\"wpb_wrapper\">\n\t<div  class=\"wpb_single_image wpb_content_element vc_align_left\">\n\t\t\n\t\t<figure class=\"wpb_wrapper vc_figure\">\n\t\t\t<a href=\"https:\/\/sklep.witan-posadzki.pl\/pergo-k2060000\" target=\"_blank\" class=\"vc_single_image-wrapper   vc_box_border_grey\"><img loading=\"lazy\" decoding=\"async\" class=\"vc_single_image-img\" src=\"https:\/\/witan-posadzki.pl\/wp-content\/uploads\/2018\/05\/pergo-panele-winylowe-220x75.png\" width=\"220\" height=\"75\" alt=\"pergo-panele-winylowe\" title=\"pergo-panele-winylowe\" \/><\/a>\n\t\t<\/figure>\n\t<\/div>\n<\/div><\/div><\/div><\/div><div class=\"vc_row wpb_row vc_row-fluid\"><div class=\"wpb_column vc_column_container vc_col-sm-3\"><div class=\"vc_column-inner\"><div class=\"wpb_wrapper\">\n\t<div  class=\"wpb_single_image wpb_content_element vc_align_left\">\n\t\t\n\t\t<figure class=\"wpb_wrapper vc_figure\">\n\t\t\t<a href=\"https:\/\/witan-posadzki.pl\/de\/designflooring\/\" target=\"_self\" class=\"vc_single_image-wrapper   vc_box_border_grey\"><img loading=\"lazy\" decoding=\"async\" class=\"vc_single_image-img\" src=\"https:\/\/witan-posadzki.pl\/wp-content\/uploads\/2018\/08\/logo-ivc-group1-220x100.jpg\" width=\"220\" height=\"100\" alt=\"ivc group\" title=\"ivc group\" \/><\/a>\n\t\t<\/figure>\n\t<\/div>\n<\/div><\/div><\/div><div class=\"wpb_column vc_column_container vc_col-sm-3\"><div class=\"vc_column-inner\"><div class=\"wpb_wrapper\">\n\t<div  class=\"wpb_single_image wpb_content_element vc_align_left\">\n\t\t\n\t\t<figure class=\"wpb_wrapper vc_figure\">\n\t\t\t<div class=\"vc_single_image-wrapper   vc_box_border_grey\"><img loading=\"lazy\" decoding=\"async\" class=\"vc_single_image-img\" src=\"https:\/\/witan-posadzki.pl\/wp-content\/uploads\/2018\/05\/panele-pod\u0142ogowe-laminowane-joka-230x75.jpg\" width=\"230\" height=\"75\" alt=\"joka\" title=\"joka\" \/><\/div>\n\t\t<\/figure>\n\t<\/div>\n<\/div><\/div><\/div><div class=\"wpb_column vc_column_container vc_col-sm-3\"><div class=\"vc_column-inner\"><div class=\"wpb_wrapper\">\n\t<div  class=\"wpb_single_image wpb_content_element vc_align_left\">\n\t\t\n\t\t<figure class=\"wpb_wrapper vc_figure\">\n\t\t\t<div class=\"vc_single_image-wrapper   vc_box_border_grey\"><img loading=\"lazy\" decoding=\"async\" class=\"vc_single_image-img\" src=\"https:\/\/witan-posadzki.pl\/wp-content\/uploads\/2016\/08\/Polyflor-220x50.jpg\" width=\"220\" height=\"50\" alt=\"Polyflor\" title=\"Polyflor\" \/><\/div>\n\t\t<\/figure>\n\t<\/div>\n<\/div><\/div><\/div><div class=\"wpb_column vc_column_container vc_col-sm-3\"><div class=\"vc_column-inner\"><div class=\"wpb_wrapper\">\n\t<div  class=\"wpb_single_image wpb_content_element vc_align_center\">\n\t\t\n\t\t<figure class=\"wpb_wrapper vc_figure\">\n\t\t\t<a href=\"https:\/\/sklep.witan-posadzki.pl\/pl\/producer\/Quick-Step\/13\" target=\"_self\" class=\"vc_single_image-wrapper   vc_box_border_grey\"><img loading=\"lazy\" decoding=\"async\" width=\"100\" height=\"100\" src=\"https:\/\/witan-posadzki.pl\/wp-content\/uploads\/2024\/09\/Quick-Step.jpg\" class=\"vc_single_image-img attachment-thumbnail\" alt=\"\" \/><\/a>\n\t\t<\/figure>\n\t<\/div>\n<\/div><\/div><\/div><\/div>","protected":false},"excerpt":{"rendered":"<a class=\"readmore-button\" href=\"https:\/\/witan-posadzki.pl\/de\/oferta\/panele-winylowe-lvt\/\">Czytaj wi\u0119cej...<\/a>","protected":false},"author":7,"featured_media":14995,"parent":50,"menu_order":0,"comment_status":"closed","ping_status":"closed","template":"page-fullwidth.php","meta":{"_acf_changed":false,"footnotes":"","_links_to":"","_links_to_target":""},"class_list":["post-3679","page","type-page","status-publish","has-post-thumbnail","hentry"],"acf":[],"jetpack_sharing_enabled":true,"jetpack_shortlink":"https:\/\/wp.me\/P9mMf8-Xl","_links":{"self":[{"href":"https:\/\/witan-posadzki.pl\/de\/wp-json\/wp\/v2\/pages\/3679","targetHints":{"allow":["GET"]}}],"collection":[{"href":"https:\/\/witan-posadzki.pl\/de\/wp-json\/wp\/v2\/pages"}],"about":[{"href":"https:\/\/witan-posadzki.pl\/de\/wp-json\/wp\/v2\/types\/page"}],"author":[{"embeddable":true,"href":"https:\/\/witan-posadzki.pl\/de\/wp-json\/wp\/v2\/users\/7"}],"replies":[{"embeddable":true,"href":"https:\/\/witan-posadzki.pl\/de\/wp-json\/wp\/v2\/comments?post=3679"}],"version-history":[{"count":73,"href":"https:\/\/witan-posadzki.pl\/de\/wp-json\/wp\/v2\/pages\/3679\/revisions"}],"predecessor-version":[{"id":16079,"href":"https:\/\/witan-posadzki.pl\/de\/wp-json\/wp\/v2\/pages\/3679\/revisions\/16079"}],"up":[{"embeddable":true,"href":"https:\/\/witan-posadzki.pl\/de\/wp-json\/wp\/v2\/pages\/50"}],"wp:featuredmedia":[{"embeddable":true,"href":"https:\/\/witan-posadzki.pl\/de\/wp-json\/wp\/v2\/media\/14995"}],"wp:attachment":[{"href":"https:\/\/witan-posadzki.pl\/de\/wp-json\/wp\/v2\/media?parent=3679"}],"curies":[{"name":"wp","href":"https:\/\/api.w.org\/{rel}","templated":true}]}}