{"id":59,"date":"2015-10-05T09:50:35","date_gmt":"2015-10-05T09:50:35","guid":{"rendered":"https:\/\/witan-posadzki.pl\/?page_id=59"},"modified":"2026-03-31T14:30:04","modified_gmt":"2026-03-31T12:30:04","slug":"kontakt","status":"publish","type":"page","link":"https:\/\/witan-posadzki.pl\/de\/kontakt\/","title":{"rendered":"Kontakt"},"content":{"rendered":"<div data-vc-parallax=\"1.5\" class=\"vc_row wpb_row vc_row-fluid vc_row-has-fill vc_row-o-content-middle vc_row-flex vc_general vc_parallax vc_parallax-content-moving\"><div data-vc-parallax=\"1.5\" class=\"wpb_column vc_column_container vc_col-sm-12 vc_col-lg-offset-1 vc_col-has-fill vc_general vc_parallax vc_parallax-content-moving\"><div class=\"vc_column-inner\"><div class=\"wpb_wrapper\">\n\t<div class=\"wpb_text_column wpb_content_element \" >\n\t\t<div class=\"wpb_wrapper\">\n\t\t\t<div class='content-column one_third'><div class=\"icon-container\"><i class=\"flaticon-26\"><\/i><\/div><div class=\"icon-text\"><h3><\/h3><p><\/p><\/div><\/div>\n<div class='content-column one_third'><div class=\"icon-container\"><i class=\"flaticon-42\"><\/i><\/div><div class=\"icon-text\"><h3><\/h3><p><\/p><\/div><\/div>\n<div class='content-column one_third'><div class=\"icon-container\"><i class=\"flaticon-19\"><\/i><\/div><div class=\"icon-text\"><h3><\/h3><p><\/p><\/div><\/div>\n\n\t\t<\/div>\n\t<\/div>\n<div class=\"vc_empty_space\"   style=\"height: 32px\"><span class=\"vc_empty_space_inner\"><\/span><\/div><div class=\"vc_separator wpb_content_element vc_separator_align_center vc_sep_width_100 vc_sep_pos_align_center vc_separator_no_text vc_sep_color_grey\" ><span class=\"vc_sep_holder vc_sep_holder_l\"><span  class=\"vc_sep_line\"><\/span><\/span><span class=\"vc_sep_holder vc_sep_holder_r\"><span  class=\"vc_sep_line\"><\/span><\/span>\n<\/div><div class=\"vc_row wpb_row vc_inner vc_row-fluid\"><div class=\"wpb_column vc_column_container vc_col-sm-4\"><div class=\"vc_column-inner\"><div class=\"wpb_wrapper\">\n\t<div class=\"wpb_text_column wpb_content_element \" >\n\t\t<div class=\"wpb_wrapper\">\n\t\t\t<p style=\"text-align: center;\">WITAN Centrum Pod\u0142\u00f3g sp. z o.o<br \/>\nul. Pszczy\u0144ska 70<br \/>\n43-267 Suszec<\/p>\n\n\t\t<\/div>\n\t<\/div>\n<div class=\"vc_empty_space\"   style=\"height: 32px\"><span class=\"vc_empty_space_inner\"><\/span><\/div><\/div><\/div><\/div><div class=\"wpb_column vc_column_container vc_col-sm-4\"><div class=\"vc_column-inner\"><div class=\"wpb_wrapper\">\n\t<div class=\"wpb_text_column wpb_content_element \" >\n\t\t<div class=\"wpb_wrapper\">\n\t\t\t<p style=\"text-align: center;\">tel.: <a href=\"tel:+48324343331\">+48 32 434-33-31<\/a><br \/>\ne-mail: <a href=\"mailto:biuro@witan-posadzki.pl\">biuro@witan-posadzki.pl<\/a><\/p>\n\n\t\t<\/div>\n\t<\/div>\n<\/div><\/div><\/div><div class=\"wpb_column vc_column_container vc_col-sm-4\"><div class=\"vc_column-inner\"><div class=\"wpb_wrapper\">\n\t<div class=\"wpb_text_column wpb_content_element \" >\n\t\t<div class=\"wpb_wrapper\">\n\t\t\t<p style=\"text-align: center;\">Godziny otwarcia<br \/>\npon &#8211; pt 7:00-20:00<br \/>\nsob 9:00 &#8211; 13:00<\/p>\n\n\t\t<\/div>\n\t<\/div>\n<\/div><\/div><\/div><\/div><div class=\"vc_row wpb_row vc_inner vc_row-fluid\"><div class=\"wpb_column vc_column_container vc_col-sm-12\"><div class=\"vc_column-inner vc_custom_1533208488898\"><div class=\"wpb_wrapper\"><div class=\"vc_icon_element vc_icon_element-outer vc_icon_element-align-left\"><div class=\"vc_icon_element-inner vc_icon_element-color-custom vc_icon_element-size-lg vc_icon_element-style- vc_icon_element-background-color-grey\" ><span class=\"vc_icon_element-icon vc_li vc_li-clip\" style=\"color:#e5e5e5 !important\"><\/span><\/div><\/div><h1 style=\"font-size: 18px;text-align: left;font-family:Arimo;font-weight:400;font-style:normal\" class=\"vc_custom_heading\" >WITAN Centrum Pod\u0142\u00f3g Sp. z o.o.<\/h1>\n\t<div class=\"wpb_text_column wpb_content_element \" >\n\t\t<div class=\"wpb_wrapper\">\n\t\t\t<p style=\"text-align: left;\">NIP: 651-169-35-85<br \/>\nREGON: 241154110<br \/>\n<strong>Konto-Nr:<\/strong>\u00a0[PL] 29 1240 6449 1111 0011 0487 5633<\/p>\n\n\t\t<\/div>\n\t<\/div>\n<\/div><\/div><\/div><\/div><\/div><\/div><\/div><\/div><div class=\"vc_row wpb_row vc_row-fluid\"><div class=\"wpb_column vc_column_container vc_col-sm-3\"><div class=\"vc_column-inner vc_custom_1470646293051\"><div class=\"wpb_wrapper\"><\/div><\/div><\/div><div class=\"wpb_column vc_column_container vc_col-sm-6\"><div class=\"vc_column-inner\"><div class=\"wpb_wrapper\"><h2 style=\"font-size: 20px;text-align: left;font-family:Arimo;font-weight:400;font-style:normal\" class=\"vc_custom_heading\" >Napisz do nas!<\/h2><div class=\"vc_row wpb_row vc_inner vc_row-fluid vc_custom_1470646992022\"><div class=\"wpb_column vc_column_container vc_col-sm-12\"><div class=\"vc_column-inner\"><div class=\"wpb_wrapper\">\n<div class=\"wpcf7 no-js\" id=\"wpcf7-f34-o1\" lang=\"pl-PL\" dir=\"ltr\" data-wpcf7-id=\"34\">\n<div class=\"screen-reader-response\"><p role=\"status\" aria-live=\"polite\" aria-atomic=\"true\"><\/p> <ul><\/ul><\/div>\n<form action=\"\/de\/wp-json\/wp\/v2\/pages\/59#wpcf7-f34-o1\" method=\"post\" class=\"wpcf7-form init\" aria-label=\"Formularz kontaktowy\" novalidate=\"novalidate\" data-status=\"init\">\n<fieldset class=\"hidden-fields-container\"><input type=\"hidden\" name=\"_wpcf7\" value=\"34\" \/><input type=\"hidden\" name=\"_wpcf7_version\" value=\"6.1.5\" \/><input type=\"hidden\" name=\"_wpcf7_locale\" value=\"pl_PL\" \/><input type=\"hidden\" name=\"_wpcf7_unit_tag\" value=\"wpcf7-f34-o1\" \/><input type=\"hidden\" name=\"_wpcf7_container_post\" value=\"0\" \/><input type=\"hidden\" name=\"_wpcf7_posted_data_hash\" value=\"\" \/>\n<\/fieldset>\n<div class=\"wpcf7-turnstile cf-turnstile\" data-sitekey=\"0x4AAAAAADF6c2OsYbQfhETe\" data-response-field-name=\"_wpcf7_turnstile_response\"><\/div>\n\n<p>Imi\u0119 i nazwisko (wymagane)\n<\/p>\n<p><span class=\"wpcf7-form-control-wrap\" data-name=\"your-name\"><input size=\"40\" maxlength=\"400\" class=\"wpcf7-form-control wpcf7-text wpcf7-validates-as-required\" aria-required=\"true\" aria-invalid=\"false\" value=\"\" type=\"text\" name=\"your-name\" \/><\/span>\n<\/p>\n<p>Adres e-mail (wymagane)\n<\/p>\n<p><span class=\"wpcf7-form-control-wrap\" data-name=\"your-email\"><input size=\"40\" maxlength=\"400\" class=\"wpcf7-form-control wpcf7-email wpcf7-validates-as-required wpcf7-text wpcf7-validates-as-email\" aria-required=\"true\" aria-invalid=\"false\" value=\"\" type=\"email\" name=\"your-email\" \/><\/span>\n<\/p>\n<p>Temat\n<\/p>\n<p><span class=\"wpcf7-form-control-wrap\" data-name=\"your-subject\"><input size=\"40\" maxlength=\"400\" class=\"wpcf7-form-control wpcf7-text\" aria-invalid=\"false\" value=\"\" type=\"text\" name=\"your-subject\" \/><\/span>\n<\/p>\n<p>Tre\u015b\u0107 wiadomo\u015bci\n<\/p>\n<p><span class=\"wpcf7-form-control-wrap\" data-name=\"your-message\"><textarea cols=\"40\" rows=\"10\" maxlength=\"2000\" class=\"wpcf7-form-control wpcf7-textarea\" aria-invalid=\"false\" name=\"your-message\"><\/textarea><\/span>\n<\/p>\n<p><input class=\"wpcf7-form-control wpcf7-submit has-spinner\" type=\"submit\" value=\"Wy\u015blij\" \/>\n<\/p><div class=\"wpcf7-response-output\" aria-hidden=\"true\"><\/div>\n<\/form>\n<\/div>\n<\/div><\/div><\/div><\/div><\/div><\/div><\/div><div class=\"wpb_column vc_column_container vc_col-sm-3\"><div class=\"vc_column-inner\"><div class=\"wpb_wrapper\"><\/div><\/div><\/div><\/div><div class=\"vc_row wpb_row vc_row-fluid\"><div class=\"wpb_column vc_column_container vc_col-sm-12\"><div class=\"vc_column-inner\"><div class=\"wpb_wrapper\"><div class=\"vc_empty_space\"   style=\"height: 32px\"><span class=\"vc_empty_space_inner\"><\/span><\/div><\/div><\/div><\/div><\/div><div class=\"vc_row wpb_row vc_row-fluid vc_row-o-content-middle vc_row-flex\"><div class=\"wpb_column vc_column_container vc_col-sm-3\"><div class=\"vc_column-inner\"><div class=\"wpb_wrapper\"><\/div><\/div><\/div><div class=\"wpb_column vc_column_container vc_col-sm-3\"><div class=\"vc_column-inner\"><div class=\"wpb_wrapper\">\n\t<div  class=\"wpb_single_image wpb_content_element vc_align_center\">\n\t\t\n\t\t<figure class=\"wpb_wrapper vc_figure\">\n\t\t\t<div class=\"vc_single_image-wrapper vc_box_circle  vc_box_border_grey\"><img decoding=\"async\" class=\"vc_single_image-img \" src=\"https:\/\/witan-posadzki.pl\/wp-content\/uploads\/2016\/02\/7-150x150.jpg\" width=\"150\" height=\"150\" alt=\"7\" title=\"7\" \/><\/div>\n\t\t<\/figure>\n\t<\/div>\n<h4 style=\"text-align: center\" class=\"vc_custom_heading\" >Witold Ruszczy\u0144ski<\/h4>\n\t<div class=\"wpb_text_column wpb_content_element \" >\n\t\t<div class=\"wpb_wrapper\">\n\t\t\t<p>| Zarz\u0105d, Prezes Zarz\u0105du<br \/>\nRzeczoznawca Polskiego Stowarzyszenia Posadzkarzy<br \/>\nRzeczoznawca Inspekcji Handlowej w Katowicach<\/p>\n<p>Tel: <a href=\"tel: +48 609-029-099\">(+48) 609 029 099<\/a><br \/>\nEmail:\u00a0<a href=\"mailto:w.ruszczynski@witan-posadzki.pl\">w.ruszczynski@witan-posadzki.pl<\/a><\/p>\n\n\t\t<\/div>\n\t<\/div>\n<\/div><\/div><\/div><div class=\"wpb_column vc_column_container vc_col-sm-3\"><div class=\"vc_column-inner\"><div class=\"wpb_wrapper\">\n\t<div  class=\"wpb_single_image wpb_content_element vc_align_center\">\n\t\t\n\t\t<figure class=\"wpb_wrapper vc_figure\">\n\t\t\t<div class=\"vc_single_image-wrapper vc_box_circle  vc_box_border_grey\"><img decoding=\"async\" class=\"vc_single_image-img \" src=\"https:\/\/witan-posadzki.pl\/wp-content\/uploads\/2016\/02\/6-150x150.jpg\" width=\"150\" height=\"150\" alt=\"6\" title=\"6\" \/><\/div>\n\t\t<\/figure>\n\t<\/div>\n<h4 style=\"text-align: center\" class=\"vc_custom_heading\" >Maciej Mazur<\/h4>\n\t<div class=\"wpb_text_column wpb_content_element \" >\n\t\t<div class=\"wpb_wrapper\">\n\t\t\t<p>| Dyrektor operacyjny<\/p>\n<p>Tel: <a href=\"tel: +48 601-581-248\">(+48) 601 581 248<\/a><br \/>\nEmail:\u00a0<a href=\"mailto:biuro@witan-posadzki.pl\">biuro@witan-posadzki.pl<\/a><\/p>\n\n\t\t<\/div>\n\t<\/div>\n<\/div><\/div><\/div><div class=\"wpb_column vc_column_container vc_col-sm-3\"><div class=\"vc_column-inner\"><div class=\"wpb_wrapper\"><\/div><\/div><\/div><\/div><div class=\"vc_row wpb_row vc_row-fluid\"><div class=\"wpb_column vc_column_container vc_col-sm-12\"><div class=\"vc_column-inner\"><div class=\"wpb_wrapper\"><div class=\"vc_empty_space\"   style=\"height: 32px\"><span class=\"vc_empty_space_inner\"><\/span><\/div><\/div><\/div><\/div><\/div><div class=\"vc_row wpb_row vc_row-fluid vc_row-o-content-middle vc_row-flex\"><div class=\"wpb_column vc_column_container vc_col-sm-3\"><div class=\"vc_column-inner\"><div class=\"wpb_wrapper\"><\/div><\/div><\/div><div class=\"wpb_column vc_column_container vc_col-sm-3\"><div class=\"vc_column-inner\"><div class=\"wpb_wrapper\">\n\t<div  class=\"wpb_single_image wpb_content_element vc_align_center\">\n\t\t\n\t\t<figure class=\"wpb_wrapper vc_figure\">\n\t\t\t<div class=\"vc_single_image-wrapper vc_box_circle  vc_box_border_grey\"><img decoding=\"async\" class=\"vc_single_image-img \" src=\"https:\/\/witan-posadzki.pl\/wp-content\/uploads\/2016\/02\/8-150x150.jpg\" width=\"150\" height=\"150\" alt=\"8\" title=\"8\" \/><\/div>\n\t\t<\/figure>\n\t<\/div>\n<h4 style=\"text-align: center\" class=\"vc_custom_heading\" >Pawe\u0142 Onyszkiewicz<\/h4>\n\t<div class=\"wpb_text_column wpb_content_element \" >\n\t\t<div class=\"wpb_wrapper\">\n\t\t\t<p>| Doradca Klienta<\/p>\n<p>Tel: <a href=\"tel: +48 608-590-562\">(+48) 608 590 562<\/a><br \/>\nEmail:\u00a0<a href=\"mailto:p.onyszkiewicz@witan-posadzki.pl\">p.onyszkiewicz@witan-posadzki.pl<\/a><\/p>\n\n\t\t<\/div>\n\t<\/div>\n<\/div><\/div><\/div><div class=\"wpb_column vc_column_container vc_col-sm-3\"><div class=\"vc_column-inner\"><div class=\"wpb_wrapper\">\n\t<div  class=\"wpb_single_image wpb_content_element vc_align_center\">\n\t\t\n\t\t<figure class=\"wpb_wrapper vc_figure\">\n\t\t\t<div class=\"vc_single_image-wrapper vc_box_circle  vc_box_border_grey\"><img loading=\"lazy\" decoding=\"async\" class=\"vc_single_image-img \" src=\"https:\/\/witan-posadzki.pl\/wp-content\/uploads\/2017\/10\/IMG_8121-kopia-150x150.jpg\" width=\"150\" height=\"150\" alt=\"Tomasz Wadowski\" title=\"Tomasz Wadowski\" \/><\/div>\n\t\t<\/figure>\n\t<\/div>\n<h4 style=\"text-align: center\" class=\"vc_custom_heading\" >Tomasz Wadowski<\/h4>\n\t<div class=\"wpb_text_column wpb_content_element \" >\n\t\t<div class=\"wpb_wrapper\">\n\t\t\t<p>| Doradca Klienta<\/p>\n<p>Tel: <a href=\"tel: +48 505-403-381\">(+48) 505 403 381<\/a><br \/>\nEmail: <a href=\"mailto:wcp@witan-posadzki.pl\">wcp@witan-posadzki.pl<\/a><\/p>\n\n\t\t<\/div>\n\t<\/div>\n<\/div><\/div><\/div><div class=\"wpb_column vc_column_container vc_col-sm-3\"><div class=\"vc_column-inner\"><div class=\"wpb_wrapper\"><\/div><\/div><\/div><\/div><div class=\"vc_row wpb_row vc_row-fluid vc_custom_1632306171613 vc_row-has-fill vc_row-o-equal-height vc_row-o-content-bottom vc_row-flex\"><div class=\"wpb_column vc_column_container vc_col-sm-6 vc_col-has-fill\"><div class=\"vc_column-inner vc_custom_1490273511914\"><div class=\"wpb_wrapper\"><\/div><\/div><\/div><div class=\"wpb_column vc_column_container vc_col-sm-6\"><div class=\"vc_column-inner\"><div class=\"wpb_wrapper\"><\/div><\/div><\/div><\/div><div class=\"vc_row wpb_row vc_row-fluid\"><div class=\"wpb_column vc_column_container vc_col-sm-12\"><div class=\"vc_column-inner\"><div class=\"wpb_wrapper\"><div class=\"vc_empty_space\"   style=\"height: 32px\"><span class=\"vc_empty_space_inner\"><\/span><\/div><\/div><\/div><\/div><\/div><div class=\"vc_row wpb_row vc_row-fluid\"><div class=\"wpb_column vc_column_container vc_col-sm-6\"><div class=\"vc_column-inner vc_custom_1470646293051\"><div class=\"wpb_wrapper\"><h2 style=\"font-size: 20px;text-align: left;font-family:Arimo;font-weight:400;font-style:normal\" class=\"vc_custom_heading\" >WITAN Centrum Pod\u0142\u00f3g SUSZEC<\/h2>\n\t<div class=\"wpb_text_column wpb_content_element \" >\n\t\t<div class=\"wpb_wrapper\">\n\t\t\t<p>WITAN Centrum Pod\u0142\u00f3g sp. z o.o<br \/>\nul. Pszczy\u0144ska 70<br \/>\n43-267 Suszec<\/p>\n<p>tel.: <a href=\"tel:+48324343331\">+48 32 434-33-31<\/a><\/p>\n<p>tel. kom.: <a href=\"tel:+48609010610\">+48 609-010-610<\/a><br \/>\ne-mail: <a href=\"mailto:biuro@witan-posadzki.pl\">biuro@witan-posadzki.pl<\/a><\/p>\n<p>Godziny otwarcia<br \/>\npon &#8211; pt 7:00-17:00<br \/>\nsob 9:00 &#8211; 13:00<\/p>\n\n\t\t<\/div>\n\t<\/div>\n<div class=\"vc_row wpb_row vc_inner vc_row-fluid\"><div class=\"wpb_column vc_column_container vc_col-sm-12\"><div class=\"vc_column-inner\"><div class=\"wpb_wrapper\"><\/div><\/div><\/div><\/div><\/div><\/div><\/div><div class=\"wpb_column vc_column_container vc_col-sm-6\"><div class=\"vc_column-inner\"><div class=\"wpb_wrapper\"><div class=\"vc_row wpb_row vc_inner vc_row-fluid vc_custom_1470646992022\"><div class=\"wpb_column vc_column_container vc_col-sm-12\"><div class=\"vc_column-inner\"><div class=\"wpb_wrapper\"><\/div><\/div><\/div><\/div><\/div><\/div><\/div><\/div><div class=\"vc_row wpb_row vc_row-fluid\"><div class=\"wpb_column vc_column_container vc_col-sm-12\"><div class=\"vc_column-inner\"><div class=\"wpb_wrapper\"><div class=\"wpb_gmaps_widget wpb_content_element vc_custom_1617951268329 wpb_animate_when_almost_visible wpb_bounceIn bounceIn\"><div class=\"wpb_wrapper\"><div class=\"wpb_map_wraper\"><iframe src=\"https:\/\/www.google.com\/maps\/embed?pb=!1m18!1m12!1m3!1d2562.862301311898!2d18.774949315775963!3d50.03267597941994!2m3!1f0!2f0!3f0!3m2!1i1024!2i768!4f13.1!3m3!1m2!1s0x4716b3b75dcc615d%3A0xa7c2a923f33df693!2sWITAN+CENTRUM+POD%C5%81%C3%93G+Wyk%C5%82adziny%2C+parkiety%2C+panele+pod%C5%82ogowe%2C+winylowe!5e0!3m2!1spl!2spl!4v1533209069397\" width=\"600\" height=\"450\" frameborder=\"0\" style=\"border:0\" allowfullscreen><\/iframe><\/div><\/div><\/div><div class=\"vc_separator wpb_content_element vc_separator_align_center vc_sep_width_100 vc_sep_pos_align_center vc_separator_no_text vc_sep_color_grey\" ><span class=\"vc_sep_holder vc_sep_holder_l\"><span  class=\"vc_sep_line\"><\/span><\/span><span class=\"vc_sep_holder vc_sep_holder_r\"><span  class=\"vc_sep_line\"><\/span><\/span>\n<\/div><\/div><\/div><\/div><\/div>\n","protected":false},"excerpt":{"rendered":"<a class=\"readmore-button\" href=\"https:\/\/witan-posadzki.pl\/de\/kontakt\/\">Czytaj wi\u0119cej...<\/a>","protected":false},"author":7,"featured_media":13844,"parent":0,"menu_order":0,"comment_status":"closed","ping_status":"closed","template":"page-fullwidth.php","meta":{"_acf_changed":false,"footnotes":"","_links_to":"","_links_to_target":""},"class_list":["post-59","page","type-page","status-publish","has-post-thumbnail","hentry"],"acf":[],"jetpack_sharing_enabled":true,"jetpack_shortlink":"https:\/\/wp.me\/P9mMf8-X","_links":{"self":[{"href":"https:\/\/witan-posadzki.pl\/de\/wp-json\/wp\/v2\/pages\/59","targetHints":{"allow":["GET"]}}],"collection":[{"href":"https:\/\/witan-posadzki.pl\/de\/wp-json\/wp\/v2\/pages"}],"about":[{"href":"https:\/\/witan-posadzki.pl\/de\/wp-json\/wp\/v2\/types\/page"}],"author":[{"embeddable":true,"href":"https:\/\/witan-posadzki.pl\/de\/wp-json\/wp\/v2\/users\/7"}],"replies":[{"embeddable":true,"href":"https:\/\/witan-posadzki.pl\/de\/wp-json\/wp\/v2\/comments?post=59"}],"version-history":[{"count":137,"href":"https:\/\/witan-posadzki.pl\/de\/wp-json\/wp\/v2\/pages\/59\/revisions"}],"predecessor-version":[{"id":16241,"href":"https:\/\/witan-posadzki.pl\/de\/wp-json\/wp\/v2\/pages\/59\/revisions\/16241"}],"wp:featuredmedia":[{"embeddable":true,"href":"https:\/\/witan-posadzki.pl\/de\/wp-json\/wp\/v2\/media\/13844"}],"wp:attachment":[{"href":"https:\/\/witan-posadzki.pl\/de\/wp-json\/wp\/v2\/media?parent=59"}],"curies":[{"name":"wp","href":"https:\/\/api.w.org\/{rel}","templated":true}]}}