{"id":117,"date":"2015-10-07T09:10:46","date_gmt":"2015-10-07T09:10:46","guid":{"rendered":"https:\/\/witan-posadzki.pl\/?page_id=117"},"modified":"2025-02-14T16:53:01","modified_gmt":"2025-02-14T14:53:01","slug":"historia","status":"publish","type":"page","link":"https:\/\/witan-posadzki.pl\/en\/historia\/","title":{"rendered":"Our story"},"content":{"rendered":"<div class=\"vc_row wpb_row vc_row-fluid\"><div class=\"wpb_column vc_column_container vc_col-sm-12\"><div class=\"vc_column-inner\"><div class=\"wpb_wrapper\"><h1 style=\"text-align: left;font-family:Arimo;font-weight:400;font-style:normal\" class=\"vc_custom_heading\" >Historia<\/h1>\n\t<div class=\"wpb_text_column wpb_content_element \" >\n\t\t<div class=\"wpb_wrapper\">\n\t\t\t<p style=\"text-align: justify;\"><dl class=\"faq\"><dt>Pocz\u0105tki<\/dt><dd><\/p>\n<p style=\"text-align: justify;\"><strong>Nasz\u0105 przygod\u0119 z posadzkami rozpocz\u0119li\u015bmy w 1998 roku<\/strong>. Pocz\u0105tki by\u0142y trudne. Wymaga\u0142y jasno wytyczonych cel\u00f3w i determinacji w ich osi\u0105ganiu. Podobnie jak wiele firm, rozpocz\u0119li\u015bmy w mieszkaniu w bloku, z niewielkim zapleczem w piwnicy. Po kilku latach spe\u0142nieniem marze\u0144 by\u0142 magazyn w osiedlowym gara\u017cu. W 2011 roku, po zako\u0144czonej inwestycji, przeprowadzili\u015bmy si\u0119 do w\u0142asnego budynku biurowo-magazynowego o pow. ok. 1000 m2.<\/p>\n<p><\/dd><dt>Rozw\u00f3j<\/dt><dd><\/p>\n<p style=\"text-align: justify;\">Przeprowadzkom do coraz wi\u0119kszych przestrzeni towarzyszy\u0142 nieustanny rozw\u00f3j naszej oferty produktowej. Oferta wyk\u0142adziny PVC, linoleum i dywanowych z biegiem lat zosta\u0142a poszerzona o kauczuki, parkiet, posadzki \u017cywiczne i beton dekoracyjny. <strong>Stoi za nami prawdziwa historia.<\/strong><\/p>\n<p style=\"text-align: justify;\">Od 2013 roku pos\u0142ugujemy si\u0119 nowym logo i mark\u0105 handlow\u0105 <strong>\u201eWITAN CENTRUM POD\u0141\u00d3G\u201d<\/strong><\/p>\n<p><\/dd><br \/>\n<\/dl><\/p>\n<blockquote><p>\nJe\u015bli zale\u017cy Ci na rzetelnym podej\u015bciu, d\u0142ugoletniej gwarancji i wysokiej jako\u015bci, jeste\u015b na w\u0142a\u015bciwej stronie.\u00a0R\u00f3\u017cnorodno\u015b\u0107 rozwi\u0105za\u0144 pod\u0142ogowych &#8211; oto co nas wyr\u00f3\u017cnia.\n<\/p><\/blockquote>\n\n\t\t<\/div>\n\t<\/div>\n<\/div><\/div><\/div><\/div><div class=\"vc_row wpb_row vc_row-fluid\"><div class=\"wpb_column vc_column_container vc_col-sm-12\"><div class=\"vc_column-inner\"><div class=\"wpb_wrapper\"><div class=\"wpb_images_carousel wpb_content_element vc_clearfix\"><div class=\"wpb_wrapper\"><div id=\"vc_images-carousel-1-1777928098\" data-ride=\"vc_carousel\" data-wrap=\"false\" style=\"width: 1024px;\" data-interval=\"0\" data-auto-height=\"yes\" data-mode=\"horizontal\" data-partial=\"false\" data-per-view=\"1\" data-hide-on-end=\"true\" class=\"vc_slide vc_images_carousel\"><ol class=\"vc_carousel-indicators\"><li data-target=\"#vc_images-carousel-1-1777928098\" data-slide-to=\"0\"><\/li><li data-target=\"#vc_images-carousel-1-1777928098\" data-slide-to=\"1\"><\/li><li data-target=\"#vc_images-carousel-1-1777928098\" data-slide-to=\"2\"><\/li><li data-target=\"#vc_images-carousel-1-1777928098\" data-slide-to=\"3\"><\/li><li data-target=\"#vc_images-carousel-1-1777928098\" data-slide-to=\"4\"><\/li><li data-target=\"#vc_images-carousel-1-1777928098\" data-slide-to=\"5\"><\/li><li data-target=\"#vc_images-carousel-1-1777928098\" data-slide-to=\"6\"><\/li><li data-target=\"#vc_images-carousel-1-1777928098\" data-slide-to=\"7\"><\/li><li data-target=\"#vc_images-carousel-1-1777928098\" data-slide-to=\"8\"><\/li><li data-target=\"#vc_images-carousel-1-1777928098\" data-slide-to=\"9\"><\/li><li data-target=\"#vc_images-carousel-1-1777928098\" data-slide-to=\"10\"><\/li><li data-target=\"#vc_images-carousel-1-1777928098\" data-slide-to=\"11\"><\/li><\/ol><div class=\"vc_carousel-inner\"><div class=\"vc_carousel-slideline\"><div class=\"vc_carousel-slideline-inner\"><div class=\"vc_item\"><div class=\"vc_inner\"><a class=\"\" href=\"https:\/\/witan-posadzki.pl\/wp-content\/uploads\/2025\/02\/3J9A6290-kopia-1-1024x732.jpg\" data-lightbox=\"lightbox[rel-117-1455373215]\"><img fetchpriority=\"high\" decoding=\"async\" width=\"1024\" height=\"732\" src=\"https:\/\/witan-posadzki.pl\/wp-content\/uploads\/2025\/02\/3J9A6290-kopia-1-1024x732.jpg\" class=\"attachment-large\" alt=\"\" srcset=\"https:\/\/witan-posadzki.pl\/wp-content\/uploads\/2025\/02\/3J9A6290-kopia-1-1024x732.jpg 1024w, https:\/\/witan-posadzki.pl\/wp-content\/uploads\/2025\/02\/3J9A6290-kopia-1-300x214.jpg 300w, https:\/\/witan-posadzki.pl\/wp-content\/uploads\/2025\/02\/3J9A6290-kopia-1-768x549.jpg 768w, https:\/\/witan-posadzki.pl\/wp-content\/uploads\/2025\/02\/3J9A6290-kopia-1-1536x1097.jpg 1536w, https:\/\/witan-posadzki.pl\/wp-content\/uploads\/2025\/02\/3J9A6290-kopia-1.jpg 2000w\" sizes=\"(max-width: 1024px) 100vw, 1024px\" \/><\/a><\/div><\/div><div class=\"vc_item\"><div class=\"vc_inner\"><a class=\"\" href=\"https:\/\/witan-posadzki.pl\/wp-content\/uploads\/2025\/02\/3J9A6229-kopia-1-1024x732.jpg\" data-lightbox=\"lightbox[rel-117-1455373215]\"><img decoding=\"async\" width=\"1024\" height=\"732\" src=\"https:\/\/witan-posadzki.pl\/wp-content\/uploads\/2025\/02\/3J9A6229-kopia-1-1024x732.jpg\" class=\"attachment-large\" alt=\"\" srcset=\"https:\/\/witan-posadzki.pl\/wp-content\/uploads\/2025\/02\/3J9A6229-kopia-1-1024x732.jpg 1024w, https:\/\/witan-posadzki.pl\/wp-content\/uploads\/2025\/02\/3J9A6229-kopia-1-300x214.jpg 300w, https:\/\/witan-posadzki.pl\/wp-content\/uploads\/2025\/02\/3J9A6229-kopia-1-768x549.jpg 768w, https:\/\/witan-posadzki.pl\/wp-content\/uploads\/2025\/02\/3J9A6229-kopia-1-1536x1097.jpg 1536w, https:\/\/witan-posadzki.pl\/wp-content\/uploads\/2025\/02\/3J9A6229-kopia-1.jpg 2000w\" sizes=\"(max-width: 1024px) 100vw, 1024px\" \/><\/a><\/div><\/div><div class=\"vc_item\"><div class=\"vc_inner\"><a class=\"\" href=\"https:\/\/witan-posadzki.pl\/wp-content\/uploads\/2025\/02\/3J9A6235-kopia-1024x732.jpg\" data-lightbox=\"lightbox[rel-117-1455373215]\"><img decoding=\"async\" width=\"1024\" height=\"732\" src=\"https:\/\/witan-posadzki.pl\/wp-content\/uploads\/2025\/02\/3J9A6235-kopia-1024x732.jpg\" class=\"attachment-large\" alt=\"\" srcset=\"https:\/\/witan-posadzki.pl\/wp-content\/uploads\/2025\/02\/3J9A6235-kopia-1024x732.jpg 1024w, https:\/\/witan-posadzki.pl\/wp-content\/uploads\/2025\/02\/3J9A6235-kopia-300x214.jpg 300w, https:\/\/witan-posadzki.pl\/wp-content\/uploads\/2025\/02\/3J9A6235-kopia-768x549.jpg 768w, https:\/\/witan-posadzki.pl\/wp-content\/uploads\/2025\/02\/3J9A6235-kopia-1536x1097.jpg 1536w, https:\/\/witan-posadzki.pl\/wp-content\/uploads\/2025\/02\/3J9A6235-kopia.jpg 2000w\" sizes=\"(max-width: 1024px) 100vw, 1024px\" \/><\/a><\/div><\/div><div class=\"vc_item\"><div class=\"vc_inner\"><a class=\"\" href=\"https:\/\/witan-posadzki.pl\/wp-content\/uploads\/2025\/02\/3J9A6346-kopia-1-1024x732.jpg\" data-lightbox=\"lightbox[rel-117-1455373215]\"><img loading=\"lazy\" decoding=\"async\" width=\"1024\" height=\"732\" src=\"https:\/\/witan-posadzki.pl\/wp-content\/uploads\/2025\/02\/3J9A6346-kopia-1-1024x732.jpg\" class=\"attachment-large\" alt=\"\" srcset=\"https:\/\/witan-posadzki.pl\/wp-content\/uploads\/2025\/02\/3J9A6346-kopia-1-1024x732.jpg 1024w, https:\/\/witan-posadzki.pl\/wp-content\/uploads\/2025\/02\/3J9A6346-kopia-1-300x214.jpg 300w, https:\/\/witan-posadzki.pl\/wp-content\/uploads\/2025\/02\/3J9A6346-kopia-1-768x549.jpg 768w, https:\/\/witan-posadzki.pl\/wp-content\/uploads\/2025\/02\/3J9A6346-kopia-1-1536x1097.jpg 1536w, https:\/\/witan-posadzki.pl\/wp-content\/uploads\/2025\/02\/3J9A6346-kopia-1.jpg 2000w\" sizes=\"(max-width: 1024px) 100vw, 1024px\" \/><\/a><\/div><\/div><div class=\"vc_item\"><div class=\"vc_inner\"><a class=\"\" href=\"https:\/\/witan-posadzki.pl\/wp-content\/uploads\/2025\/02\/3J9A6386-kopia-1-1024x682.jpg\" data-lightbox=\"lightbox[rel-117-1455373215]\"><img loading=\"lazy\" decoding=\"async\" width=\"1024\" height=\"682\" src=\"https:\/\/witan-posadzki.pl\/wp-content\/uploads\/2025\/02\/3J9A6386-kopia-1-1024x682.jpg\" class=\"attachment-large\" alt=\"\" srcset=\"https:\/\/witan-posadzki.pl\/wp-content\/uploads\/2025\/02\/3J9A6386-kopia-1-1024x682.jpg 1024w, https:\/\/witan-posadzki.pl\/wp-content\/uploads\/2025\/02\/3J9A6386-kopia-1-300x200.jpg 300w, https:\/\/witan-posadzki.pl\/wp-content\/uploads\/2025\/02\/3J9A6386-kopia-1-768x512.jpg 768w, https:\/\/witan-posadzki.pl\/wp-content\/uploads\/2025\/02\/3J9A6386-kopia-1-600x400.jpg 600w, https:\/\/witan-posadzki.pl\/wp-content\/uploads\/2025\/02\/3J9A6386-kopia-1-1536x1024.jpg 1536w, https:\/\/witan-posadzki.pl\/wp-content\/uploads\/2025\/02\/3J9A6386-kopia-1.jpg 2000w\" sizes=\"(max-width: 1024px) 100vw, 1024px\" \/><\/a><\/div><\/div><div class=\"vc_item\"><div class=\"vc_inner\"><a class=\"\" href=\"https:\/\/witan-posadzki.pl\/wp-content\/uploads\/2025\/02\/3J9A6393-kopia-1-1024x732.jpg\" data-lightbox=\"lightbox[rel-117-1455373215]\"><img loading=\"lazy\" decoding=\"async\" width=\"1024\" height=\"732\" src=\"https:\/\/witan-posadzki.pl\/wp-content\/uploads\/2025\/02\/3J9A6393-kopia-1-1024x732.jpg\" class=\"attachment-large\" alt=\"\" srcset=\"https:\/\/witan-posadzki.pl\/wp-content\/uploads\/2025\/02\/3J9A6393-kopia-1-1024x732.jpg 1024w, https:\/\/witan-posadzki.pl\/wp-content\/uploads\/2025\/02\/3J9A6393-kopia-1-300x214.jpg 300w, https:\/\/witan-posadzki.pl\/wp-content\/uploads\/2025\/02\/3J9A6393-kopia-1-768x549.jpg 768w, https:\/\/witan-posadzki.pl\/wp-content\/uploads\/2025\/02\/3J9A6393-kopia-1-1536x1097.jpg 1536w, https:\/\/witan-posadzki.pl\/wp-content\/uploads\/2025\/02\/3J9A6393-kopia-1.jpg 2000w\" sizes=\"(max-width: 1024px) 100vw, 1024px\" \/><\/a><\/div><\/div><div class=\"vc_item\"><div class=\"vc_inner\"><a class=\"\" href=\"https:\/\/witan-posadzki.pl\/wp-content\/uploads\/2025\/02\/3J9A6413-kopia-1024x682.jpg\" data-lightbox=\"lightbox[rel-117-1455373215]\"><img loading=\"lazy\" decoding=\"async\" width=\"1024\" height=\"682\" src=\"https:\/\/witan-posadzki.pl\/wp-content\/uploads\/2025\/02\/3J9A6413-kopia-1024x682.jpg\" class=\"attachment-large\" alt=\"\" srcset=\"https:\/\/witan-posadzki.pl\/wp-content\/uploads\/2025\/02\/3J9A6413-kopia-1024x682.jpg 1024w, https:\/\/witan-posadzki.pl\/wp-content\/uploads\/2025\/02\/3J9A6413-kopia-300x200.jpg 300w, https:\/\/witan-posadzki.pl\/wp-content\/uploads\/2025\/02\/3J9A6413-kopia-768x512.jpg 768w, https:\/\/witan-posadzki.pl\/wp-content\/uploads\/2025\/02\/3J9A6413-kopia-600x400.jpg 600w, https:\/\/witan-posadzki.pl\/wp-content\/uploads\/2025\/02\/3J9A6413-kopia-1536x1024.jpg 1536w, https:\/\/witan-posadzki.pl\/wp-content\/uploads\/2025\/02\/3J9A6413-kopia.jpg 2000w\" sizes=\"(max-width: 1024px) 100vw, 1024px\" \/><\/a><\/div><\/div><div class=\"vc_item\"><div class=\"vc_inner\"><a class=\"\" href=\"https:\/\/witan-posadzki.pl\/wp-content\/uploads\/2025\/02\/3J9A6455-kopia-1024x732.jpg\" data-lightbox=\"lightbox[rel-117-1455373215]\"><img loading=\"lazy\" decoding=\"async\" width=\"1024\" height=\"732\" src=\"https:\/\/witan-posadzki.pl\/wp-content\/uploads\/2025\/02\/3J9A6455-kopia-1024x732.jpg\" class=\"attachment-large\" alt=\"\" srcset=\"https:\/\/witan-posadzki.pl\/wp-content\/uploads\/2025\/02\/3J9A6455-kopia-1024x732.jpg 1024w, https:\/\/witan-posadzki.pl\/wp-content\/uploads\/2025\/02\/3J9A6455-kopia-300x214.jpg 300w, https:\/\/witan-posadzki.pl\/wp-content\/uploads\/2025\/02\/3J9A6455-kopia-768x549.jpg 768w, https:\/\/witan-posadzki.pl\/wp-content\/uploads\/2025\/02\/3J9A6455-kopia-1536x1097.jpg 1536w, https:\/\/witan-posadzki.pl\/wp-content\/uploads\/2025\/02\/3J9A6455-kopia.jpg 2000w\" sizes=\"(max-width: 1024px) 100vw, 1024px\" \/><\/a><\/div><\/div><div class=\"vc_item\"><div class=\"vc_inner\"><a class=\"\" href=\"https:\/\/witan-posadzki.pl\/wp-content\/uploads\/2025\/02\/3J9A6429-kopia-1024x682.jpg\" data-lightbox=\"lightbox[rel-117-1455373215]\"><img loading=\"lazy\" decoding=\"async\" width=\"1024\" height=\"682\" src=\"https:\/\/witan-posadzki.pl\/wp-content\/uploads\/2025\/02\/3J9A6429-kopia-1024x682.jpg\" class=\"attachment-large\" alt=\"\" srcset=\"https:\/\/witan-posadzki.pl\/wp-content\/uploads\/2025\/02\/3J9A6429-kopia-1024x682.jpg 1024w, https:\/\/witan-posadzki.pl\/wp-content\/uploads\/2025\/02\/3J9A6429-kopia-300x200.jpg 300w, https:\/\/witan-posadzki.pl\/wp-content\/uploads\/2025\/02\/3J9A6429-kopia-768x512.jpg 768w, https:\/\/witan-posadzki.pl\/wp-content\/uploads\/2025\/02\/3J9A6429-kopia-600x400.jpg 600w, https:\/\/witan-posadzki.pl\/wp-content\/uploads\/2025\/02\/3J9A6429-kopia-1536x1024.jpg 1536w, https:\/\/witan-posadzki.pl\/wp-content\/uploads\/2025\/02\/3J9A6429-kopia.jpg 2000w\" sizes=\"(max-width: 1024px) 100vw, 1024px\" \/><\/a><\/div><\/div><div class=\"vc_item\"><div class=\"vc_inner\"><a class=\"\" href=\"https:\/\/witan-posadzki.pl\/wp-content\/uploads\/2025\/02\/3J9A6436-kopia-1-1024x732.jpg\" data-lightbox=\"lightbox[rel-117-1455373215]\"><img loading=\"lazy\" decoding=\"async\" width=\"1024\" height=\"732\" src=\"https:\/\/witan-posadzki.pl\/wp-content\/uploads\/2025\/02\/3J9A6436-kopia-1-1024x732.jpg\" class=\"attachment-large\" alt=\"\" srcset=\"https:\/\/witan-posadzki.pl\/wp-content\/uploads\/2025\/02\/3J9A6436-kopia-1-1024x732.jpg 1024w, https:\/\/witan-posadzki.pl\/wp-content\/uploads\/2025\/02\/3J9A6436-kopia-1-300x214.jpg 300w, https:\/\/witan-posadzki.pl\/wp-content\/uploads\/2025\/02\/3J9A6436-kopia-1-768x549.jpg 768w, https:\/\/witan-posadzki.pl\/wp-content\/uploads\/2025\/02\/3J9A6436-kopia-1-1536x1097.jpg 1536w, https:\/\/witan-posadzki.pl\/wp-content\/uploads\/2025\/02\/3J9A6436-kopia-1.jpg 2000w\" sizes=\"(max-width: 1024px) 100vw, 1024px\" \/><\/a><\/div><\/div><div class=\"vc_item\"><div class=\"vc_inner\"><a class=\"\" href=\"https:\/\/witan-posadzki.pl\/wp-content\/uploads\/2025\/02\/3J9A6441-kopia-1-1024x732.jpg\" data-lightbox=\"lightbox[rel-117-1455373215]\"><img loading=\"lazy\" decoding=\"async\" width=\"1024\" height=\"732\" src=\"https:\/\/witan-posadzki.pl\/wp-content\/uploads\/2025\/02\/3J9A6441-kopia-1-1024x732.jpg\" class=\"attachment-large\" alt=\"\" srcset=\"https:\/\/witan-posadzki.pl\/wp-content\/uploads\/2025\/02\/3J9A6441-kopia-1-1024x732.jpg 1024w, https:\/\/witan-posadzki.pl\/wp-content\/uploads\/2025\/02\/3J9A6441-kopia-1-300x214.jpg 300w, https:\/\/witan-posadzki.pl\/wp-content\/uploads\/2025\/02\/3J9A6441-kopia-1-768x549.jpg 768w, https:\/\/witan-posadzki.pl\/wp-content\/uploads\/2025\/02\/3J9A6441-kopia-1-1536x1097.jpg 1536w, https:\/\/witan-posadzki.pl\/wp-content\/uploads\/2025\/02\/3J9A6441-kopia-1.jpg 2000w\" sizes=\"(max-width: 1024px) 100vw, 1024px\" \/><\/a><\/div><\/div><div class=\"vc_item\"><div class=\"vc_inner\"><a class=\"\" href=\"https:\/\/witan-posadzki.pl\/wp-content\/uploads\/2025\/02\/3J9A6446-kopia-1-1024x732.jpg\" data-lightbox=\"lightbox[rel-117-1455373215]\"><img loading=\"lazy\" decoding=\"async\" width=\"1024\" height=\"732\" src=\"https:\/\/witan-posadzki.pl\/wp-content\/uploads\/2025\/02\/3J9A6446-kopia-1-1024x732.jpg\" class=\"attachment-large\" alt=\"\" srcset=\"https:\/\/witan-posadzki.pl\/wp-content\/uploads\/2025\/02\/3J9A6446-kopia-1-1024x732.jpg 1024w, https:\/\/witan-posadzki.pl\/wp-content\/uploads\/2025\/02\/3J9A6446-kopia-1-300x214.jpg 300w, https:\/\/witan-posadzki.pl\/wp-content\/uploads\/2025\/02\/3J9A6446-kopia-1-768x549.jpg 768w, https:\/\/witan-posadzki.pl\/wp-content\/uploads\/2025\/02\/3J9A6446-kopia-1-1536x1097.jpg 1536w, https:\/\/witan-posadzki.pl\/wp-content\/uploads\/2025\/02\/3J9A6446-kopia-1.jpg 2000w\" sizes=\"(max-width: 1024px) 100vw, 1024px\" \/><\/a><\/div><\/div><\/div><\/div><\/div><a class=\"vc_left vc_carousel-control\" href=\"#vc_images-carousel-1-1777928098\" data-slide=\"prev\"><span class=\"icon-prev\"><\/span><\/a><a class=\"vc_right vc_carousel-control\" href=\"#vc_images-carousel-1-1777928098\" data-slide=\"next\"><span class=\"icon-next\"><\/span><\/a><\/div><\/div><\/div><\/div><\/div><\/div><\/div>\n","protected":false},"excerpt":{"rendered":"<a class=\"readmore-button\" href=\"https:\/\/witan-posadzki.pl\/en\/historia\/\">Czytaj wi\u0119cej...<\/a>","protected":false},"author":7,"featured_media":16193,"parent":0,"menu_order":0,"comment_status":"closed","ping_status":"closed","template":"","meta":{"_acf_changed":false,"footnotes":"","_links_to":"","_links_to_target":""},"class_list":["post-117","page","type-page","status-publish","has-post-thumbnail","hentry"],"acf":[],"jetpack_sharing_enabled":true,"jetpack_shortlink":"https:\/\/wp.me\/P9mMf8-1T","_links":{"self":[{"href":"https:\/\/witan-posadzki.pl\/en\/wp-json\/wp\/v2\/pages\/117","targetHints":{"allow":["GET"]}}],"collection":[{"href":"https:\/\/witan-posadzki.pl\/en\/wp-json\/wp\/v2\/pages"}],"about":[{"href":"https:\/\/witan-posadzki.pl\/en\/wp-json\/wp\/v2\/types\/page"}],"author":[{"embeddable":true,"href":"https:\/\/witan-posadzki.pl\/en\/wp-json\/wp\/v2\/users\/7"}],"replies":[{"embeddable":true,"href":"https:\/\/witan-posadzki.pl\/en\/wp-json\/wp\/v2\/comments?post=117"}],"version-history":[{"count":47,"href":"https:\/\/witan-posadzki.pl\/en\/wp-json\/wp\/v2\/pages\/117\/revisions"}],"predecessor-version":[{"id":16191,"href":"https:\/\/witan-posadzki.pl\/en\/wp-json\/wp\/v2\/pages\/117\/revisions\/16191"}],"wp:featuredmedia":[{"embeddable":true,"href":"https:\/\/witan-posadzki.pl\/en\/wp-json\/wp\/v2\/media\/16193"}],"wp:attachment":[{"href":"https:\/\/witan-posadzki.pl\/en\/wp-json\/wp\/v2\/media?parent=117"}],"curies":[{"name":"wp","href":"https:\/\/api.w.org\/{rel}","templated":true}]}}