{"id":13585,"date":"2020-04-27T10:47:03","date_gmt":"2020-04-27T10:47:03","guid":{"rendered":"https:\/\/witan-posadzki.pl\/?page_id=13585"},"modified":"2023-07-24T14:58:47","modified_gmt":"2023-07-24T14:58:47","slug":"kauczuk","status":"publish","type":"page","link":"https:\/\/witan-posadzki.pl\/en\/kauczuk\/","title":{"rendered":"KAUCZUK"},"content":{"rendered":"<div class=\"vc_row wpb_row vc_row-fluid\"><div class=\"wpb_column vc_column_container vc_col-sm-12\"><div class=\"vc_column-inner\"><div class=\"wpb_wrapper\">\n\t<div class=\"wpb_text_column wpb_content_element\" >\n\t\t<div class=\"wpb_wrapper\">\n\t\t\t<h2 data-pm-slice=\"1 1 &#091;&#093;\"><strong>Pod\u0142ogi kauczukowe<\/strong><\/h2>\n<p>Pod\u0142oga kauczukowa to innowacyjne i ekologiczne rozwi\u0105zanie, kt\u00f3re zdobywa coraz wi\u0119ksz\u0105 popularno\u015b\u0107.Ten wyj\u0105tkowy materia\u0142 posiada szereg cech, kt\u00f3re czyni\u0105 go idealnym wyborem dla wielu zastosowa\u0144. Wysoka odporno\u015b\u0107 na \u015bcieranie i uderzenia sprawia, \u017ce pod\u0142ogi kauczukowe s\u0105 odporne na uszkodzenia, nawet przy du\u017cym nat\u0119\u017ceniu ruchu. Kauczuk jest r\u00f3wnie\u017c odporny na wilgo\u0107, dzia\u0142anie wi\u0119kszo\u015bci kwas\u00f3w, zasad i rozpuszczalnik\u00f3w, co oznacza, \u017ce jest on trwa\u0142y i \u0142atwy do utrzymania w czysto\u015bci. Mo\u017cna go stosowa\u0107 wsz\u0119dzie tam, gdzie inne materia\u0142y, takie jak linoleum i wyk\u0142adzina PVC, mog\u0105 okaza\u0107 si\u0119 zbyt delikatne. Dzi\u0119ki swojej wytrzyma\u0142o\u015bci i wszechstronno\u015bci, pod\u0142ogi kauczukowe mog\u0105 by\u0107 u\u017cywane nawet w windach i na posadzkach autobusowych.<\/p>\n<p>&nbsp;<\/p>\n<h2><strong>Zalety pod\u0142\u00f3g kauczukowych <\/strong><\/h2>\n<p>W\u0142a\u015bciwo\u015bci antystatyczne i antypo\u015blizgowe kauczuku sprawiaj\u0105, \u017ce jest to idealny wyb\u00f3r dla miejsc, w kt\u00f3rych bezpiecze\u0144stwo jest priorytetem. To czyni go idealnym rozwi\u0105zaniem dla klub\u00f3w fitness, zak\u0142ad\u00f3w pracy, szk\u00f3\u0142 i innych miejsc o du\u017cym nat\u0119\u017ceniu ruchu, takich jak lotniska czy galerie handlowe.<\/p>\n<p>Pod\u0142oga kauczukowa nie tylko zapewnia bezpiecze\u0144stwo, ale r\u00f3wnie\u017c komfort u\u017cytkowania. Jest doskona\u0142ym izolatorem akustycznym, co przek\u0142ada si\u0119 na cich\u0105 i spokojn\u0105 atmosfer\u0119, niezale\u017cnie od tego, gdzie jest stosowana.<\/p>\n<p>Mo\u017cna go stosowa\u0107 wsz\u0119dzie tam, gdzie inne materia\u0142y, takie jak linoleum i wyk\u0142adzina PVC, mog\u0105 okaza\u0107 si\u0119 zbyt delikatne. Dzi\u0119ki swojej wytrzyma\u0142o\u015bci i wszechstronno\u015bci, pod\u0142ogi kauczukowe mog\u0105 by\u0107 u\u017cywane nawet w windach i na posadzkach autobusowych.<\/p>\n\n\t\t<\/div>\n\t<\/div>\n\n\t<div  class=\"wpb_single_image wpb_content_element vc_align_left\">\n\t\t\n\t\t<figure class=\"wpb_wrapper vc_figure\">\n\t\t\t<div class=\"vc_single_image-wrapper   vc_box_border_grey\"><img fetchpriority=\"high\" decoding=\"async\" width=\"2560\" height=\"960\" src=\"https:\/\/witan-posadzki.pl\/wp-content\/uploads\/2022\/11\/Wykladzina-pvc-przedszkole-radzionkow-scaled.jpg\" class=\"vc_single_image-img attachment-full\" alt=\"\" srcset=\"https:\/\/witan-posadzki.pl\/wp-content\/uploads\/2022\/11\/Wykladzina-pvc-przedszkole-radzionkow-scaled.jpg 2560w, https:\/\/witan-posadzki.pl\/wp-content\/uploads\/2022\/11\/Wykladzina-pvc-przedszkole-radzionkow-300x113.jpg 300w, https:\/\/witan-posadzki.pl\/wp-content\/uploads\/2022\/11\/Wykladzina-pvc-przedszkole-radzionkow-1024x384.jpg 1024w, https:\/\/witan-posadzki.pl\/wp-content\/uploads\/2022\/11\/Wykladzina-pvc-przedszkole-radzionkow-768x288.jpg 768w, https:\/\/witan-posadzki.pl\/wp-content\/uploads\/2022\/11\/Wykladzina-pvc-przedszkole-radzionkow-1536x576.jpg 1536w, https:\/\/witan-posadzki.pl\/wp-content\/uploads\/2022\/11\/Wykladzina-pvc-przedszkole-radzionkow-2048x768.jpg 2048w\" sizes=\"(max-width: 2560px) 100vw, 2560px\" \/><\/div>\n\t\t<\/figure>\n\t<\/div>\n\n\t<div class=\"wpb_text_column wpb_content_element\" >\n\t\t<div class=\"wpb_wrapper\">\n\t\t\t<h2 data-pm-slice=\"1 1 &#091;&#093;\"><strong>W jakich pomieszczeniach mo\u017cna zastosowa\u0107 pod\u0142ogi kauczukowe?<\/strong><\/h2>\n<p>Pod\u0142ogi kauczukowe s\u0105 idealnym rozwi\u0105zaniem dla miejsc o du\u017cym nat\u0119\u017ceniu ruchu, jak galerie handlowe czy lotniska, oraz dla przestrzeni, gdzie bezpiecze\u0144stwo jest priorytetem, np. kluby fitness czy zak\u0142ady pracy. Dzi\u0119ki odporno\u015bci na wilgo\u0107 i chemikalia, sprawdz\u0105 si\u0119 w laboratoriach, a ze wzgl\u0119du na w\u0142a\u015bciwo\u015bci akustyczne &#8211; w pomieszczeniach wymagaj\u0105cych redukcji ha\u0142asu, takich jak biblioteki czy sale konferencyjne. To uniwersalne i wytrzyma\u0142e rozwi\u0105zanie, kt\u00f3re dostosuje si\u0119 do wielu r\u00f3\u017cnych zastosowa\u0144.<\/p>\n\n\t\t<\/div>\n\t<\/div>\n<\/div><\/div><\/div><\/div><div class=\"vc_row wpb_row vc_row-fluid\"><div class=\"wpb_column vc_column_container vc_col-sm-12\"><div class=\"vc_column-inner\"><div class=\"wpb_wrapper\">\n\t<div class=\"wpb_text_column wpb_content_element\" >\n\t\t<div class=\"wpb_wrapper\">\n\t\t\t<h2><strong>Wyk\u0142adzina kauczukowa &#8211; co warto wiedzie\u0107?<\/strong><\/h2>\n<p>Wyk\u0142adzina kauczukowa zaliczana jest do grupy wyk\u0142adzin elastycznych. Z uwagi na pierwotne pochodzenie mo\u017cna zaliczy\u0107 j\u0105 do wyk\u0142adzin naturalnych. W dzisiejszych czasach do produkcji wyk\u0142adzin kauczukowych u\u017cywa si\u0119 syntetycznego kauczuku z dodatkami wype\u0142niaczy mineralnych, zmi\u0119kczaczy, dodatk\u00f3w wulkanizuj\u0105cych, przeciwutleniaczy i barwnik\u00f3w.<span class=\"Apple-converted-space\">\u00a0<\/span><\/p>\n<p>Jest bardzo trwa\u0142a, w zale\u017cno\u015bci od grubo\u015bci i piel\u0119gnacji jej \u017cywotno\u015b\u0107 wynosi nawet do 30-40 lat.<\/p>\n\n\t\t<\/div>\n\t<\/div>\n<\/div><\/div><\/div><\/div><div class=\"vc_row wpb_row vc_row-fluid\"><div class=\"wpb_column vc_column_container vc_col-sm-4\"><div class=\"vc_column-inner\"><div class=\"wpb_wrapper\">\n\t<div  class=\"wpb_single_image wpb_content_element vc_align_left\">\n\t\t\n\t\t<figure class=\"wpb_wrapper vc_figure\">\n\t\t\t<div class=\"vc_single_image-wrapper   vc_box_border_grey\"><img decoding=\"async\" width=\"250\" height=\"250\" src=\"https:\/\/witan-posadzki.pl\/wp-content\/uploads\/2020\/04\/NORA-LOGO.jpg\" class=\"vc_single_image-img attachment-medium\" alt=\"\" srcset=\"https:\/\/witan-posadzki.pl\/wp-content\/uploads\/2020\/04\/NORA-LOGO.jpg 250w, https:\/\/witan-posadzki.pl\/wp-content\/uploads\/2020\/04\/NORA-LOGO-150x150.jpg 150w\" sizes=\"(max-width: 250px) 100vw, 250px\" \/><\/div>\n\t\t<\/figure>\n\t<\/div>\n<\/div><\/div><\/div><div class=\"wpb_column vc_column_container vc_col-sm-4\"><div class=\"vc_column-inner\"><div class=\"wpb_wrapper\">\n\t<div  class=\"wpb_single_image wpb_content_element vc_align_left\">\n\t\t\n\t\t<figure class=\"wpb_wrapper vc_figure\">\n\t\t\t<div class=\"vc_single_image-wrapper   vc_box_border_grey\"><img decoding=\"async\" width=\"250\" height=\"250\" src=\"https:\/\/witan-posadzki.pl\/wp-content\/uploads\/2020\/04\/artigo.jpg\" class=\"vc_single_image-img attachment-medium\" alt=\"\" srcset=\"https:\/\/witan-posadzki.pl\/wp-content\/uploads\/2020\/04\/artigo.jpg 250w, https:\/\/witan-posadzki.pl\/wp-content\/uploads\/2020\/04\/artigo-150x150.jpg 150w\" sizes=\"(max-width: 250px) 100vw, 250px\" \/><\/div>\n\t\t<\/figure>\n\t<\/div>\n<\/div><\/div><\/div><div class=\"wpb_column vc_column_container vc_col-sm-4\"><div class=\"vc_column-inner\"><div class=\"wpb_wrapper\">\n\t<div  class=\"wpb_single_image wpb_content_element vc_align_left\">\n\t\t\n\t\t<figure class=\"wpb_wrapper vc_figure\">\n\t\t\t<div class=\"vc_single_image-wrapper   vc_box_border_grey\"><img loading=\"lazy\" decoding=\"async\" width=\"250\" height=\"250\" src=\"https:\/\/witan-posadzki.pl\/wp-content\/uploads\/2020\/04\/gerflor1.jpg\" class=\"vc_single_image-img attachment-medium\" alt=\"\" srcset=\"https:\/\/witan-posadzki.pl\/wp-content\/uploads\/2020\/04\/gerflor1.jpg 250w, https:\/\/witan-posadzki.pl\/wp-content\/uploads\/2020\/04\/gerflor1-150x150.jpg 150w\" sizes=\"(max-width: 250px) 100vw, 250px\" \/><\/div>\n\t\t<\/figure>\n\t<\/div>\n<\/div><\/div><\/div><\/div>","protected":false},"excerpt":{"rendered":"<a class=\"readmore-button\" href=\"https:\/\/witan-posadzki.pl\/en\/kauczuk\/\">Czytaj wi\u0119cej...<\/a>","protected":false},"author":7,"featured_media":0,"parent":0,"menu_order":0,"comment_status":"closed","ping_status":"closed","template":"page-fullwidth.php","meta":{"_acf_changed":false,"footnotes":"","_links_to":"","_links_to_target":""},"class_list":["post-13585","page","type-page","status-publish","hentry"],"acf":[],"jetpack_sharing_enabled":true,"jetpack_shortlink":"https:\/\/wp.me\/P9mMf8-3x7","_links":{"self":[{"href":"https:\/\/witan-posadzki.pl\/en\/wp-json\/wp\/v2\/pages\/13585","targetHints":{"allow":["GET"]}}],"collection":[{"href":"https:\/\/witan-posadzki.pl\/en\/wp-json\/wp\/v2\/pages"}],"about":[{"href":"https:\/\/witan-posadzki.pl\/en\/wp-json\/wp\/v2\/types\/page"}],"author":[{"embeddable":true,"href":"https:\/\/witan-posadzki.pl\/en\/wp-json\/wp\/v2\/users\/7"}],"replies":[{"embeddable":true,"href":"https:\/\/witan-posadzki.pl\/en\/wp-json\/wp\/v2\/comments?post=13585"}],"version-history":[{"count":13,"href":"https:\/\/witan-posadzki.pl\/en\/wp-json\/wp\/v2\/pages\/13585\/revisions"}],"predecessor-version":[{"id":15230,"href":"https:\/\/witan-posadzki.pl\/en\/wp-json\/wp\/v2\/pages\/13585\/revisions\/15230"}],"wp:attachment":[{"href":"https:\/\/witan-posadzki.pl\/en\/wp-json\/wp\/v2\/media?parent=13585"}],"curies":[{"name":"wp","href":"https:\/\/api.w.org\/{rel}","templated":true}]}}