{"id":15006,"date":"2022-11-18T11:10:11","date_gmt":"2022-11-18T11:10:11","guid":{"rendered":"https:\/\/witan-posadzki.pl\/?page_id=15006"},"modified":"2023-07-31T10:26:11","modified_gmt":"2023-07-31T10:26:11","slug":"beton-dekoracyjny","status":"publish","type":"page","link":"https:\/\/witan-posadzki.pl\/en\/beton-dekoracyjny\/","title":{"rendered":"Beton dekoracyjny"},"content":{"rendered":"<div class=\"vc_row wpb_row vc_row-fluid\"><div class=\"wpb_column vc_column_container vc_col-sm-12\"><div class=\"vc_column-inner\"><div class=\"wpb_wrapper\">\n\t<div class=\"wpb_text_column wpb_content_element\" >\n\t\t<div class=\"wpb_wrapper\">\n\t\t\t<h1><strong>Beton dekoracyjny<\/strong><\/h1>\n<p>Beton dekoracyjny to idealne rozwi\u0105zanie je\u015bli chcemy urz\u0105dzi\u0107 nasze wn\u0119trze w niepowtarzalnym stylu \u2013 dodaje mu industrialnego charakteru, kt\u00f3ry mo\u017cna \u0142\u0105czy\u0107 z r\u00f3\u017cnymi dodatkami, drewnem, metalem itp.<\/p>\n\n\t\t<\/div>\n\t<\/div>\n\n\t<div class=\"wpb_text_column wpb_content_element\" >\n\t\t<div class=\"wpb_wrapper\">\n\t\t\t<h2><strong>Charakterystyka betonu dekoracyjnego \u2013 wygl\u0105d i wykonanie<\/strong><\/h2>\n<p>Beton dekoracyjny jest bardzo odporny na uszkodzenia mechaniczne oraz \u0142atwy i szybki w utrzymaniu w czysto\u015bci.<span class=\"Apple-converted-space\">\u00a0 <\/span>W zale\u017cno\u015bci od wyko\u0144czenia posadzka mo\u017ce by\u0107 jednolita, matowa lub satynowa w wyko\u0144czeniu lub posiada\u0107 charakterystyczn\u0105 tekstur\u0119 betonu. Kolorystyka nie ogranicza si\u0119 r\u00f3wnie\u017c do znanych nam betonowych szaro\u015bci, mo\u017ce zosta\u0107 barwiona w masie. Mo\u017cna pod nim zainstalowa\u0107 ogrzewanie pod\u0142ogowe oraz zamontowa\u0107 go w pomieszczeniach nara\u017conych na kontakt z wod\u0105. Pod\u0142oga mo\u017ce r\u00f3wnie\u017c zosta\u0107 zabezpieczona warstw\u0105 \u017cywicy.<\/p>\n<p data-pm-slice=\"1 1 &#091;&#093;\">Podobnie jak tradycyjny beton, beton dekoracyjny jest wytrzyma\u0142y i odporny na zu\u017cycie. Mo\u017ce wytrzyma\u0107 intensywne u\u017cytkowanie i zmienne warunki atmosferyczne. Beton dekoracyjny jest zdecydowanie trwa\u0142ym materia\u0142em, kt\u00f3ry minimalizuje konieczno\u015b\u0107 wymiany i utrzymania, co przek\u0142ada si\u0119 na ni\u017csze emisje w ca\u0142ym cyklu \u017cycia produktu.<\/p>\n\n\t\t<\/div>\n\t<\/div>\n\n\t<div class=\"wpb_text_column wpb_content_element\" >\n\t\t<div class=\"wpb_wrapper\">\n\t\t\t<h2><strong>Zastosowanie betonu dekoracyjnego w pomieszczeniach<\/strong><\/h2>\n<p class=\"mp4t_0 mryx_0 mj7a_4 mp0t_ji m9qz_yo munh_0 m3h2_0 mqu1_1j mgmw_wo mgn2_21 mgn2_25_s\">Beton dekoracyjny jest odpowiedni dla wielu pomieszcze\u0144, zar\u00f3wno wewn\u0105trz, jak i na zewn\u0105trz budynku. Mo\u017ce by\u0107 z powodzeniem wykorzystany w salonie, sypialni, kuchni, \u0142azience, gabinecie oraz na korytarzach. Nadaje si\u0119 r\u00f3wnie\u017c do pomieszcze\u0144 gospodarczych, na taras, a tak\u017ce na schody, nadaj\u0105c im unikalny i atrakcyjny wygl\u0105d.<\/p>\n\n\t\t<\/div>\n\t<\/div>\n<\/div><\/div><\/div><\/div><div class=\"vc_row wpb_row vc_row-fluid\"><div class=\"wpb_column vc_column_container vc_col-sm-12\"><div class=\"vc_column-inner\"><div class=\"wpb_wrapper\">\n\t<div  class=\"wpb_single_image wpb_content_element vc_align_left\">\n\t\t\n\t\t<figure class=\"wpb_wrapper vc_figure\">\n\t\t\t<div class=\"vc_single_image-wrapper   vc_box_border_grey\"><img fetchpriority=\"high\" decoding=\"async\" width=\"2560\" height=\"960\" src=\"https:\/\/witan-posadzki.pl\/wp-content\/uploads\/2022\/11\/Dom-w-Gliwicach-3-scaled-1.jpg\" class=\"vc_single_image-img attachment-full\" alt=\"\" srcset=\"https:\/\/witan-posadzki.pl\/wp-content\/uploads\/2022\/11\/Dom-w-Gliwicach-3-scaled-1.jpg 2560w, https:\/\/witan-posadzki.pl\/wp-content\/uploads\/2022\/11\/Dom-w-Gliwicach-3-scaled-1-300x113.jpg 300w, https:\/\/witan-posadzki.pl\/wp-content\/uploads\/2022\/11\/Dom-w-Gliwicach-3-scaled-1-1024x384.jpg 1024w, https:\/\/witan-posadzki.pl\/wp-content\/uploads\/2022\/11\/Dom-w-Gliwicach-3-scaled-1-768x288.jpg 768w, https:\/\/witan-posadzki.pl\/wp-content\/uploads\/2022\/11\/Dom-w-Gliwicach-3-scaled-1-1536x576.jpg 1536w, https:\/\/witan-posadzki.pl\/wp-content\/uploads\/2022\/11\/Dom-w-Gliwicach-3-scaled-1-2048x768.jpg 2048w\" sizes=\"(max-width: 2560px) 100vw, 2560px\" \/><\/div>\n\t\t<\/figure>\n\t<\/div>\n<div class=\"vc_row wpb_row vc_inner vc_row-fluid\"><div class=\"wpb_column vc_column_container vc_col-sm-12\"><div class=\"vc_column-inner\"><div class=\"wpb_wrapper\">\n\t<div class=\"wpb_text_column wpb_content_element\" >\n\t\t<div class=\"wpb_wrapper\">\n\t\t\t<h2 data-pm-slice=\"1 1 &#091;&#093;\"><strong>Beton dekoracyjny w aran\u017cacji wn\u0119trz<\/strong><\/h2>\n<p>Beton dekoracyjny jest wszechstronny i dobrze wpasowuje si\u0119 w r\u00f3\u017cne style wn\u0119trz. Jego surowa, industrialna estetyka sprawia, \u017ce doskonale komponuje si\u0119 z nowoczesnymi, minimalistycznymi oraz loftowymi wn\u0119trzami. Mo\u017ce by\u0107 r\u00f3wnie\u017c odpowiedni dla rustykalnych, wiejskich wn\u0119trz, gdy na\u015bladuje naturalne materia\u0142y, takie jak kamie\u0144. Jego lekkie, naturalne wyko\u0144czenia mog\u0105 pasowa\u0107 do jasnych, przestrzennych wn\u0119trz w stylu skandynawskim. Ponadto, beton dekoracyjny jest cz\u0119sto stosowany w przestrzeniach komercyjnych, takich jak sklepy, restauracje, biura czy hotele.<\/p>\n<p>Beton dekoracyjny jest doskona\u0142ym wyborem dla r\u00f3\u017cnych wn\u0119trz komercyjnych dzi\u0119ki swojej wytrzyma\u0142o\u015bci, \u0142atwo\u015bci utrzymania i estetycznej wszechstronno\u015bci. Mo\u017ce doda\u0107 charakteru do restauracji, kawiarni, sklep\u00f3w i butik\u00f3w, nadaj\u0105c im nowoczesny lub rustykalny wygl\u0105d. W biurach beton dekoracyjny mo\u017ce przynie\u015b\u0107 minimalistyczn\u0105 estetyk\u0119, a w hotelach i pensjonatach &#8211; zar\u00f3wno w obszarach publicznych, jak i pokojach go\u015bcinnych &#8211; dodaje eleganckiego uroku. Jest r\u00f3wnie\u017c popularny wyb\u00f3r w centrach fitness i spa, gdzie \u0142\u0105czy funkcjonalno\u015b\u0107 z atrakcyjnym wygl\u0105dem.<\/p>\n\n\t\t<\/div>\n\t<\/div>\n<\/div><\/div><\/div><\/div><\/div><\/div><\/div><\/div><div class=\"vc_row wpb_row vc_row-fluid\"><div class=\"wpb_column vc_column_container vc_col-sm-12\"><div class=\"vc_column-inner\"><div class=\"wpb_wrapper\">\n\t<div class=\"wpb_text_column wpb_content_element\" >\n\t\t<div class=\"wpb_wrapper\">\n\t\t\t<h2><strong>Monta\u017c posadzki betonowej<\/strong><\/h2>\n<h2 data-pm-slice=\"1 1 &#091;&#093;\"><\/h2>\n<p><strong>Wykonanie posadzki betonowej wymaga sporo czasu i doboru odpowiednich fachowc\u00f3w aby\u00a0 pod\u0142oga mog\u0142a cieszy\u0107 oko pi\u0119knym wygl\u0105dem na wiele lat. <\/strong>Niekt\u00f3re techniki, takie jak stemplowanie czy grawerowanie, mog\u0105 wymaga\u0107 specjalistycznego sprz\u0119tu. Dlatego zazwyczaj jest to zadanie dla do\u015bwiadczonych fachowc\u00f3w. Nasza firma specjalizuje si\u0119 w profesjonalnym wykonawstwie betonu dekoracyjnego, oferuj\u0105c unikalne i estetyczne rozwi\u0105zania dla r\u00f3\u017cnych pomieszcze\u0144. Zesp\u00f3\u0142 do\u015bwiadczonych fachowc\u00f3w gwarantuje wysok\u0105 jako\u015b\u0107 wykonania \u2013 skontaktuj si\u0119 ju\u017c dzi\u015b!<\/p>\n\n\t\t<\/div>\n\t<\/div>\n<\/div><\/div><\/div><\/div>","protected":false},"excerpt":{"rendered":"<a class=\"readmore-button\" href=\"https:\/\/witan-posadzki.pl\/en\/beton-dekoracyjny\/\">Czytaj wi\u0119cej...<\/a>","protected":false},"author":11,"featured_media":15020,"parent":0,"menu_order":0,"comment_status":"closed","ping_status":"closed","template":"page-fullwidth.php","meta":{"_acf_changed":false,"footnotes":"","_links_to":"","_links_to_target":""},"class_list":["post-15006","page","type-page","status-publish","has-post-thumbnail","hentry"],"acf":[],"jetpack_sharing_enabled":true,"jetpack_shortlink":"https:\/\/wp.me\/P9mMf8-3U2","_links":{"self":[{"href":"https:\/\/witan-posadzki.pl\/en\/wp-json\/wp\/v2\/pages\/15006","targetHints":{"allow":["GET"]}}],"collection":[{"href":"https:\/\/witan-posadzki.pl\/en\/wp-json\/wp\/v2\/pages"}],"about":[{"href":"https:\/\/witan-posadzki.pl\/en\/wp-json\/wp\/v2\/types\/page"}],"author":[{"embeddable":true,"href":"https:\/\/witan-posadzki.pl\/en\/wp-json\/wp\/v2\/users\/11"}],"replies":[{"embeddable":true,"href":"https:\/\/witan-posadzki.pl\/en\/wp-json\/wp\/v2\/comments?post=15006"}],"version-history":[{"count":8,"href":"https:\/\/witan-posadzki.pl\/en\/wp-json\/wp\/v2\/pages\/15006\/revisions"}],"predecessor-version":[{"id":15303,"href":"https:\/\/witan-posadzki.pl\/en\/wp-json\/wp\/v2\/pages\/15006\/revisions\/15303"}],"wp:featuredmedia":[{"embeddable":true,"href":"https:\/\/witan-posadzki.pl\/en\/wp-json\/wp\/v2\/media\/15020"}],"wp:attachment":[{"href":"https:\/\/witan-posadzki.pl\/en\/wp-json\/wp\/v2\/media?parent=15006"}],"curies":[{"name":"wp","href":"https:\/\/api.w.org\/{rel}","templated":true}]}}