{"id":15156,"date":"2023-07-18T13:59:53","date_gmt":"2023-07-18T13:59:53","guid":{"rendered":"https:\/\/witan-posadzki.pl\/?page_id=15156"},"modified":"2023-08-01T13:33:57","modified_gmt":"2023-08-01T13:33:57","slug":"o-firmie","status":"publish","type":"page","link":"https:\/\/witan-posadzki.pl\/en\/o-firmie\/","title":{"rendered":"O firmie"},"content":{"rendered":"<div class=\"vc_row wpb_row vc_row-fluid\"><div class=\"wpb_column vc_column_container vc_col-sm-8\"><div class=\"vc_column-inner\"><div class=\"wpb_wrapper\"><h1 style=\"text-align: left\" class=\"vc_custom_heading\" >WITAN Centrum Pod\u0142\u00f3g<\/h1>\n\t<div class=\"wpb_text_column wpb_content_element\" >\n\t\t<div class=\"wpb_wrapper\">\n\t\t\t<p>Witan Centrum Pod\u0142\u00f3g od ponad dwudziestu lat dzia\u0142a na rynku wyko\u0144cze\u0144 pod\u0142ogowych zajmuj\u0105c si\u0119 sprzeda\u017c\u0105, monta\u017cem i\u00a0serwisem zar\u00f3wno dla\u00a0klient\u00f3w indywidualnych, jak i\u00a0instytucjonalnych.<\/p>\n\n\t\t<\/div>\n\t<\/div>\n<h3 style=\"text-align: left\" class=\"vc_custom_heading\" >O firmie<\/h3>\n\t<div class=\"wpb_text_column wpb_content_element\" >\n\t\t<div class=\"wpb_wrapper\">\n\t\t\t<p>Jeste\u015bmy do\u015bwiadczon\u0105 firm\u0105 specjalizuj\u0105c\u0105 si\u0119 w kompleksowych us\u0142ugach monta\u017cowych oraz wylewaniu mas wyr\u00f3wnuj\u0105cych pod r\u00f3\u017cnorodne rodzaje pod\u0142\u00f3g. Nasza wiedza i profesjonalizm gwarantuj\u0105 niezawodne rozwi\u0105zania dla klient\u00f3w poszukuj\u0105cych perfekcyjnego wyko\u0144czenia pod\u0142\u00f3g zar\u00f3wno w <strong>domach<\/strong> i <strong>mieszkaniach<\/strong>, jak i obiektach <strong>komercyjnych<\/strong>.<\/p>\n<p>Nasza firma skupia wykwalifikowanych ekspert\u00f3w, kt\u00f3rzy z pasj\u0105 i zaanga\u017cowaniem podchodz\u0105 do ka\u017cdego projektu. Gwarantujemy terminowo\u015b\u0107, rzetelno\u015b\u0107 i konkurencyjne ceny, aby zapewni\u0107 naszym klientom najwy\u017csz\u0105 jako\u015b\u0107 us\u0142ug. Odznaczamy si\u0119 doskona\u0142ym dorobkiem w bran\u017cy, oferuj\u0105c wysokiej jako\u015bci materia\u0142y oraz profesjonalne us\u0142ugi dla klient\u00f3w poszukuj\u0105cych najwy\u017cszego standardu.<\/p>\n<p>Dodatkowo, jako <a href=\"https:\/\/witan-inwestycje.pl\"><strong>WITAN Centrum Inwestycji<\/strong>,<\/a> firma zajmuje si\u0119 kompleksow\u0105 obs\u0142ug\u0105 inwestycji i\u00a0pracami zewn\u0119trznymi. To po\u0142\u0105czenie dodaje wszechstronno\u015bci firmie i\u00a0pozwala na wieloetapow\u0105 realizacj\u0119 prac zar\u00f3wno wewn\u0119trznych, jak i\u00a0zewn\u0119trznych.<\/p>\n\n\t\t<\/div>\n\t<\/div>\n<\/div><\/div><\/div><div class=\"wpb_column vc_column_container vc_col-sm-4\"><div class=\"vc_column-inner\"><div class=\"wpb_wrapper\">\n\t<div  class=\"wpb_single_image wpb_content_element vc_align_center  wpb_animate_when_almost_visible wpb_fadeIn fadeIn\">\n\t\t\n\t\t<figure class=\"wpb_wrapper vc_figure\">\n\t\t\t<div class=\"vc_single_image-wrapper   vc_box_border_grey\"><img fetchpriority=\"high\" decoding=\"async\" width=\"300\" height=\"300\" src=\"https:\/\/witan-posadzki.pl\/wp-content\/uploads\/2023\/07\/logo-witan-300x300.png\" class=\"vc_single_image-img attachment-medium\" alt=\"\" srcset=\"https:\/\/witan-posadzki.pl\/wp-content\/uploads\/2023\/07\/logo-witan-300x300.png 300w, https:\/\/witan-posadzki.pl\/wp-content\/uploads\/2023\/07\/logo-witan-1024x1024.png 1024w, https:\/\/witan-posadzki.pl\/wp-content\/uploads\/2023\/07\/logo-witan-150x150.png 150w, https:\/\/witan-posadzki.pl\/wp-content\/uploads\/2023\/07\/logo-witan-768x768.png 768w, https:\/\/witan-posadzki.pl\/wp-content\/uploads\/2023\/07\/logo-witan-480x480.png 480w, https:\/\/witan-posadzki.pl\/wp-content\/uploads\/2023\/07\/logo-witan.png 1182w\" sizes=\"(max-width: 300px) 100vw, 300px\" \/><\/div>\n\t\t<\/figure>\n\t<\/div>\n<\/div><\/div><\/div><\/div><div class=\"vc_row wpb_row vc_row-fluid\"><div class=\"wpb_column vc_column_container vc_col-sm-12\"><div class=\"vc_column-inner\"><div class=\"wpb_wrapper\"><div class=\"vc_separator wpb_content_element vc_separator_align_center vc_sep_width_100 vc_sep_pos_align_center vc_separator_no_text vc_sep_color_grey\" ><span class=\"vc_sep_holder vc_sep_holder_l\"><span  class=\"vc_sep_line\"><\/span><\/span><span class=\"vc_sep_holder vc_sep_holder_r\"><span  class=\"vc_sep_line\"><\/span><\/span>\n<\/div><\/div><\/div><\/div><\/div><div class=\"vc_row wpb_row vc_row-fluid\"><div class=\"wpb_column vc_column_container vc_col-sm-12\"><div class=\"vc_column-inner\"><div class=\"wpb_wrapper\">\n\t<div class=\"wpb_text_column wpb_content_element\" >\n\t\t<div class=\"wpb_wrapper\">\n\t\t\t<h1>Oferta WITAN Centrum Pod\u0142\u00f3g obejmuje zar\u00f3wno sprzeda\u017c jak i monta\u017c wyko\u0144cze\u0144 pod\u0142ogowych<\/h1>\n\n\t\t<\/div>\n\t<\/div>\n\n\t<div class=\"wpb_text_column wpb_content_element\" >\n\t\t<div class=\"wpb_wrapper\">\n\t\t\t<h5><strong>\u015awiadczymy us\u0142ugi zar\u00f3wno dla klient\u00f3w indywidualnych, jak i instytucjonalnych<\/strong><\/h5>\n\n\t\t<\/div>\n\t<\/div>\n\n\t<div class=\"wpb_text_column wpb_content_element\" >\n\t\t<div class=\"wpb_wrapper\">\n\t\t\t<p>Nasza firma nie tylko dostarcza najwy\u017cszej jako\u015bci materia\u0142y, ale r\u00f3wnie\u017c oferuje kompleksowe us\u0142ugi monta\u017cowe prowadzone przez naszych do\u015bwiadczonych specjalist\u00f3w. Przyjmujemy wyzwania zwi\u0105zane z monta\u017cem r\u00f3\u017cnych rodzaj\u00f3w pod\u0142\u00f3g, dbaj\u0105c o najdrobniejsze detale, aby zapewni\u0107 doskona\u0142y efekt ko\u0144cowy.<\/p>\n\n\t\t<\/div>\n\t<\/div>\n<\/div><\/div><\/div><\/div><div class=\"vc_row wpb_row vc_row-fluid\"><div class=\"wpb_column vc_column_container vc_col-sm-2\/5\"><div class=\"vc_column-inner\"><div class=\"wpb_wrapper\"><div class=\"vc_icon_element vc_icon_element-outer vc_icon_element-align-left\"><div class=\"vc_icon_element-inner vc_icon_element-color-custom vc_icon_element-size-md vc_icon_element-style- vc_icon_element-background-color-grey\" ><span class=\"vc_icon_element-icon fas fa-file\" style=\"color:#dd3333 !important\"><\/span><\/div><\/div>\n\t<div class=\"wpb_text_column wpb_content_element\" >\n\t\t<div class=\"wpb_wrapper\">\n\t\t\t<h4><strong>Oferujemy:<\/strong><\/h4>\n\n\t\t<\/div>\n\t<\/div>\n\n\t<div class=\"wpb_text_column wpb_content_element\" >\n\t\t<div class=\"wpb_wrapper\">\n\t\t\t<p>R\u00f3\u017cnego rodzaju wyko\u0144czenia pod\u0142ogowe (LVT, panele laminowane, parkiet, wyk\u0142adziny dywanowe, wyk\u0142adziny linoleum, wyk\u0142adziny PVC\/PCV, beton, \u017cywica)<br \/>\n\u015arodki do czyszczenia i piel\u0119gnacji pod\u0142\u00f3g<br \/>\nSkirting boards<br \/>\nSztukateria<br \/>\nProfile i akcesoria<br \/>\nPodk\u0142ady i maty wej\u015bciowe<br \/>\nNarz\u0119dzia<br \/>\nKostki brukowe i p\u0142yty tarasowe<br \/>\nOleje do drewna i taras\u00f3w<br \/>\nDrzwi i akcesoria<br \/>\nChemia budowlana<\/p>\n\n\t\t<\/div>\n\t<\/div>\n<\/div><\/div><\/div><div class=\"wpb_column vc_column_container vc_col-sm-1\/5\"><div class=\"vc_column-inner\"><div class=\"wpb_wrapper\"><\/div><\/div><\/div><div class=\"wpb_column vc_column_container vc_col-sm-2\/5\"><div class=\"vc_column-inner\"><div class=\"wpb_wrapper\"><div class=\"vc_icon_element vc_icon_element-outer vc_icon_element-align-left\"><div class=\"vc_icon_element-inner vc_icon_element-color-custom vc_icon_element-size-md vc_icon_element-style- vc_icon_element-background-color-grey\" ><span class=\"vc_icon_element-icon fas fa-tools\" style=\"color:#dd3333 !important\"><\/span><\/div><\/div>\n\t<div class=\"wpb_text_column wpb_content_element\" >\n\t\t<div class=\"wpb_wrapper\">\n\t\t\t<h4><strong>Oferujemy kompleksowy monta\u017c:<\/strong><\/h4>\n\n\t\t<\/div>\n\t<\/div>\n\n\t<div class=\"wpb_text_column wpb_content_element\" >\n\t\t<div class=\"wpb_wrapper\">\n\t\t\t<p>Monta\u017c paneli winylowych LVT<br \/>\nMonta\u017c paneli laminowanych<br \/>\nMonta\u017c pod\u0142\u00f3g drewnianych<br \/>\nMonta\u017c wyk\u0142adzin dywanowych (w p\u0142ytkach i rolkach)<br \/>\nMonta\u017c wyk\u0142adzin elastycznych, PCW\/PVC<br \/>\nMonta\u017c linoleum<br \/>\nWykonanie posadzek z \u017cywicy<br \/>\nWykonanie posadzek z kauczuku<br \/>\nWykonanie posadzek przemys\u0142owych oraz betonu dekoracyjnego<br \/>\nWylewanie mas wyr\u00f3wnuj\u0105cych pod wyk\u0142adziny<\/p>\n\n\t\t<\/div>\n\t<\/div>\n<\/div><\/div><\/div><\/div><div class=\"vc_row wpb_row vc_row-fluid\"><div class=\"wpb_column vc_column_container vc_col-sm-6\"><div class=\"vc_column-inner\"><div class=\"wpb_wrapper\"><div class=\"vc_icon_element vc_icon_element-outer vc_icon_element-align-left\"><div class=\"vc_icon_element-inner vc_icon_element-color-custom vc_icon_element-size-md vc_icon_element-style- vc_icon_element-background-color-grey\" ><span class=\"vc_icon_element-icon fas fa-hard-hat\" style=\"color:#dd3333 !important\"><\/span><\/div><\/div>\n\t<div class=\"wpb_text_column wpb_content_element\" >\n\t\t<div class=\"wpb_wrapper\">\n\t\t\t<h4><strong>Zapewniamy serwis i renowacj\u0119 pod\u0142\u00f3g<\/strong><\/h4>\n\n\t\t<\/div>\n\t<\/div>\n\n\t<div class=\"wpb_text_column wpb_content_element\" >\n\t\t<div class=\"wpb_wrapper\">\n\t\t\t<p>Niezale\u017cnie od rodzaju pod\u0142ogi, czy to drewniana, laminowana, czy nawet wyk\u0142adzina dywanowa, nasz zesp\u00f3\u0142 do\u015bwiadczonych fachowc\u00f3w posiada niezb\u0119dne umiej\u0119tno\u015bci i technologie, aby przywr\u00f3ci\u0107 im dawny blask. Nasi specjali\u015bci przeprowadz\u0105 szczeg\u00f3\u0142ow\u0105 ocen\u0119 stanu pod\u0142ogi i dostosuj\u0105 nasze dzia\u0142ania do jej specyficznych potrzeb. Niezale\u017cnie od tego, czy pod\u0142oga wymaga gruntownego czyszczenia, polerowania, od\u015bwie\u017cenia koloru, czy usuni\u0119cia uszkodze\u0144, mo\u017cesz by\u0107 pewien, \u017ce oddajesz j\u0105 w r\u0119ce profesjonalist\u00f3w.<\/p>\n<p>Dzi\u0119ki naszym us\u0142ugom serwisu i renowacji pod\u0142\u00f3g, odzyskasz pi\u0119kno swojej przestrzeni i stworzysz trwa\u0142e, estetyczne wn\u0119trza. Skontaktuj si\u0119 z nami ju\u017c dzi\u015b, aby dowiedzie\u0107 si\u0119 wi\u0119cej. Mo\u017cesz by\u0107 pewien \u017ce z nami pod\u0142oga odzyska dawny urok!<\/p>\n\n\t\t<\/div>\n\t<\/div>\n<\/div><\/div><\/div><div class=\"wpb_column vc_column_container vc_col-sm-6\"><div class=\"vc_column-inner\"><div class=\"wpb_wrapper\"><\/div><\/div><\/div><\/div>","protected":false},"excerpt":{"rendered":"<a class=\"readmore-button\" href=\"https:\/\/witan-posadzki.pl\/en\/o-firmie\/\">Czytaj wi\u0119cej...<\/a>","protected":false},"author":11,"featured_media":15362,"parent":0,"menu_order":0,"comment_status":"closed","ping_status":"closed","template":"","meta":{"_acf_changed":false,"footnotes":"","_links_to":"","_links_to_target":""},"class_list":["post-15156","page","type-page","status-publish","has-post-thumbnail","hentry"],"acf":[],"jetpack_sharing_enabled":true,"jetpack_shortlink":"https:\/\/wp.me\/P9mMf8-3Ws","_links":{"self":[{"href":"https:\/\/witan-posadzki.pl\/en\/wp-json\/wp\/v2\/pages\/15156","targetHints":{"allow":["GET"]}}],"collection":[{"href":"https:\/\/witan-posadzki.pl\/en\/wp-json\/wp\/v2\/pages"}],"about":[{"href":"https:\/\/witan-posadzki.pl\/en\/wp-json\/wp\/v2\/types\/page"}],"author":[{"embeddable":true,"href":"https:\/\/witan-posadzki.pl\/en\/wp-json\/wp\/v2\/users\/11"}],"replies":[{"embeddable":true,"href":"https:\/\/witan-posadzki.pl\/en\/wp-json\/wp\/v2\/comments?post=15156"}],"version-history":[{"count":10,"href":"https:\/\/witan-posadzki.pl\/en\/wp-json\/wp\/v2\/pages\/15156\/revisions"}],"predecessor-version":[{"id":15363,"href":"https:\/\/witan-posadzki.pl\/en\/wp-json\/wp\/v2\/pages\/15156\/revisions\/15363"}],"wp:featuredmedia":[{"embeddable":true,"href":"https:\/\/witan-posadzki.pl\/en\/wp-json\/wp\/v2\/media\/15362"}],"wp:attachment":[{"href":"https:\/\/witan-posadzki.pl\/en\/wp-json\/wp\/v2\/media?parent=15156"}],"curies":[{"name":"wp","href":"https:\/\/api.w.org\/{rel}","templated":true}]}}