{"id":2330,"date":"2017-10-26T07:39:52","date_gmt":"2017-10-26T07:39:52","guid":{"rendered":"https:\/\/witan-posadzki.pl\/?page_id=2330"},"modified":"2017-11-10T07:51:31","modified_gmt":"2017-11-10T07:51:31","slug":"podlogi-do-lazienki","status":"publish","type":"page","link":"https:\/\/witan-posadzki.pl\/en\/oferta\/zastosowanie\/podlogi-do-lazienki\/","title":{"rendered":"Przyk\u0142adowe pod\u0142ogi do \u0142azienki"},"content":{"rendered":"<div class=\"vc_row wpb_row vc_row-fluid\"><div class=\"wpb_column vc_column_container vc_col-sm-12\"><div class=\"vc_column-inner\"><div class=\"wpb_wrapper\">\n\t<div class=\"wpb_text_column wpb_content_element \" >\n\t\t<div class=\"wpb_wrapper\">\n\t\t\t<p>\u0141azienka to do\u015b\u0107 newralgiczne miejsce z uwagi na du\u017c\u0105 wilgotno\u015b\u0107, oraz stoj\u0105c\u0105 wod\u0119. S\u0105 jednak rozwi\u0105zania pod\u0142ogowe, kt\u00f3re pozwol\u0105 przeskoczy\u0107 ten problem.<\/p>\n\n\t\t<\/div>\n\t<\/div>\n<\/div><\/div><\/div><\/div><div class=\"vc_row wpb_row vc_row-fluid\"><div class=\"wpb_column vc_column_container vc_col-sm-12\"><div class=\"vc_column-inner\"><div class=\"wpb_wrapper\"><div class=\"wpb_gallery wpb_content_element vc_clearfix\" ><div class=\"wpb_wrapper\"><div class=\"wpb_gallery_slides wpb_image_grid\" data-interval=\"3\"><ul class=\"wpb_image_grid_ul\"><li class=\"isotope-item\"><a class=\"\" href=\"https:\/\/witan-posadzki.pl\/wp-content\/uploads\/2017\/10\/panele-winylowe-DesignflooringMichelangelo-MLC08-Atomic-Steel-1024x1024.jpg\" data-lightbox=\"lightbox[rel-2330-1899831981]\"><img fetchpriority=\"high\" decoding=\"async\" class=\"\" src=\"https:\/\/witan-posadzki.pl\/wp-content\/uploads\/2017\/10\/panele-winylowe-DesignflooringMichelangelo-MLC08-Atomic-Steel-300x300.jpg\" width=\"300\" height=\"300\" alt=\"pod\u0142ogi-do-\u0142azienki-panele-winylowe-DesignflooringMichelangelo MLC08 Atomic Steel\" title=\"pod\u0142ogi-do-\u0142azienki-panele-winylowe-DesignflooringMichelangelo MLC08 Atomic Steel\" \/><\/a><\/li><li class=\"isotope-item\"><a class=\"\" href=\"https:\/\/witan-posadzki.pl\/wp-content\/uploads\/2017\/10\/panele-winylowe-DesignflooringMichelangelo-MS2-Navarra-Chalk-1024x1024.jpg\" data-lightbox=\"lightbox[rel-2330-1899831981]\"><img decoding=\"async\" class=\"\" src=\"https:\/\/witan-posadzki.pl\/wp-content\/uploads\/2017\/10\/panele-winylowe-DesignflooringMichelangelo-MS2-Navarra-Chalk-300x300.jpg\" width=\"300\" height=\"300\" alt=\"pod\u0142ogi-do-\u0142azienki-panele-winylowe-DesignflooringMichelangelo MS2 Navarra Chalk\" title=\"pod\u0142ogi-do-\u0142azienki-panele-winylowe-DesignflooringMichelangelo MS2 Navarra Chalk\" \/><\/a><\/li><li class=\"isotope-item\"><a class=\"\" href=\"https:\/\/witan-posadzki.pl\/wp-content\/uploads\/2017\/10\/podlogi-winylowe-designflooringRubens-KP103-Mid-Worn-Oak-1024x1024.jpg\" data-lightbox=\"lightbox[rel-2330-1899831981]\"><img decoding=\"async\" class=\"\" src=\"https:\/\/witan-posadzki.pl\/wp-content\/uploads\/2017\/10\/podlogi-winylowe-designflooringRubens-KP103-Mid-Worn-Oak-300x300.jpg\" width=\"300\" height=\"300\" alt=\"pod\u0142ogi-do-\u0142azienki-podlogi-winylowe-designflooringRubens KP103 Mid Worn Oak\" title=\"pod\u0142ogi-do-\u0142azienki-podlogi-winylowe-designflooringRubens KP103 Mid Worn Oak\" \/><\/a><\/li><li class=\"isotope-item\"><a class=\"\" href=\"https:\/\/witan-posadzki.pl\/wp-content\/uploads\/2017\/10\/panele-winylowe-DesignflooringArtSelectLM28-1024x1024.jpg\" data-lightbox=\"lightbox[rel-2330-1899831981]\"><img loading=\"lazy\" decoding=\"async\" class=\"\" src=\"https:\/\/witan-posadzki.pl\/wp-content\/uploads\/2017\/10\/panele-winylowe-DesignflooringArtSelectLM28-300x300.jpg\" width=\"300\" height=\"300\" alt=\"pod\u0142ogi-do-\u0142azienki-panele-winylowe-DesignflooringArtSelectLM28\" title=\"pod\u0142ogi-do-\u0142azienki-panele-winylowe-DesignflooringArtSelectLM28\" \/><\/a><\/li><li class=\"isotope-item\"><a class=\"\" href=\"https:\/\/witan-posadzki.pl\/wp-content\/uploads\/2017\/10\/panele-winylowe-DesignflooringVan-Gogh-VGW99T-Reclaimed-Redwood-1024x1024.jpg\" data-lightbox=\"lightbox[rel-2330-1899831981]\"><img loading=\"lazy\" decoding=\"async\" class=\"\" src=\"https:\/\/witan-posadzki.pl\/wp-content\/uploads\/2017\/10\/panele-winylowe-DesignflooringVan-Gogh-VGW99T-Reclaimed-Redwood-300x300.jpg\" width=\"300\" height=\"300\" alt=\"pod\u0142ogi-do-\u0142azienki-panele-winylowe-DesignflooringVan Gogh VGW99T Reclaimed Redwood\" title=\"pod\u0142ogi-do-\u0142azienki-panele-winylowe-DesignflooringVan Gogh VGW99T Reclaimed Redwood\" \/><\/a><\/li><li class=\"isotope-item\"><a class=\"\" href=\"https:\/\/witan-posadzki.pl\/wp-content\/uploads\/2017\/10\/panele-winylowe-DesignflooringVan-Gogh-VGW86T-Classic-Oak-1024x1024.jpg\" data-lightbox=\"lightbox[rel-2330-1899831981]\"><img loading=\"lazy\" decoding=\"async\" class=\"\" src=\"https:\/\/witan-posadzki.pl\/wp-content\/uploads\/2017\/10\/panele-winylowe-DesignflooringVan-Gogh-VGW86T-Classic-Oak-300x300.jpg\" width=\"300\" height=\"300\" alt=\"pod\u0142ogi-do-\u0142azienki-panele-winylowe-DesignflooringVan Gogh VGW86T Classic Oak\" title=\"pod\u0142ogi-do-\u0142azienki-panele-winylowe-DesignflooringVan Gogh VGW86T Classic Oak\" \/><\/a><\/li><li class=\"isotope-item\"><a class=\"\" href=\"https:\/\/witan-posadzki.pl\/wp-content\/uploads\/2017\/10\/panele-winylowe-DesignflooringRubens-KP95-Rose-Washed-Oak-1024x1024.jpg\" data-lightbox=\"lightbox[rel-2330-1899831981]\"><img loading=\"lazy\" decoding=\"async\" class=\"\" src=\"https:\/\/witan-posadzki.pl\/wp-content\/uploads\/2017\/10\/panele-winylowe-DesignflooringRubens-KP95-Rose-Washed-Oak-300x300.jpg\" width=\"300\" height=\"300\" alt=\"pod\u0142ogi-do-\u0142azienki-panele-winylowe-DesignflooringRubens KP95 Rose Washed Oak\" title=\"pod\u0142ogi-do-\u0142azienki-panele-winylowe-DesignflooringRubens KP95 Rose Washed Oak\" \/><\/a><\/li><li class=\"isotope-item\"><a class=\"\" href=\"https:\/\/witan-posadzki.pl\/wp-content\/uploads\/2017\/10\/panele-winylowe-DesignflooringArtSelectHC03DuskOak-1024x1024.jpg\" data-lightbox=\"lightbox[rel-2330-1899831981]\"><img loading=\"lazy\" decoding=\"async\" class=\"\" src=\"https:\/\/witan-posadzki.pl\/wp-content\/uploads\/2017\/10\/panele-winylowe-DesignflooringArtSelectHC03DuskOak-300x300.jpg\" width=\"300\" height=\"300\" alt=\"pod\u0142ogi-do-\u0142azienki-panele-winylowe-DesignflooringArtSelectHC03DuskOak\" title=\"pod\u0142ogi-do-\u0142azienki-panele-winylowe-DesignflooringArtSelectHC03DuskOak\" \/><\/a><\/li><li class=\"isotope-item\"><a class=\"\" href=\"https:\/\/witan-posadzki.pl\/wp-content\/uploads\/2017\/10\/panele-winylowe-DesignflooringVan-Gogh-VGW88T-Brushed-Oak-1024x1024.jpg\" data-lightbox=\"lightbox[rel-2330-1899831981]\"><img loading=\"lazy\" decoding=\"async\" class=\"\" src=\"https:\/\/witan-posadzki.pl\/wp-content\/uploads\/2017\/10\/panele-winylowe-DesignflooringVan-Gogh-VGW88T-Brushed-Oak-300x300.jpg\" width=\"300\" height=\"300\" alt=\"pod\u0142ogi-do-\u0142azienki-panele-winylowe-DesignflooringVan Gogh VGW88T Brushed Oak\" title=\"pod\u0142ogi-do-\u0142azienki-panele-winylowe-DesignflooringVan Gogh VGW88T Brushed Oak\" \/><\/a><\/li><li class=\"isotope-item\"><a class=\"\" href=\"https:\/\/witan-posadzki.pl\/wp-content\/uploads\/2017\/10\/panele-winylowe-DesignflooringRubens-ST12-Bath-Stone-1024x1024.jpg\" data-lightbox=\"lightbox[rel-2330-1899831981]\"><img loading=\"lazy\" decoding=\"async\" class=\"\" src=\"https:\/\/witan-posadzki.pl\/wp-content\/uploads\/2017\/10\/panele-winylowe-DesignflooringRubens-ST12-Bath-Stone-300x300.jpg\" width=\"300\" height=\"300\" alt=\"pod\u0142ogi-do-\u0142azienki-panele-winylowe-DesignflooringRubens ST12 Bath Stone\" title=\"pod\u0142ogi-do-\u0142azienki-panele-winylowe-DesignflooringRubens ST12 Bath Stone\" \/><\/a><\/li><li class=\"isotope-item\"><a class=\"\" href=\"https:\/\/witan-posadzki.pl\/wp-content\/uploads\/2017\/10\/panele-winylowe-DesignflooringMonet-RP98-Limed-Linen-Oak-1-1024x1024.jpg\" data-lightbox=\"lightbox[rel-2330-1899831981]\"><img loading=\"lazy\" decoding=\"async\" class=\"\" src=\"https:\/\/witan-posadzki.pl\/wp-content\/uploads\/2017\/10\/panele-winylowe-DesignflooringMonet-RP98-Limed-Linen-Oak-1-300x300.jpg\" width=\"300\" height=\"300\" alt=\"pod\u0142ogi-do-\u0142azienki-panele-winylowe-DesignflooringMonet RP98 Limed Linen Oak\" title=\"pod\u0142ogi-do-\u0142azienki-panele-winylowe-DesignflooringMonet RP98 Limed Linen Oak\" \/><\/a><\/li><li class=\"isotope-item\"><a class=\"\" href=\"https:\/\/witan-posadzki.pl\/wp-content\/uploads\/2017\/10\/panele-winylowe-DesignflooringArtSelectAP01BlondOakParquet-1-1024x1024.jpg\" data-lightbox=\"lightbox[rel-2330-1899831981]\"><img loading=\"lazy\" decoding=\"async\" class=\"\" src=\"https:\/\/witan-posadzki.pl\/wp-content\/uploads\/2017\/10\/panele-winylowe-DesignflooringArtSelectAP01BlondOakParquet-1-300x300.jpg\" width=\"300\" height=\"300\" alt=\"pod\u0142ogi-do-\u0142azienki-panele-winylowe-DesignflooringArtSelectAP01BlondOakParquet\" title=\"pod\u0142ogi-do-\u0142azienki-panele-winylowe-DesignflooringArtSelectAP01BlondOakParquet\" \/><\/a><\/li><li class=\"isotope-item\"><a class=\"\" href=\"https:\/\/witan-posadzki.pl\/wp-content\/uploads\/2017\/10\/panele-winylowe-DesignflooringRubens-KP40-American-Oak-1-1024x1024.jpg\" data-lightbox=\"lightbox[rel-2330-1899831981]\"><img loading=\"lazy\" decoding=\"async\" class=\"\" src=\"https:\/\/witan-posadzki.pl\/wp-content\/uploads\/2017\/10\/panele-winylowe-DesignflooringRubens-KP40-American-Oak-1-300x300.jpg\" width=\"300\" height=\"300\" alt=\"pod\u0142ogi-do-\u0142azienki-panele-winylowe-DesignflooringRubens KP40 American Oak\" title=\"pod\u0142ogi-do-\u0142azienki-panele-winylowe-DesignflooringRubens KP40 American Oak\" \/><\/a><\/li><li class=\"isotope-item\"><a class=\"\" href=\"https:\/\/witan-posadzki.pl\/wp-content\/uploads\/2017\/10\/panele-winylowe-DesignflooringVan-Gogh-VGW87T-Walnut-1-1024x1024.jpg\" data-lightbox=\"lightbox[rel-2330-1899831981]\"><img loading=\"lazy\" decoding=\"async\" class=\"\" src=\"https:\/\/witan-posadzki.pl\/wp-content\/uploads\/2017\/10\/panele-winylowe-DesignflooringVan-Gogh-VGW87T-Walnut-1-300x300.jpg\" width=\"300\" height=\"300\" alt=\"pod\u0142ogi-do-\u0142azienki-panele-winylowe-DesignflooringVan Gogh VGW87T Walnut\" title=\"pod\u0142ogi-do-\u0142azienki-panele-winylowe-DesignflooringVan Gogh VGW87T Walnut\" \/><\/a><\/li><li class=\"isotope-item\"><a class=\"\" href=\"https:\/\/witan-posadzki.pl\/wp-content\/uploads\/2017\/10\/panele-winylowe-DesignflooringVan-Gogh-VGW52T-Auckland-Oak-1-1024x1024.jpg\" data-lightbox=\"lightbox[rel-2330-1899831981]\"><img loading=\"lazy\" decoding=\"async\" class=\"\" src=\"https:\/\/witan-posadzki.pl\/wp-content\/uploads\/2017\/10\/panele-winylowe-DesignflooringVan-Gogh-VGW52T-Auckland-Oak-1-300x300.jpg\" width=\"300\" height=\"300\" alt=\"pod\u0142ogi-do-\u0142azienki-panele-winylowe-DesignflooringVan Gogh VGW52T Auckland Oak\" title=\"pod\u0142ogi-do-\u0142azienki-panele-winylowe-DesignflooringVan Gogh VGW52T Auckland Oak\" \/><\/a><\/li><li class=\"isotope-item\"><a class=\"\" href=\"https:\/\/witan-posadzki.pl\/wp-content\/uploads\/2017\/10\/panele-winylowe-DesignflooringRubens-T98-Cara-Marble-1-1024x1024.jpg\" data-lightbox=\"lightbox[rel-2330-1899831981]\"><img loading=\"lazy\" decoding=\"async\" class=\"\" src=\"https:\/\/witan-posadzki.pl\/wp-content\/uploads\/2017\/10\/panele-winylowe-DesignflooringRubens-T98-Cara-Marble-1-300x300.jpg\" width=\"300\" height=\"300\" alt=\"pod\u0142ogi-do-\u0142azienki-panele-winylowe-DesignflooringRubens T98 Cara Marble\" title=\"pod\u0142ogi-do-\u0142azienki-panele-winylowe-DesignflooringRubens T98 Cara Marble\" \/><\/a><\/li><li class=\"isotope-item\"><a class=\"\" href=\"https:\/\/witan-posadzki.pl\/wp-content\/uploads\/2017\/10\/panele-winylowe-DesignflooringMonet-RP98-Limed-Linen-Oak-1024x1024.jpg\" data-lightbox=\"lightbox[rel-2330-1899831981]\"><img loading=\"lazy\" decoding=\"async\" class=\"\" src=\"https:\/\/witan-posadzki.pl\/wp-content\/uploads\/2017\/10\/panele-winylowe-DesignflooringMonet-RP98-Limed-Linen-Oak-300x300.jpg\" width=\"300\" height=\"300\" alt=\"pod\u0142ogi-do-\u0142azienki-panele-winylowe-DesignflooringMonetRP98LimedLinenOak\" title=\"pod\u0142ogi-do-\u0142azienki-panele-winylowe-DesignflooringMonetRP98LimedLinenOak\" \/><\/a><\/li><li class=\"isotope-item\"><a class=\"\" href=\"https:\/\/witan-posadzki.pl\/wp-content\/uploads\/2017\/10\/panele-winylowe-DesignflooringArtSelectAP01BlondOakParquet-1024x1024.jpg\" data-lightbox=\"lightbox[rel-2330-1899831981]\"><img loading=\"lazy\" decoding=\"async\" class=\"\" src=\"https:\/\/witan-posadzki.pl\/wp-content\/uploads\/2017\/10\/panele-winylowe-DesignflooringArtSelectAP01BlondOakParquet-300x300.jpg\" width=\"300\" height=\"300\" alt=\"pod\u0142ogi-do-\u0142azienki-panele-winylowe-DesignflooringArtSelectAP01BlondOakParquet\" title=\"pod\u0142ogi-do-\u0142azienki-panele-winylowe-DesignflooringArtSelectAP01BlondOakParquet\" \/><\/a><\/li><li class=\"isotope-item\"><a class=\"\" href=\"https:\/\/witan-posadzki.pl\/wp-content\/uploads\/2017\/10\/panele-winylowe-DesignflooringRubens-KP40-American-Oak-1024x1024.jpg\" data-lightbox=\"lightbox[rel-2330-1899831981]\"><img loading=\"lazy\" decoding=\"async\" class=\"\" src=\"https:\/\/witan-posadzki.pl\/wp-content\/uploads\/2017\/10\/panele-winylowe-DesignflooringRubens-KP40-American-Oak-300x300.jpg\" width=\"300\" height=\"300\" alt=\"pod\u0142ogi-do-\u0142azienki-panele-winylowe-DesignflooringRubens KP40 American Oak\" title=\"pod\u0142ogi-do-\u0142azienki-panele-winylowe-DesignflooringRubens KP40 American Oak\" \/><\/a><\/li><li class=\"isotope-item\"><a class=\"\" href=\"https:\/\/witan-posadzki.pl\/wp-content\/uploads\/2017\/10\/panele-winylowe-DesignflooringVan-Gogh-VGW87T-Walnut-1024x1024.jpg\" data-lightbox=\"lightbox[rel-2330-1899831981]\"><img loading=\"lazy\" decoding=\"async\" class=\"\" src=\"https:\/\/witan-posadzki.pl\/wp-content\/uploads\/2017\/10\/panele-winylowe-DesignflooringVan-Gogh-VGW87T-Walnut-300x300.jpg\" width=\"300\" height=\"300\" alt=\"pod\u0142ogi-do-\u0142azienki-panele-winylowe-DesignflooringVan Gogh VGW87T Walnut\" title=\"pod\u0142ogi-do-\u0142azienki-panele-winylowe-DesignflooringVan Gogh VGW87T Walnut\" \/><\/a><\/li><li class=\"isotope-item\"><a class=\"\" href=\"https:\/\/witan-posadzki.pl\/wp-content\/uploads\/2017\/10\/panele-winylowe-DesignflooringVan-Gogh-VGW52T-Auckland-Oak-1024x1024.jpg\" data-lightbox=\"lightbox[rel-2330-1899831981]\"><img loading=\"lazy\" decoding=\"async\" class=\"\" src=\"https:\/\/witan-posadzki.pl\/wp-content\/uploads\/2017\/10\/panele-winylowe-DesignflooringVan-Gogh-VGW52T-Auckland-Oak-300x300.jpg\" width=\"300\" height=\"300\" alt=\"pod\u0142ogi-do-\u0142azienki-panele-winylowe-DesignflooringVan Gogh VGW52T Auckland Oak\" title=\"pod\u0142ogi-do-\u0142azienki-panele-winylowe-DesignflooringVan Gogh VGW52T Auckland Oak\" \/><\/a><\/li><li class=\"isotope-item\"><a class=\"\" href=\"https:\/\/witan-posadzki.pl\/wp-content\/uploads\/2017\/10\/panele-winylowe-DesignflooringLooseLay-LLT202-Indiana-1024x1024.jpg\" data-lightbox=\"lightbox[rel-2330-1899831981]\"><img loading=\"lazy\" decoding=\"async\" class=\"\" src=\"https:\/\/witan-posadzki.pl\/wp-content\/uploads\/2017\/10\/panele-winylowe-DesignflooringLooseLay-LLT202-Indiana-300x300.jpg\" width=\"300\" height=\"300\" alt=\"pod\u0142ogi-do-\u0142azienki-panele-winylowe-DesignflooringLooseLay LLT202 Indiana\" title=\"pod\u0142ogi-do-\u0142azienki-panele-winylowe-DesignflooringLooseLay LLT202 Indiana\" \/><\/a><\/li><li class=\"isotope-item\"><a class=\"\" href=\"https:\/\/witan-posadzki.pl\/wp-content\/uploads\/2017\/10\/panele-winylowe-DesignflooringRubens-T98-Cara-Marble-1024x1024.jpg\" data-lightbox=\"lightbox[rel-2330-1899831981]\"><img loading=\"lazy\" decoding=\"async\" class=\"\" src=\"https:\/\/witan-posadzki.pl\/wp-content\/uploads\/2017\/10\/panele-winylowe-DesignflooringRubens-T98-Cara-Marble-300x300.jpg\" width=\"300\" height=\"300\" alt=\"pod\u0142ogi-do-\u0142azienki-panele-winylowe-DesignflooringRubens T98 Cara Marble\" title=\"pod\u0142ogi-do-\u0142azienki-panele-winylowe-DesignflooringRubens T98 Cara Marble\" \/><\/a><\/li><\/ul><\/div><\/div><\/div><\/div><\/div><\/div><\/div>\n","protected":false},"excerpt":{"rendered":"<a class=\"readmore-button\" href=\"https:\/\/witan-posadzki.pl\/en\/oferta\/zastosowanie\/podlogi-do-lazienki\/\">Czytaj wi\u0119cej...<\/a>","protected":false},"author":7,"featured_media":0,"parent":924,"menu_order":0,"comment_status":"closed","ping_status":"closed","template":"","meta":{"_acf_changed":false,"footnotes":"","_links_to":"","_links_to_target":""},"class_list":["post-2330","page","type-page","status-publish","hentry"],"acf":[],"jetpack_sharing_enabled":true,"jetpack_shortlink":"https:\/\/wp.me\/P9mMf8-BA","_links":{"self":[{"href":"https:\/\/witan-posadzki.pl\/en\/wp-json\/wp\/v2\/pages\/2330","targetHints":{"allow":["GET"]}}],"collection":[{"href":"https:\/\/witan-posadzki.pl\/en\/wp-json\/wp\/v2\/pages"}],"about":[{"href":"https:\/\/witan-posadzki.pl\/en\/wp-json\/wp\/v2\/types\/page"}],"author":[{"embeddable":true,"href":"https:\/\/witan-posadzki.pl\/en\/wp-json\/wp\/v2\/users\/7"}],"replies":[{"embeddable":true,"href":"https:\/\/witan-posadzki.pl\/en\/wp-json\/wp\/v2\/comments?post=2330"}],"version-history":[{"count":13,"href":"https:\/\/witan-posadzki.pl\/en\/wp-json\/wp\/v2\/pages\/2330\/revisions"}],"predecessor-version":[{"id":2365,"href":"https:\/\/witan-posadzki.pl\/en\/wp-json\/wp\/v2\/pages\/2330\/revisions\/2365"}],"up":[{"embeddable":true,"href":"https:\/\/witan-posadzki.pl\/en\/wp-json\/wp\/v2\/pages\/924"}],"wp:attachment":[{"href":"https:\/\/witan-posadzki.pl\/en\/wp-json\/wp\/v2\/media?parent=2330"}],"curies":[{"name":"wp","href":"https:\/\/api.w.org\/{rel}","templated":true}]}}