{"id":2478,"date":"2017-10-27T11:46:21","date_gmt":"2017-10-27T11:46:21","guid":{"rendered":"https:\/\/witan-posadzki.pl\/?page_id=2478"},"modified":"2017-11-23T12:25:14","modified_gmt":"2017-11-23T12:25:14","slug":"pomysly-podloga-w-kuchni","status":"publish","type":"page","link":"https:\/\/witan-posadzki.pl\/en\/oferta\/zastosowanie\/pomysly-podloga-w-kuchni\/","title":{"rendered":"Pomys\u0142y na pod\u0142og\u0119 do kuchni"},"content":{"rendered":"<div class=\"vc_row wpb_row vc_row-fluid\"><div class=\"wpb_column vc_column_container vc_col-sm-12\"><div class=\"vc_column-inner\"><div class=\"wpb_wrapper\">\n\t<div class=\"wpb_text_column wpb_content_element \" >\n\t\t<div class=\"wpb_wrapper\">\n\t\t\t<p>Pod\u0142oga w kuchni powinna by\u0107 odporna na wod\u0119, zabrudzenia i t\u0142uszcze. Do pa\u0144stwa kuchni, zalecamy posadzki zmywalne, poniewa\u017c s\u0105 odporne na wszystkie wcze\u015bniej wymienione zagro\u017cenia.<\/p>\n<p>Proponujemy: Panele laminowane, wyk\u0142adziny PVC.<\/p>\n\n\t\t<\/div>\n\t<\/div>\n<\/div><\/div><\/div><\/div><div class=\"vc_row wpb_row vc_row-fluid\"><div class=\"wpb_column vc_column_container vc_col-sm-12\"><div class=\"vc_column-inner\"><div class=\"wpb_wrapper\"><div class=\"wpb_gallery wpb_content_element vc_clearfix\" ><div class=\"wpb_wrapper\"><div class=\"wpb_gallery_slides wpb_image_grid\" data-interval=\"3\"><ul class=\"wpb_image_grid_ul\"><li class=\"isotope-item\"><a class=\"\" href=\"https:\/\/witan-posadzki.pl\/wp-content\/uploads\/2017\/10\/panel-winylowy-Art-Select-LM02-Guernsey-Limestone-1024x1024.jpg\" data-lightbox=\"lightbox[rel-2478-674360399]\"><img fetchpriority=\"high\" decoding=\"async\" class=\"\" src=\"https:\/\/witan-posadzki.pl\/wp-content\/uploads\/2017\/10\/panel-winylowy-Art-Select-LM02-Guernsey-Limestone-300x300.jpg\" width=\"300\" height=\"300\" alt=\"panel-winylowy-Art Select LM02 Guernsey Limestone\" title=\"panel-winylowy-Art Select LM02 Guernsey Limestone\" \/><\/a><\/li><li class=\"isotope-item\"><a class=\"\" href=\"https:\/\/witan-posadzki.pl\/wp-content\/uploads\/2017\/10\/panel-winylowy-Art-Select-LM03-Alderney-Limestone-1024x1024.jpg\" data-lightbox=\"lightbox[rel-2478-674360399]\"><img decoding=\"async\" class=\"\" src=\"https:\/\/witan-posadzki.pl\/wp-content\/uploads\/2017\/10\/panel-winylowy-Art-Select-LM03-Alderney-Limestone-300x300.jpg\" width=\"300\" height=\"300\" alt=\"panel-winylowy-Art Select LM03 Alderney Limestone\" title=\"panel-winylowy-Art Select LM03 Alderney Limestone\" \/><\/a><\/li><li class=\"isotope-item\"><a class=\"\" href=\"https:\/\/witan-posadzki.pl\/wp-content\/uploads\/2017\/10\/panel-winylowy-Art-Select-LM16-CLIP-Fiore-1024x1024.jpg\" data-lightbox=\"lightbox[rel-2478-674360399]\"><img decoding=\"async\" class=\"\" src=\"https:\/\/witan-posadzki.pl\/wp-content\/uploads\/2017\/10\/panel-winylowy-Art-Select-LM16-CLIP-Fiore-300x300.jpg\" width=\"300\" height=\"300\" alt=\"panel-winylowy-Art Select LM16 CLIP Fiore\" title=\"panel-winylowy-Art Select LM16 CLIP Fiore\" \/><\/a><\/li><li class=\"isotope-item\"><a class=\"\" href=\"https:\/\/witan-posadzki.pl\/wp-content\/uploads\/2017\/10\/panel-winylowy-Art-Select-LM27-Washburn-1024x1024.jpg\" data-lightbox=\"lightbox[rel-2478-674360399]\"><img loading=\"lazy\" decoding=\"async\" class=\"\" src=\"https:\/\/witan-posadzki.pl\/wp-content\/uploads\/2017\/10\/panel-winylowy-Art-Select-LM27-Washburn-300x300.jpg\" width=\"300\" height=\"300\" alt=\"panel-winylowy-Art Select LM27 Washburn\" title=\"panel-winylowy-Art Select LM27 Washburn\" \/><\/a><\/li><li class=\"isotope-item\"><a class=\"\" href=\"https:\/\/witan-posadzki.pl\/wp-content\/uploads\/2017\/10\/panel-winylowy-Art-Select-LM27-Washburn1-1024x1024.jpg\" data-lightbox=\"lightbox[rel-2478-674360399]\"><img loading=\"lazy\" decoding=\"async\" class=\"\" src=\"https:\/\/witan-posadzki.pl\/wp-content\/uploads\/2017\/10\/panel-winylowy-Art-Select-LM27-Washburn1-300x300.jpg\" width=\"300\" height=\"300\" alt=\"panel-winylowy-Art Select LM27 Washburn1\" title=\"panel-winylowy-Art Select LM27 Washburn1\" \/><\/a><\/li><li class=\"isotope-item\"><a class=\"\" href=\"https:\/\/witan-posadzki.pl\/wp-content\/uploads\/2017\/10\/panel-winylowy-LooseLay-LLT200-Arizona-1024x1024.jpg\" data-lightbox=\"lightbox[rel-2478-674360399]\"><img loading=\"lazy\" decoding=\"async\" class=\"\" src=\"https:\/\/witan-posadzki.pl\/wp-content\/uploads\/2017\/10\/panel-winylowy-LooseLay-LLT200-Arizona-300x300.jpg\" width=\"300\" height=\"300\" alt=\"panel-winylowy-LooseLay LLT200 Arizona\" title=\"panel-winylowy-LooseLay LLT200 Arizona\" \/><\/a><\/li><li class=\"isotope-item\"><a class=\"\" href=\"https:\/\/witan-posadzki.pl\/wp-content\/uploads\/2017\/10\/panel-winylowy-Monet-CC06-Graphite-1024x1024.jpg\" data-lightbox=\"lightbox[rel-2478-674360399]\"><img loading=\"lazy\" decoding=\"async\" class=\"\" src=\"https:\/\/witan-posadzki.pl\/wp-content\/uploads\/2017\/10\/panel-winylowy-Monet-CC06-Graphite-300x300.jpg\" width=\"300\" height=\"300\" alt=\"panel-winylowy-Monet CC06 Graphite\" title=\"panel-winylowy-Monet CC06 Graphite\" \/><\/a><\/li><li class=\"isotope-item\"><a class=\"\" href=\"https:\/\/witan-posadzki.pl\/wp-content\/uploads\/2017\/10\/panel-winylowy-Monet-LST05-Santi-Limestone-1024x1024.jpg\" data-lightbox=\"lightbox[rel-2478-674360399]\"><img loading=\"lazy\" decoding=\"async\" class=\"\" src=\"https:\/\/witan-posadzki.pl\/wp-content\/uploads\/2017\/10\/panel-winylowy-Monet-LST05-Santi-Limestone-300x300.jpg\" width=\"300\" height=\"300\" alt=\"panel-winylowy-Monet LST05 Santi Limestone\" title=\"panel-winylowy-Monet LST05 Santi Limestone\" \/><\/a><\/li><li class=\"isotope-item\"><a class=\"\" href=\"https:\/\/witan-posadzki.pl\/wp-content\/uploads\/2017\/10\/panel-winylowy-Opus-SP212-Terra-1024x1024.jpg\" data-lightbox=\"lightbox[rel-2478-674360399]\"><img loading=\"lazy\" decoding=\"async\" class=\"\" src=\"https:\/\/witan-posadzki.pl\/wp-content\/uploads\/2017\/10\/panel-winylowy-Opus-SP212-Terra-300x300.jpg\" width=\"300\" height=\"300\" alt=\"panel-winylowy-Opus SP212 Terra\" title=\"panel-winylowy-Opus SP212 Terra\" \/><\/a><\/li><li class=\"isotope-item\"><a class=\"\" href=\"https:\/\/witan-posadzki.pl\/wp-content\/uploads\/2017\/10\/panel-winylowy-Palio-Clic-CT4302-Murlo-1024x1024.jpg\" data-lightbox=\"lightbox[rel-2478-674360399]\"><img loading=\"lazy\" decoding=\"async\" class=\"\" src=\"https:\/\/witan-posadzki.pl\/wp-content\/uploads\/2017\/10\/panel-winylowy-Palio-Clic-CT4302-Murlo-300x300.jpg\" width=\"300\" height=\"300\" alt=\"panel-winylowy-Palio Clic CT4302 Murlo\" title=\"panel-winylowy-Palio Clic CT4302 Murlo\" \/><\/a><\/li><li class=\"isotope-item\"><a class=\"\" href=\"https:\/\/witan-posadzki.pl\/wp-content\/uploads\/2017\/10\/panel-winylowy-Palio-Core-RCT6303-Pienza-1024x1024.jpg\" data-lightbox=\"lightbox[rel-2478-674360399]\"><img loading=\"lazy\" decoding=\"async\" class=\"\" src=\"https:\/\/witan-posadzki.pl\/wp-content\/uploads\/2017\/10\/panel-winylowy-Palio-Core-RCT6303-Pienza-300x300.jpg\" width=\"300\" height=\"300\" alt=\"panel-winylowy-Palio Core RCT6303 Pienza\" title=\"panel-winylowy-Palio Core RCT6303 Pienza\" \/><\/a><\/li><li class=\"isotope-item\"><a class=\"\" href=\"https:\/\/witan-posadzki.pl\/wp-content\/uploads\/2017\/10\/panel-winylowy-RCP6508_Sorano-1024x1024.jpg\" data-lightbox=\"lightbox[rel-2478-674360399]\"><img loading=\"lazy\" decoding=\"async\" class=\"\" src=\"https:\/\/witan-posadzki.pl\/wp-content\/uploads\/2017\/10\/panel-winylowy-RCP6508_Sorano-300x300.jpg\" width=\"300\" height=\"300\" alt=\"panel-winylowy-RCP6508_Sorano\" title=\"panel-winylowy-RCP6508_Sorano\" \/><\/a><\/li><li class=\"isotope-item\"><a class=\"\" href=\"https:\/\/witan-posadzki.pl\/wp-content\/uploads\/2017\/10\/panele-pod\u0142ogowe-pergo-5.jpg\" data-lightbox=\"lightbox[rel-2478-674360399]\"><img loading=\"lazy\" decoding=\"async\" class=\"\" src=\"https:\/\/witan-posadzki.pl\/wp-content\/uploads\/2017\/10\/panele-pod\u0142ogowe-pergo-5-300x300.jpg\" width=\"300\" height=\"300\" alt=\"panele-pod\u0142ogowe-pergo-5\" title=\"panele-pod\u0142ogowe-pergo-5\" \/><\/a><\/li><li class=\"isotope-item\"><a class=\"\" href=\"https:\/\/witan-posadzki.pl\/wp-content\/uploads\/2017\/10\/panele-pod\u0142ogowe-pergo-39.jpg\" data-lightbox=\"lightbox[rel-2478-674360399]\"><img loading=\"lazy\" decoding=\"async\" class=\"\" src=\"https:\/\/witan-posadzki.pl\/wp-content\/uploads\/2017\/10\/panele-pod\u0142ogowe-pergo-39-300x300.jpg\" width=\"300\" height=\"300\" alt=\"panele-pod\u0142ogowe-pergo-39\" title=\"panele-pod\u0142ogowe-pergo-39\" \/><\/a><\/li><li class=\"isotope-item\"><a class=\"\" href=\"https:\/\/witan-posadzki.pl\/wp-content\/uploads\/2017\/10\/panele-pod\u0142ogowe-pergo-40.jpg\" data-lightbox=\"lightbox[rel-2478-674360399]\"><img loading=\"lazy\" decoding=\"async\" class=\"\" src=\"https:\/\/witan-posadzki.pl\/wp-content\/uploads\/2017\/10\/panele-pod\u0142ogowe-pergo-40-300x300.jpg\" width=\"300\" height=\"300\" alt=\"panele-pod\u0142ogowe-pergo-40\" title=\"panele-pod\u0142ogowe-pergo-40\" \/><\/a><\/li><\/ul><\/div><\/div><\/div><\/div><\/div><\/div><\/div>\n","protected":false},"excerpt":{"rendered":"<a class=\"readmore-button\" href=\"https:\/\/witan-posadzki.pl\/en\/oferta\/zastosowanie\/pomysly-podloga-w-kuchni\/\">Czytaj wi\u0119cej...<\/a>","protected":false},"author":7,"featured_media":0,"parent":924,"menu_order":0,"comment_status":"closed","ping_status":"closed","template":"","meta":{"_acf_changed":false,"footnotes":"","_links_to":"","_links_to_target":""},"class_list":["post-2478","page","type-page","status-publish","hentry"],"acf":[],"jetpack_sharing_enabled":true,"jetpack_shortlink":"https:\/\/wp.me\/P9mMf8-DY","_links":{"self":[{"href":"https:\/\/witan-posadzki.pl\/en\/wp-json\/wp\/v2\/pages\/2478","targetHints":{"allow":["GET"]}}],"collection":[{"href":"https:\/\/witan-posadzki.pl\/en\/wp-json\/wp\/v2\/pages"}],"about":[{"href":"https:\/\/witan-posadzki.pl\/en\/wp-json\/wp\/v2\/types\/page"}],"author":[{"embeddable":true,"href":"https:\/\/witan-posadzki.pl\/en\/wp-json\/wp\/v2\/users\/7"}],"replies":[{"embeddable":true,"href":"https:\/\/witan-posadzki.pl\/en\/wp-json\/wp\/v2\/comments?post=2478"}],"version-history":[{"count":4,"href":"https:\/\/witan-posadzki.pl\/en\/wp-json\/wp\/v2\/pages\/2478\/revisions"}],"predecessor-version":[{"id":3009,"href":"https:\/\/witan-posadzki.pl\/en\/wp-json\/wp\/v2\/pages\/2478\/revisions\/3009"}],"up":[{"embeddable":true,"href":"https:\/\/witan-posadzki.pl\/en\/wp-json\/wp\/v2\/pages\/924"}],"wp:attachment":[{"href":"https:\/\/witan-posadzki.pl\/en\/wp-json\/wp\/v2\/media?parent=2478"}],"curies":[{"name":"wp","href":"https:\/\/api.w.org\/{rel}","templated":true}]}}