{"id":2509,"date":"2017-10-30T08:18:24","date_gmt":"2017-10-30T08:18:24","guid":{"rendered":"https:\/\/witan-posadzki.pl\/?page_id=2509"},"modified":"2023-07-21T11:54:33","modified_gmt":"2023-07-21T11:54:33","slug":"jak-dzialamy","status":"publish","type":"page","link":"https:\/\/witan-posadzki.pl\/en\/jak-dzialamy\/","title":{"rendered":"Jak dzia\u0142amy? &#8211; krok po kroku"},"content":{"rendered":"<div class=\"vc_row wpb_row vc_row-fluid\"><div class=\"wpb_column vc_column_container vc_col-sm-8\"><div class=\"vc_column-inner\"><div class=\"wpb_wrapper\"><div class=\"vc_icon_element vc_icon_element-outer vc_icon_element-align-center\"><div class=\"vc_icon_element-inner vc_icon_element-color-custom vc_icon_element-size-xl vc_icon_element-style- vc_icon_element-background-color-grey\" ><span class=\"vc_icon_element-icon fas fa-pencil-ruler\" style=\"color:#dd3333 !important\"><\/span><\/div><\/div>\n\t<div class=\"wpb_text_column wpb_content_element\" >\n\t\t<div class=\"wpb_wrapper\">\n\t\t\t<h4><strong>Krok 1 &#8211;\u00a0<\/strong><strong>Sprawdzenie potrzeb oraz zapoznanie z ofert\u0105 produktow\u0105 i us\u0142ugow\u0105 naszej firmy<\/strong><\/h4>\n<p>Prac\u0119 rozpoczynamy od rozmowy, w trakcie kt\u00f3rej ustalamy faktyczne potrzeby Klienta.<br \/>\n&#8211; wst\u0119pne rozpoznanie produktowe<\/p>\n<h4><strong>Krok 2 &#8211;\u00a0<\/strong><strong>Kwestie techniczne (pytamy o podstawowe informacje kt\u00f3re s\u0105 kluczowe w dalszym procesie doradczym)<\/strong><\/h4>\n<p>Rzut pomieszcze\u0144<br \/>\nDla obiekt\u00f3w nowo wybudowanych, wa\u017cne jest ustalenie rodzaju podk\u0142adu pod\u0142ogowego (jastrych cementowy, anhydryt, oraz czy jest ogrzewanie pod\u0142ogowe)<br \/>\nDla obiekt\u00f3w remontowanych dodatkowo ustalamy jaka jest obecna posadzka i jaki jest jej stan (czy trzeba przygotowa\u0107 ofert\u0119 na usuni\u0119cie starej posadzki)<\/p>\n<h4><strong>Krok 3 &#8211;\u00a0<\/strong><strong>Fachowe doradztwo:<\/strong><\/h4>\n<p>Na podstawie uzyskanych informacji fachowo doradzamy w wyborze odpowiednich rozwi\u0105za\u0144 do poszczeg\u00f3lnych pomieszcze\u0144<br \/>\nNa tym etapie mo\u017cemy przygotowa\u0107 wst\u0119pn\u0105 ofert\u0119 (kosztorys)<\/p>\n<h4><strong>Krok 4 &#8211;\u00a0<\/strong><strong>Wizyta na obiekcie<\/strong><\/h4>\n<p>Ocena stanu fizycznego posadzki<br \/>\nOcena zgodno\u015bci wymiar\u00f3w z projektem<br \/>\nPomiar wilgotno\u015bci pod\u0142o\u017ca (CM)<br \/>\nOkre\u015blenie miejsc dylatacyjnych<br \/>\nWskazanie miejsc na wycieraczki<\/p>\n<h4><strong>Krok 5 &#8211;\u00a0<\/strong><strong>Sporz\u0105dzenie Kosztorysu<br \/>\n<\/strong><\/h4>\n<p>Przygotowanie i przes\u0142anie oferty.<\/p>\n<h4><strong>Krok 6 &#8211;\u00a0<\/strong><strong>Realizacja<\/strong><\/h4>\n<p>Realizujemy zlecenie zgodnie ze sztuk\u0105 i zasadami budowlanymi. Zapewniamy gwarancj\u0119 i serwis powykonawczy, kt\u00f3ry obejmuje m. in. dostarczenie profesjonalnych \u015brodk\u00f3w czysto\u015bci, renowacj\u0119 lub napraw\u0119 posadzki.<\/p>\n\n\t\t<\/div>\n\t<\/div>\n<\/div><\/div><\/div><div class=\"wpb_column vc_column_container vc_col-sm-4\"><div class=\"vc_column-inner\"><div class=\"wpb_wrapper\"><\/div><\/div><\/div><\/div>","protected":false},"excerpt":{"rendered":"<a class=\"readmore-button\" href=\"https:\/\/witan-posadzki.pl\/en\/jak-dzialamy\/\">Czytaj wi\u0119cej...<\/a>","protected":false},"author":7,"featured_media":0,"parent":0,"menu_order":0,"comment_status":"closed","ping_status":"closed","template":"","meta":{"_acf_changed":false,"footnotes":"","_links_to":"","_links_to_target":""},"class_list":["post-2509","page","type-page","status-publish","hentry"],"acf":[],"jetpack_sharing_enabled":true,"jetpack_shortlink":"https:\/\/wp.me\/P9mMf8-Et","_links":{"self":[{"href":"https:\/\/witan-posadzki.pl\/en\/wp-json\/wp\/v2\/pages\/2509","targetHints":{"allow":["GET"]}}],"collection":[{"href":"https:\/\/witan-posadzki.pl\/en\/wp-json\/wp\/v2\/pages"}],"about":[{"href":"https:\/\/witan-posadzki.pl\/en\/wp-json\/wp\/v2\/types\/page"}],"author":[{"embeddable":true,"href":"https:\/\/witan-posadzki.pl\/en\/wp-json\/wp\/v2\/users\/7"}],"replies":[{"embeddable":true,"href":"https:\/\/witan-posadzki.pl\/en\/wp-json\/wp\/v2\/comments?post=2509"}],"version-history":[{"count":18,"href":"https:\/\/witan-posadzki.pl\/en\/wp-json\/wp\/v2\/pages\/2509\/revisions"}],"predecessor-version":[{"id":15173,"href":"https:\/\/witan-posadzki.pl\/en\/wp-json\/wp\/v2\/pages\/2509\/revisions\/15173"}],"wp:attachment":[{"href":"https:\/\/witan-posadzki.pl\/en\/wp-json\/wp\/v2\/media?parent=2509"}],"curies":[{"name":"wp","href":"https:\/\/api.w.org\/{rel}","templated":true}]}}