{"id":3373,"date":"2018-02-07T11:56:07","date_gmt":"2018-02-07T11:56:07","guid":{"rendered":"https:\/\/witan-posadzki.pl\/?page_id=3373"},"modified":"2018-07-31T12:58:50","modified_gmt":"2018-07-31T12:58:50","slug":"czyszczenie-wykladziny-pvc-linoleum","status":"publish","type":"page","link":"https:\/\/witan-posadzki.pl\/en\/poradnik-ekspertow\/czyszczenie-wykladziny-pvc-linoleum\/","title":{"rendered":"Czyszczenie i zabezpieczenie wyk\u0142adziny PVC i linoleum"},"content":{"rendered":"<div class=\"vc_row wpb_row vc_row-fluid\"><div class=\"wpb_column vc_column_container vc_col-sm-2\"><div class=\"vc_column-inner\"><div class=\"wpb_wrapper\"><\/div><\/div><\/div><div class=\"wpb_column vc_column_container vc_col-sm-8\"><div class=\"vc_column-inner\"><div class=\"wpb_wrapper\">\n\t<div class=\"wpb_text_column wpb_content_element\" >\n\t\t<div class=\"wpb_wrapper\">\n\t\t\t<p>Ka\u017cda wyk\u0142adzina PCV wymaga mycia bie\u017c\u0105cego, okresowego czyszczenia gruntownego, zakonserwowania oraz zabezpieczenia przed uszkodzeniami mechanicznymi.<\/p>\n\n\t\t<\/div>\n\t<\/div>\n\n\t<div class=\"wpb_text_column wpb_content_element\" >\n\t\t<div class=\"wpb_wrapper\">\n\t\t\t<p>1. Pierwszym etapem czyszczenia wyk\u0142adziny jest jej tzw. &#8222;stripowanie&#8221;, czyli odt\u0142uszczenie i dok\u0142adne pozbycie si\u0119 zabrudze\u0144 za pomoc\u0105 profesjonalnych maszyn.<\/p>\n\n\t\t<\/div>\n\t<\/div>\n\n\t<div class=\"wpb_text_column wpb_content_element\" >\n\t\t<div class=\"wpb_wrapper\">\n\t\t\t<p>2. Drugim etapem procesu czyszczenia wyk\u0142adziny pvc, jest jej zabezpieczenie. Jest to WYMAGANA czynno\u015b\u0107 po wcze\u015bniejszym stripowaniu, poniewa\u017c posadzka po tej czynno\u015bci jest pozbawiona zabezpieczenia.<\/p>\n<p>Do zabezpieczenia wyk\u0142adziny PVC i linoleum, stosujemy polimery lub lakiery zabezpieczaj\u0105ce, kt\u00f3re doskonale chroni\u0105 posadzk\u0119 przed nadmiernym zu\u017cyciem.<\/p>\n\n\t\t<\/div>\n\t<\/div>\n<\/div><\/div><\/div><div class=\"wpb_column vc_column_container vc_col-sm-2\"><div class=\"vc_column-inner\"><div class=\"wpb_wrapper\"><\/div><\/div><\/div><\/div><div class=\"vc_row wpb_row vc_row-fluid\"><div class=\"wpb_column vc_column_container vc_col-sm-12\"><div class=\"vc_column-inner\"><div class=\"wpb_wrapper\">\n\t<div  class=\"wpb_single_image wpb_content_element vc_align_center\">\n\t\t\n\t\t<figure class=\"wpb_wrapper vc_figure\">\n\t\t\t<div class=\"vc_single_image-wrapper   vc_box_border_grey\"><img fetchpriority=\"high\" decoding=\"async\" class=\"vc_single_image-img\" src=\"https:\/\/witan-posadzki.pl\/wp-content\/uploads\/2018\/05\/Zrzut-ekranu-2018-05-08-o-14.45.24-900x250.jpg\" width=\"900\" height=\"250\" alt=\"czyszczenie-pvc\" title=\"czyszczenie-pvc\" \/><\/div>\n\t\t<\/figure>\n\t<\/div>\n<\/div><\/div><\/div><\/div><div class=\"vc_row wpb_row vc_row-fluid\"><div class=\"wpb_column vc_column_container vc_col-sm-2\"><div class=\"vc_column-inner\"><div class=\"wpb_wrapper\"><\/div><\/div><\/div><div class=\"wpb_column vc_column_container vc_col-sm-8\"><div class=\"vc_column-inner\"><div class=\"wpb_wrapper\">\n\t<div class=\"wpb_text_column wpb_content_element\" >\n\t\t<div class=\"wpb_wrapper\">\n\t\t\t<p><b>Sprz\u0105tanie bie\u017c\u0105ce<br \/>\n<\/b>&#8211; powinno by\u0107 wykonywane regularnie w okre\u015blonych odst\u0119pach czasu.<\/p>\n<p><strong>Czyszczenie &#8222;na sucho&#8221;<\/strong><br \/>\nzamiatanie<br \/>\nodkurzanie<br \/>\nwyciera\u0107 mopem akrylowym<\/p>\n<p><strong>Czyszczenie &#8222;na mokro&#8221;<\/strong><br \/>\nNanie\u015b\u0107 odpowiedni \u015brodek czyszcz\u0105cy na posadzk\u0119, rozprowadzaj\u0105c go r\u00f3wnomiernie za pomoc\u0105 p\u0142askiego mopa.<\/p>\n<p>PVC i LINOLEUM<\/p>\n<p><strong>\u015arodek do czyszczenia i piel\u0119gnacji elastycznych wyk\u0142adzin pod\u0142ogowych z pow\u0142ok\u0105 utrudniaj\u0105c\u0105 po\u015blizg Dr.Schutz 5l<\/strong><\/p>\n<p><a href=\"http:\/\/podlogibeskidy.pl\/srodek-do-czyszczenia-i-pielegnacji-elastycznych-w,3,8910,8907\" target=\"_blank\" rel=\"noopener\">http:\/\/podlogibeskidy.pl\/srodek-do-czyszczenia-i-pielegnacji-elastycznych-w,3,8910,8907<\/a><\/p>\n<p><strong>P\u0142yn do codziennego czyszczenia powierzchni poliuretanowych Dr.Schutz 5l<\/strong><\/p>\n<p><a href=\"http:\/\/podlogibeskidy.pl\/plyn-do-codziennego-czyszczenia-powierzchni-poliur,3,8910,8905\" target=\"_blank\" rel=\"noopener\">http:\/\/podlogibeskidy.pl\/plyn-do-codziennego-czyszczenia-powierzchni-poliur,3,8910,8905<\/a><\/p>\n<p>&nbsp;<\/p>\n<p><b>Piel\u0119gnacja okresowa<\/b><\/p>\n<p>Nale\u017cy zeszlifowa\u0107 cz\u0119\u015bciowo zu\u017cyt\u0105 lub zniszczon\u0105 pow\u0142ok\u0119 zabezpieczaj\u0105c\u0105 i dokona\u0107 jej regeneracji &#8211; uzupe\u0142nienia warstwy zabezpieczaj\u0105cej PVC.<br \/>\nUsun\u0105\u0107, zu\u017cyt\u0105 pow\u0142ok\u0119 zabezpieczaj\u0105c\u0105<\/p>\n<p>Gruntownie umy\u0107 ca\u0142\u0105 powierzchnie czyszczonej wyk\u0142adziny<br \/>\nPoprzez naniesienie warstw zabezpieczaj\u0105cych &#8211; dokona\u0107 naprawy i uzupe\u0142nienia warstwy wierzchniej wyk\u0142adziny<br \/>\nDobranie odpowiedniej technologii i chemii do bie\u017c\u0105cego sprz\u0105tania.<\/p>\n\n\t\t<\/div>\n\t<\/div>\n<\/div><\/div><\/div><div class=\"wpb_column vc_column_container vc_col-sm-2\"><div class=\"vc_column-inner\"><div class=\"wpb_wrapper\"><\/div><\/div><\/div><\/div>","protected":false},"excerpt":{"rendered":"<a class=\"readmore-button\" href=\"https:\/\/witan-posadzki.pl\/en\/poradnik-ekspertow\/czyszczenie-wykladziny-pvc-linoleum\/\">Czytaj wi\u0119cej...<\/a>","protected":false},"author":7,"featured_media":0,"parent":3107,"menu_order":0,"comment_status":"closed","ping_status":"closed","template":"","meta":{"_acf_changed":false,"footnotes":"","_links_to":"","_links_to_target":""},"class_list":["post-3373","page","type-page","status-publish","hentry"],"acf":[],"jetpack_sharing_enabled":true,"jetpack_shortlink":"https:\/\/wp.me\/P9mMf8-Sp","_links":{"self":[{"href":"https:\/\/witan-posadzki.pl\/en\/wp-json\/wp\/v2\/pages\/3373","targetHints":{"allow":["GET"]}}],"collection":[{"href":"https:\/\/witan-posadzki.pl\/en\/wp-json\/wp\/v2\/pages"}],"about":[{"href":"https:\/\/witan-posadzki.pl\/en\/wp-json\/wp\/v2\/types\/page"}],"author":[{"embeddable":true,"href":"https:\/\/witan-posadzki.pl\/en\/wp-json\/wp\/v2\/users\/7"}],"replies":[{"embeddable":true,"href":"https:\/\/witan-posadzki.pl\/en\/wp-json\/wp\/v2\/comments?post=3373"}],"version-history":[{"count":9,"href":"https:\/\/witan-posadzki.pl\/en\/wp-json\/wp\/v2\/pages\/3373\/revisions"}],"predecessor-version":[{"id":4713,"href":"https:\/\/witan-posadzki.pl\/en\/wp-json\/wp\/v2\/pages\/3373\/revisions\/4713"}],"up":[{"embeddable":true,"href":"https:\/\/witan-posadzki.pl\/en\/wp-json\/wp\/v2\/pages\/3107"}],"wp:attachment":[{"href":"https:\/\/witan-posadzki.pl\/en\/wp-json\/wp\/v2\/media?parent=3373"}],"curies":[{"name":"wp","href":"https:\/\/api.w.org\/{rel}","templated":true}]}}