{"id":4980,"date":"2020-04-24T06:06:04","date_gmt":"2020-04-24T06:06:04","guid":{"rendered":"https:\/\/witan-posadzki.pl\/?page_id=4980"},"modified":"2023-08-02T07:36:03","modified_gmt":"2023-08-02T07:36:03","slug":"chemia-czyszczenie-i-pielegnacja","status":"publish","type":"page","link":"https:\/\/witan-posadzki.pl\/en\/chemia-czyszczenie-i-pielegnacja\/","title":{"rendered":"Cleaning &amp; Floor Care products"},"content":{"rendered":"<div class=\"vc_row wpb_row vc_row-fluid\"><div class=\"wpb_column vc_column_container vc_col-sm-12\"><div class=\"vc_column-inner\"><div class=\"wpb_wrapper\"><div class=\"vc_row wpb_row vc_inner vc_row-fluid\"><div class=\"wpb_column vc_column_container vc_col-sm-12\"><div class=\"vc_column-inner\"><div class=\"wpb_wrapper\">\n\t<div class=\"wpb_text_column wpb_content_element\" >\n\t\t<div class=\"wpb_wrapper\">\n\t\t\t<h2><strong>Chemia budowlana i produkty do piel\u0119gnacji\u00a0<\/strong><\/h2>\n<p>W naszej ofercie znajd\u0105 Pa\u0144stwo produkty przeznaczone do bie\u017c\u0105cej i szczeg\u00f3\u0142owej piel\u0119gnacji wyk\u0142adzin dywanowych, PVC, paneli winylowych (LVT) oraz paneli laminowanych. Te produkty s\u0105 specjalnie zaprojektowane, aby skutecznie usuwa\u0107 zanieczyszczenia, jednocze\u015bnie chroni\u0105c materia\u0142 i utrzymuj\u0105c jego oryginalny wygl\u0105d. Ponadto, oferujemy te\u017c specjalistyczne \u015brodki do czyszczenia pod\u0142\u00f3g drewnianych, takich jak parkiety, kt\u00f3re nie tylko skutecznie czy\u015bci, ale tak\u017ce pomaga utrzyma\u0107 drewno w najlepszej kondycji.<\/p>\n<p>Co wi\u0119cej, w naszej ofercie znajduj\u0105 si\u0119 r\u00f3wnie\u017c produkty do piel\u0119gnacji powierzchni wykonanych z \u017cywic, betonu i p\u0142ytek ceramicznych. Te profesjonalne \u015brodki czysto\u015bci gwarantuj\u0105 skuteczne usuni\u0119cie brudu, t\u0142uszczu, ple\u015bni i innych zanieczyszcze\u0144, zachowuj\u0105c jednocze\u015bnie integralno\u015b\u0107 tych materia\u0142\u00f3w.<\/p>\n<p>Nasza oferta obejmuje r\u00f3wnie\u017c szeroki asortyment innych produkt\u00f3w chemicznych stosowanych w budownictwie, takich jak kleje, lakiery, grunty, masy i wiele innych. Ka\u017cdy z tych produkt\u00f3w jest zaprojektowany tak, aby zapewni\u0107 najwy\u017csze standardy jako\u015bci i wydajno\u015bci w r\u00f3\u017cnych zastosowaniach budowlanych.<\/p>\n\n\t\t<\/div>\n\t<\/div>\n\n\t<div class=\"wpb_text_column wpb_content_element\" >\n\t\t<div class=\"wpb_wrapper\">\n\t\t\t<h2><strong>Dlaczego warto wybiera\u0107 odpowiednie produkty chemii budowlanej do stosowania w pomieszczeniach?<\/strong><\/h2>\n<p>Stosowanie odpowiedniej chemii budowlanej do czyszczenia i piel\u0119gnacji jest kluczowe dla ochrony materia\u0142\u00f3w i bezpiecze\u0144stwa pracownik\u00f3w. Specjalnie zaprojektowane produkty chemiczne s\u0105 dostosowane do r\u00f3\u017cnorodnych materia\u0142\u00f3w stosowanych w budownictwie, co zapobiega ich uszkodzeniu. S\u0105 one r\u00f3wnie\u017c bardziej skuteczne w usuwaniu zanieczyszcze\u0144 w por\u00f3wnaniu do og\u00f3lnodost\u0119pnych \u015brodk\u00f3w czysto\u015bci.<\/p>\n<p>Wyb\u00f3r w\u0142a\u015bciwej chemii budowlanej zapewnia bezpieczny proces czyszczenia i pomaga utrzyma\u0107 estetyk\u0119 materia\u0142\u00f3w. Cho\u0107 na pierwszy rzut oka mo\u017ce wydawa\u0107 si\u0119 dro\u017csza, jest to rozwi\u0105zanie bardziej ekonomiczne w d\u0142u\u017cszej perspektywie, poniewa\u017c minimalizuje koszty zwi\u0105zane z naprawami i konserwacj\u0105. Wreszcie, stosowanie odpowiednich produkt\u00f3w pozwala firmom budowlanym \u0142atwiej spe\u0142nia\u0107 wymogi prawne i bran\u017cowe.<\/p>\n\n\t\t<\/div>\n\t<\/div>\n<\/div><\/div><\/div><\/div>\n\t<div class=\"wpb_text_column wpb_content_element\" >\n\t\t<div class=\"wpb_wrapper\">\n\t\t\t<h3><strong>Jeste\u015bmy dystrybutorem chemii Dr. Schutz, Vermop, Uzin, Obtego<\/strong><\/h3>\n<p>Oferujemy atestowane \u015brodki do codziennego (bie\u017c\u0105cego) i gruntownego czyszczenia wyk\u0142adzin dywanowych (dywanu), wyk\u0142adziny PVC (PCV, PCW), paneli winylowych (LVT), paneli laminowanych (pod\u0142ogowych), pod\u0142\u00f3g drewnianych (parkiet\u00f3w), \u017cywic, beton\u00f3w, p\u0142ytek ceramicznych (gresu).<\/p>\n\n\t\t<\/div>\n\t<\/div>\n\n\t<div class=\"wpb_text_column wpb_content_element\" >\n\t\t<div class=\"wpb_wrapper\">\n\t\t\t<p style=\"text-align: left;\"><strong>Wszystkie produkty do czyszczenia i piel\u0119gnacji mo\u017cna \u0142atwo i szybko zakupi\u0107 w naszym sklepie internetowym oraz serwisie Allegro<\/strong><\/p>\n\n\t\t<\/div>\n\t<\/div>\n<div class=\"vc_row wpb_row vc_inner vc_row-fluid\"><div class=\"wpb_column vc_column_container vc_col-sm-6\"><div class=\"vc_column-inner\"><div class=\"wpb_wrapper\"><div class=\"vc_btn3-container vc_btn3-center\" ><a class=\"vc_general vc_btn3 vc_btn3-size-lg vc_btn3-shape-square vc_btn3-style-modern vc_btn3-color-grey\" href=\"https:\/\/sklep.witan-posadzki.pl\/pl\/c\/Chemia-budowlana\/64\" title=\"\">Sklep internetowy<\/a><\/div><\/div><\/div><\/div><div class=\"wpb_column vc_column_container vc_col-sm-6\"><div class=\"vc_column-inner\"><div class=\"wpb_wrapper\"><div class=\"vc_btn3-container vc_btn3-center\" ><a class=\"vc_general vc_btn3 vc_btn3-size-lg vc_btn3-shape-square vc_btn3-style-modern vc_btn3-color-grey\" href=\"https:\/\/allegro.pl\/uzytkownik\/WITANcentrum\/sklep\" title=\"\">Allegro<\/a><\/div><\/div><\/div><\/div><\/div><\/div><\/div><\/div><\/div><div class=\"vc_row wpb_row vc_row-fluid\"><div class=\"wpb_column vc_column_container vc_col-sm-12\"><div class=\"vc_column-inner\"><div class=\"wpb_wrapper\">\n\t<div  class=\"wpb_single_image wpb_content_element vc_align_left\">\n\t\t\n\t\t<figure class=\"wpb_wrapper vc_figure\">\n\t\t\t<div class=\"vc_single_image-wrapper   vc_box_border_grey\"><img fetchpriority=\"high\" decoding=\"async\" width=\"2560\" height=\"960\" src=\"https:\/\/witan-posadzki.pl\/wp-content\/uploads\/2022\/11\/obtego-scaled.jpg\" class=\"vc_single_image-img attachment-full\" alt=\"\" srcset=\"https:\/\/witan-posadzki.pl\/wp-content\/uploads\/2022\/11\/obtego-scaled.jpg 2560w, https:\/\/witan-posadzki.pl\/wp-content\/uploads\/2022\/11\/obtego-300x113.jpg 300w, https:\/\/witan-posadzki.pl\/wp-content\/uploads\/2022\/11\/obtego-1024x384.jpg 1024w, https:\/\/witan-posadzki.pl\/wp-content\/uploads\/2022\/11\/obtego-768x288.jpg 768w, https:\/\/witan-posadzki.pl\/wp-content\/uploads\/2022\/11\/obtego-1536x576.jpg 1536w, https:\/\/witan-posadzki.pl\/wp-content\/uploads\/2022\/11\/obtego-2048x768.jpg 2048w\" sizes=\"(max-width: 2560px) 100vw, 2560px\" \/><\/div>\n\t\t<\/figure>\n\t<\/div>\n<\/div><\/div><\/div><\/div><div class=\"vc_row wpb_row vc_row-fluid\"><div class=\"wpb_column vc_column_container vc_col-sm-4\"><div class=\"vc_column-inner\"><div class=\"wpb_wrapper\">\n\t<div  class=\"wpb_single_image wpb_content_element vc_align_center\">\n\t\t\n\t\t<figure class=\"wpb_wrapper vc_figure\">\n\t\t\t<a href=\"https:\/\/sklep.witan-posadzki.pl\/pl\/c\/Dr.-Schutz\/1993\" target=\"_self\" class=\"vc_single_image-wrapper   vc_box_border_grey\"><img decoding=\"async\" width=\"150\" height=\"150\" src=\"https:\/\/witan-posadzki.pl\/wp-content\/uploads\/2020\/07\/Dr.-schutz-1-150x150.jpg\" class=\"vc_single_image-img attachment-thumbnail\" alt=\"\" srcset=\"https:\/\/witan-posadzki.pl\/wp-content\/uploads\/2020\/07\/Dr.-schutz-1-150x150.jpg 150w, https:\/\/witan-posadzki.pl\/wp-content\/uploads\/2020\/07\/Dr.-schutz-1.jpg 250w\" sizes=\"(max-width: 150px) 100vw, 150px\" \/><\/a>\n\t\t<\/figure>\n\t<\/div>\n\n\t<div class=\"wpb_text_column wpb_content_element\" >\n\t\t<div class=\"wpb_wrapper\">\n\t\t\t<p style=\"text-align: center;\">Dr. Schutz<\/p>\n\n\t\t<\/div>\n\t<\/div>\n<\/div><\/div><\/div><div class=\"wpb_column vc_column_container vc_col-sm-4\"><div class=\"vc_column-inner\"><div class=\"wpb_wrapper\">\n\t<div  class=\"wpb_single_image wpb_content_element vc_align_center\">\n\t\t\n\t\t<figure class=\"wpb_wrapper vc_figure\">\n\t\t\t<a href=\"https:\/\/sklep.witan-posadzki.pl\/pl\/c\/Uzin\/1559\" target=\"_self\" class=\"vc_single_image-wrapper   vc_box_border_grey\"><img decoding=\"async\" width=\"150\" height=\"150\" src=\"https:\/\/witan-posadzki.pl\/wp-content\/uploads\/2020\/07\/uzin-utz-1-150x150.jpg\" class=\"vc_single_image-img attachment-thumbnail\" alt=\"\" srcset=\"https:\/\/witan-posadzki.pl\/wp-content\/uploads\/2020\/07\/uzin-utz-1-150x150.jpg 150w, https:\/\/witan-posadzki.pl\/wp-content\/uploads\/2020\/07\/uzin-utz-1.jpg 250w\" sizes=\"(max-width: 150px) 100vw, 150px\" \/><\/a>\n\t\t<\/figure>\n\t<\/div>\n\n\t<div class=\"wpb_text_column wpb_content_element\" >\n\t\t<div class=\"wpb_wrapper\">\n\t\t\t<p style=\"text-align: center;\">Uzin<\/p>\n\n\t\t<\/div>\n\t<\/div>\n<\/div><\/div><\/div><div class=\"wpb_column vc_column_container vc_col-sm-4\"><div class=\"vc_column-inner\"><div class=\"wpb_wrapper\">\n\t<div  class=\"wpb_single_image wpb_content_element vc_align_center\">\n\t\t\n\t\t<figure class=\"wpb_wrapper vc_figure\">\n\t\t\t<a href=\"https:\/\/sklep.witan-posadzki.pl\/pl\/c\/Obtego\/1995\" target=\"_self\" class=\"vc_single_image-wrapper   vc_box_border_grey\"><img loading=\"lazy\" decoding=\"async\" width=\"150\" height=\"150\" src=\"https:\/\/witan-posadzki.pl\/wp-content\/uploads\/2022\/05\/obtego-logo-150x150.jpg\" class=\"vc_single_image-img attachment-thumbnail\" alt=\"\" \/><\/a>\n\t\t<\/figure>\n\t<\/div>\n\n\t<div class=\"wpb_text_column wpb_content_element\" >\n\t\t<div class=\"wpb_wrapper\">\n\t\t\t<p style=\"text-align: center;\">Obtego<\/p>\n\n\t\t<\/div>\n\t<\/div>\n<\/div><\/div><\/div><\/div><div class=\"vc_row wpb_row vc_row-fluid vc_custom_1487750603374 vc_row-has-fill\"><div class=\"wpb_column vc_column_container vc_col-sm-6\"><div class=\"vc_column-inner\"><div class=\"wpb_wrapper\">\n\t<div class=\"wpb_text_column wpb_content_element  vc_custom_1484203564036\" >\n\t\t<div class=\"wpb_wrapper\">\n\t\t\t<p><b>ZADZWO\u0143 DO NASZEGO SPECJALISTY!<\/b><\/p>\n\n\t\t<\/div>\n\t<\/div>\n\n<div class=\"wpcf7 no-js\" id=\"wpcf7-f932-o1\" lang=\"pl-PL\" dir=\"ltr\" data-wpcf7-id=\"932\">\n<div class=\"screen-reader-response\"><p role=\"status\" aria-live=\"polite\" aria-atomic=\"true\"><\/p> <ul><\/ul><\/div>\n<form action=\"\/en\/wp-json\/wp\/v2\/pages\/4980#wpcf7-f932-o1\" method=\"post\" class=\"wpcf7-form init\" aria-label=\"Formularz kontaktowy\" novalidate=\"novalidate\" data-status=\"init\" data-trp-original-action=\"\/en\/wp-json\/wp\/v2\/pages\/4980#wpcf7-f932-o1\">\n<fieldset class=\"hidden-fields-container\"><input type=\"hidden\" name=\"_wpcf7\" value=\"932\" \/><input type=\"hidden\" name=\"_wpcf7_version\" value=\"6.1.5\" \/><input type=\"hidden\" name=\"_wpcf7_locale\" value=\"pl_PL\" \/><input type=\"hidden\" name=\"_wpcf7_unit_tag\" value=\"wpcf7-f932-o1\" \/><input type=\"hidden\" name=\"_wpcf7_container_post\" value=\"0\" \/><input type=\"hidden\" name=\"_wpcf7_posted_data_hash\" value=\"\" \/>\n<\/fieldset>\n<div class=\"wpcf7-turnstile cf-turnstile\" data-sitekey=\"0x4AAAAAADF6c2OsYbQfhETe\" data-response-field-name=\"_wpcf7_turnstile_response\"><\/div>\n\n<p>Imi\u0119 i nazwisko (wymagane)\n<\/p>\n<p><span class=\"wpcf7-form-control-wrap\" data-name=\"text-513\"><input size=\"40\" maxlength=\"400\" class=\"wpcf7-form-control wpcf7-text wpcf7-validates-as-required\" aria-required=\"true\" aria-invalid=\"false\" placeholder=\"\" value=\"\" type=\"text\" name=\"text-513\" \/><\/span>\n<\/p>\n<p>Telefon (wymagane)\n<\/p>\n<p><span class=\"wpcf7-form-control-wrap\" data-name=\"tel-883\"><input size=\"40\" maxlength=\"400\" class=\"wpcf7-form-control wpcf7-tel wpcf7-validates-as-required wpcf7-text wpcf7-validates-as-tel\" aria-required=\"true\" aria-invalid=\"false\" placeholder=\"\" value=\"\" type=\"tel\" name=\"tel-883\" \/><\/span>\n<\/p>\n<p><input class=\"wpcf7-form-control wpcf7-submit has-spinner\" type=\"submit\" value=\"Wy\u015blij\" \/>\n<\/p><div class=\"wpcf7-response-output\" aria-hidden=\"true\"><\/div>\n<input type=\"hidden\" name=\"trp-form-language\" value=\"en\"\/><\/form>\n<\/div>\n<\/div><\/div><\/div><div class=\"wpb_column vc_column_container vc_col-sm-6\"><div class=\"vc_column-inner\"><div class=\"wpb_wrapper\">\n\t<div  class=\"wpb_single_image wpb_content_element vc_align_right\">\n\t\t\n\t\t<figure class=\"wpb_wrapper vc_figure\">\n\t\t\t<div class=\"vc_single_image-wrapper   vc_box_border_grey\"><img loading=\"lazy\" decoding=\"async\" width=\"300\" height=\"300\" src=\"https:\/\/witan-posadzki.pl\/wp-content\/uploads\/2016\/02\/2-300x300.jpg\" class=\"vc_single_image-img attachment-medium\" alt=\"2\" srcset=\"https:\/\/witan-posadzki.pl\/wp-content\/uploads\/2016\/02\/2-300x300.jpg 300w, https:\/\/witan-posadzki.pl\/wp-content\/uploads\/2016\/02\/2-100x100.jpg 100w, https:\/\/witan-posadzki.pl\/wp-content\/uploads\/2016\/02\/2-600x600.jpg 600w, https:\/\/witan-posadzki.pl\/wp-content\/uploads\/2016\/02\/2-150x150.jpg 150w, https:\/\/witan-posadzki.pl\/wp-content\/uploads\/2016\/02\/2-768x768.jpg 768w, https:\/\/witan-posadzki.pl\/wp-content\/uploads\/2016\/02\/2-480x480.jpg 480w, https:\/\/witan-posadzki.pl\/wp-content\/uploads\/2016\/02\/2.jpg 800w\" sizes=\"(max-width: 300px) 100vw, 300px\" \/><\/div>\n\t\t<\/figure>\n\t<\/div>\n\n\t<div class=\"wpb_text_column wpb_content_element\" >\n\t\t<div class=\"wpb_wrapper\">\n\t\t\t<p style=\"text-align: right;\"><strong>Andrzej T\u0105ta | Doradca techniczny klienta<\/strong><br \/>\ntel: <a href=\"tel:660 062 405\">660 062 405<\/a><\/p>\n\n\t\t<\/div>\n\t<\/div>\n<\/div><\/div><\/div><\/div>","protected":false},"excerpt":{"rendered":"<a class=\"readmore-button\" href=\"https:\/\/witan-posadzki.pl\/en\/chemia-czyszczenie-i-pielegnacja\/\">Czytaj wi\u0119cej...<\/a>","protected":false},"author":7,"featured_media":15035,"parent":0,"menu_order":0,"comment_status":"closed","ping_status":"closed","template":"page-fullwidth.php","meta":{"_acf_changed":false,"footnotes":"","_links_to":"","_links_to_target":""},"class_list":["post-4980","page","type-page","status-publish","has-post-thumbnail","hentry"],"acf":[],"jetpack_sharing_enabled":true,"jetpack_shortlink":"https:\/\/wp.me\/P9mMf8-1ik","_links":{"self":[{"href":"https:\/\/witan-posadzki.pl\/en\/wp-json\/wp\/v2\/pages\/4980","targetHints":{"allow":["GET"]}}],"collection":[{"href":"https:\/\/witan-posadzki.pl\/en\/wp-json\/wp\/v2\/pages"}],"about":[{"href":"https:\/\/witan-posadzki.pl\/en\/wp-json\/wp\/v2\/types\/page"}],"author":[{"embeddable":true,"href":"https:\/\/witan-posadzki.pl\/en\/wp-json\/wp\/v2\/users\/7"}],"replies":[{"embeddable":true,"href":"https:\/\/witan-posadzki.pl\/en\/wp-json\/wp\/v2\/comments?post=4980"}],"version-history":[{"count":17,"href":"https:\/\/witan-posadzki.pl\/en\/wp-json\/wp\/v2\/pages\/4980\/revisions"}],"predecessor-version":[{"id":15365,"href":"https:\/\/witan-posadzki.pl\/en\/wp-json\/wp\/v2\/pages\/4980\/revisions\/15365"}],"wp:featuredmedia":[{"embeddable":true,"href":"https:\/\/witan-posadzki.pl\/en\/wp-json\/wp\/v2\/media\/15035"}],"wp:attachment":[{"href":"https:\/\/witan-posadzki.pl\/en\/wp-json\/wp\/v2\/media?parent=4980"}],"curies":[{"name":"wp","href":"https:\/\/api.w.org\/{rel}","templated":true}]}}